{"id":4564,"date":"2025-09-17T10:59:50","date_gmt":"2025-09-17T08:59:50","guid":{"rendered":"https:\/\/boreait.com\/hu\/?post_type=product&#038;p=4564"},"modified":"2025-09-17T11:00:45","modified_gmt":"2025-09-17T09:00:45","slug":"uj-billentyuzet-a-hp-probook-650-g4-655-g4-650-g5-keszulekhez-nem-hattervilagitassal","status":"publish","type":"product","link":"https:\/\/boreait.com\/hu\/termek\/uj-billentyuzet-a-hp-probook-650-g4-655-g4-650-g5-keszulekhez-nem-hattervilagitassal\/","title":{"rendered":"\u00daj billenty\u0171zet a HP ProBook 650 G4 655 G4 650 G5 k\u00e9sz\u00fcl\u00e9khez \u2013 nem h\u00e1tt\u00e9rvil\u00e1g\u00edt\u00e1ssal"},"content":{"rendered":"<p>Fejlessze fel HP ProBook 650 G4, 655 G4 vagy 650 G5 laptopj\u00e1t ezzel a vadonat\u00faj, nem h\u00e1tt\u00e9rvil\u00e1g\u00edt\u00e1s\u00fa billenty\u0171zettel. Ez a billenty\u0171zet t\u00f6bbf\u00e9le cikksz\u00e1mmal \u00e9s kioszt\u00e1ssal kompatibilis, bele\u00e9rtve a cseh\/szlov\u00e1k nyelvet is. Megb\u00edzhat\u00f3 teljes\u00edtm\u00e9nyt ny\u00fajt \u00e9s k\u00f6nnyen telep\u00edthet\u0151.<\/p>\n<p><strong>Kompatibilis cikksz\u00e1mok:<\/strong><\/p>\n<ul>\n<li>L09594-FL1<\/li>\n<li>SG-87820-59A<\/li>\n<li>L00740-FL1<\/li>\n<li>6037B0133834<\/li>\n<li>L00740-051<\/li>\n<li>L09594-051<\/li>\n<li>L51009-041<\/li>\n<li>L09595-001<\/li>\n<li>L09593-001<\/li>\n<li>L00741-001<\/li>\n<li>6037B0134101<\/li>\n<li>6037B0134201<\/li>\n<li>L51009-001<\/li>\n<li>L62786-001<\/li>\n<li>6037B0153701<\/li>\n<li>L09593-001<\/li>\n<li>SN9171<\/li>\n<li>SH-87820-2FA<\/li>\n<li>6037B0133805<\/li>\n<\/ul>\n<p><strong>F\u0151bb jellemz\u0151k:<\/strong><\/p>\n<ul>\n<li><strong>Kompatibilit\u00e1s:<\/strong> Ez a billenty\u0171zet kompatibilis a HP ProBook 650 G4, 655 G4 \u00e9s 650 G5 laptopokkal, k\u00fcl\u00f6nf\u00e9le cikksz\u00e1mokkal \u00e9s elrendez\u00e9sekkel a sokoldal\u00fas\u00e1g \u00e9rdek\u00e9ben.<\/li>\n<li><strong>Cseh\/szlov\u00e1k elrendez\u00e9s:<\/strong> A cseh\/szlov\u00e1k billenty\u0171zetkioszt\u00e1snak k\u00f6sz\u00f6nhet\u0151en ez a billenty\u0171zet t\u00f6k\u00e9letes az ezekben a r\u00e9gi\u00f3kban \u00e9l\u0151 felhaszn\u00e1l\u00f3k sz\u00e1m\u00e1ra, de teljesen kompatibilis m\u00e1s elrendez\u00e9sekkel \u00e9s orsz\u00e1gokkal is.<\/li>\n<li><strong>Nem h\u00e1tt\u00e9rvil\u00e1g\u00edt\u00e1s:<\/strong> Ez a billenty\u0171zet nem h\u00e1tt\u00e9rvil\u00e1g\u00edt\u00e1ssal rendelkezik, amint az a list\u00e1r\u00f3l k\u00e9sz\u00fclt fot\u00f3n is l\u00e1that\u00f3. Norm\u00e1l, h\u00e1tt\u00e9rvil\u00e1g\u00edt\u00e1s n\u00e9lk\u00fcli g\u00e9pel\u00e9shez tervezt\u00e9k.<\/li>\n<li><strong>vadonat\u00faj:<\/strong> ez a billenty\u0171zet vadonat\u00faj, \u00e9s az \u00faj billenty\u0171zett\u0151l elv\u00e1rt min\u0151s\u00e9get \u00e9s teljes\u00edtm\u00e9nyt ny\u00fajtja.<\/li>\n<li><strong>Egyszer\u0171 telep\u00edt\u00e9s:<\/strong> A laptop billenty\u0171zet\u00e9nek cser\u00e9je egyszer\u0171, \u00e9s nem ig\u00e9nyel halad\u00f3 m\u0171szaki ismereteket. K\u00e9r\u00e9sre r\u00e9szletes \u00fatmutat\u00e1st adunk.<\/li>\n<\/ul>\n<p>Friss\u00edtse HP ProBook laptopj\u00e1t ezzel a sokoldal\u00fa, \u00faj, h\u00e1tt\u00e9rvil\u00e1g\u00edt\u00e1s n\u00e9lk\u00fcli billenty\u0171zettel, amely kompatibilis a k\u00fcl\u00f6nf\u00e9le cikksz\u00e1mokkal \u00e9s elrendez\u00e9sekkel, bele\u00e9rtve a cseh\/szlov\u00e1k nyelvet is. \u00c9lvezze a megb\u00edzhat\u00f3 teljes\u00edtm\u00e9nyt \u00e9s az egyszer\u0171 telep\u00edt\u00e9st.<\/p>\n<p>Ha t\u00f6bb list\u00e1zand\u00f3 term\u00e9ke van, vagy tov\u00e1bbi inform\u00e1ci\u00f3ra van sz\u00fcks\u00e9ge, k\u00e9rj\u00fck, tudassa velem, \u00e9s a tov\u00e1bbiakban is seg\u00edtek.<\/p>\n","protected":false},"excerpt":{"rendered":"<p>Friss\u00edtse HP ProBook 650 G4, 655 G4 vagy 650 G5 laptopj\u00e1t ezzel az \u00faj, h\u00e1tt\u00e9rvil\u00e1g\u00edt\u00e1s n\u00e9lk\u00fcli billenty\u0171zettel. T\u00f6bb cikksz\u00e1mmal \u00e9s elrendez\u00e9ssel kompatibilis, bele\u00e9rtve a cseh\/szlov\u00e1k nyelvet is. Megb\u00edzhat\u00f3 teljes\u00edtm\u00e9ny \u00e9s egyszer\u0171 telep\u00edt\u00e9s.<\/p>\n","protected":false},"featured_media":4601,"template":"","meta":[],"product_brand":[],"product_cat":[35],"product_tag":[25],"class_list":{"0":"post-4564","1":"product","2":"type-product","3":"status-publish","4":"has-post-thumbnail","6":"product_cat-laptop-keyboard","7":"product_tag-hp","9":"first","10":"instock","11":"taxable","12":"shipping-taxable","13":"purchasable","14":"product-type-simple"},"_links":{"self":[{"href":"https:\/\/boreait.com\/hu\/wp-json\/wp\/v2\/product\/4564","targetHints":{"allow":["GET"]}}],"collection":[{"href":"https:\/\/boreait.com\/hu\/wp-json\/wp\/v2\/product"}],"about":[{"href":"https:\/\/boreait.com\/hu\/wp-json\/wp\/v2\/types\/product"}],"wp:featuredmedia":[{"embeddable":true,"href":"https:\/\/boreait.com\/hu\/wp-json\/wp\/v2\/media\/4601"}],"wp:attachment":[{"href":"https:\/\/boreait.com\/hu\/wp-json\/wp\/v2\/media?parent=4564"}],"wp:term":[{"taxonomy":"product_brand","embeddable":true,"href":"https:\/\/boreait.com\/hu\/wp-json\/wp\/v2\/product_brand?post=4564"},{"taxonomy":"product_cat","embeddable":true,"href":"https:\/\/boreait.com\/hu\/wp-json\/wp\/v2\/product_cat?post=4564"},{"taxonomy":"product_tag","embeddable":true,"href":"https:\/\/boreait.com\/hu\/wp-json\/wp\/v2\/product_tag?post=4564"}],"curies":[{"name":"wp","href":"https:\/\/api.w.org\/{rel}","templated":true}]}}