{"id":4563,"date":"2025-09-17T10:59:50","date_gmt":"2025-09-17T08:59:50","guid":{"rendered":"https:\/\/boreait.com\/hu\/?post_type=product&#038;p=4563"},"modified":"2026-02-07T10:38:22","modified_gmt":"2026-02-07T09:38:22","slug":"hasznalt-billentyuzet-a-hp-probook-650-g4-655-g4-650-g5-keszulekhez-azerty-elrendezes-nem-hattervilagitassal-tobb-kompatibilis-alkatreszszam","status":"publish","type":"product","link":"https:\/\/boreait.com\/hu\/termek\/hasznalt-billentyuzet-a-hp-probook-650-g4-655-g4-650-g5-keszulekhez-azerty-elrendezes-nem-hattervilagitassal-tobb-kompatibilis-alkatreszszam\/","title":{"rendered":"Haszn\u00e1lt billenty\u0171zet a HP ProBook 650 G4 655 G4 650 G5 k\u00e9sz\u00fcl\u00e9khez &#8211; AZERTY elrendez\u00e9s &#8211; Nem h\u00e1tt\u00e9rvil\u00e1g\u00edt\u00e1ssal &#8211; T\u00f6bb kompatibilis alkatr\u00e9szsz\u00e1m"},"content":{"rendered":"<p>Fejlessze fel HP ProBook 650 G4, 655 G4 vagy 650 G5 laptopj\u00e1t ezzel a haszn\u00e1lt AZERTY elrendez\u00e9s\u0171 billenty\u0171zettel. Ez a billenty\u0171zet t\u00f6bb cikksz\u00e1mmal is kompatibilis, \u00edgy sokoldal\u00fa \u00e9s alkalmas k\u00fcl\u00f6nf\u00e9le HP ProBook modellekhez. K\u00e9rj\u00fck, vegye figyelembe, hogy ezek haszn\u00e1lt billenty\u0171zetek, de a min\u0151s\u00e9g megegyezik a list\u00e1s fot\u00f3n l\u00e1that\u00f3val, vagy jobb ann\u00e1l.<\/p>\n<p><strong>Kompatibilis cikksz\u00e1mok:<\/strong><\/p>\n<ul>\n<li>L00740-051<\/li>\n<li>L09594-051<\/li>\n<li>L51009-041<\/li>\n<li>L09595-001<\/li>\n<li>L09593-001<\/li>\n<li>L00741-001<\/li>\n<li>6037B0134101<\/li>\n<li>6037B0134201<\/li>\n<li>L51009-001<\/li>\n<li>L62786-001<\/li>\n<li>6037B0153701<\/li>\n<li>L09593-001<\/li>\n<li>SN9171<\/li>\n<li>SH-87820-2FA<\/li>\n<li>6037B0133805<\/li>\n<\/ul>\n<p><strong>F\u0151bb jellemz\u0151k:<\/strong><\/p>\n<ul>\n<li><strong>Kompatibilit\u00e1s:<\/strong> Ez a billenty\u0171zet kompatibilis a HP ProBook 650 G4, 655 G4 \u00e9s 650 G5 laptopokkal, k\u00fcl\u00f6nf\u00e9le cikksz\u00e1mokkal a sokoldal\u00fas\u00e1g \u00e9rdek\u00e9ben.<\/li>\n<li><strong>AZERTY elrendez\u00e9s:<\/strong> Az AZERTY elrendez\u00e9s\u0171 billenty\u0171zet t\u00f6k\u00e9letes a franci\u00e1ul besz\u00e9l\u0151 felhaszn\u00e1l\u00f3k sz\u00e1m\u00e1ra, de kompatibilis m\u00e1s nyelvekkel \u00e9s elrendez\u00e9sekkel is.<\/li>\n<li><strong>Nem h\u00e1tt\u00e9rvil\u00e1g\u00edt\u00e1s:<\/strong> Ez a billenty\u0171zet nem h\u00e1tt\u00e9rvil\u00e1g\u00edt\u00e1ssal rendelkezik, amint az a list\u00e1r\u00f3l k\u00e9sz\u00fclt fot\u00f3n is l\u00e1that\u00f3. Norm\u00e1l, h\u00e1tt\u00e9rvil\u00e1g\u00edt\u00e1s n\u00e9lk\u00fcli g\u00e9pel\u00e9shez tervezt\u00e9k.<\/li>\n<li><strong>Min\u0151s\u00e9gbiztos\u00edt\u00e1s:<\/strong> A haszn\u00e1lat ellen\u00e9re ezek a billenty\u0171zetek teljes\u00edtm\u00e9nye \u00e9s min\u0151s\u00e9ge megegyezik a list\u00e1n szerepl\u0151 k\u00e9pen l\u00e1that\u00f3val, vagy jobb ann\u00e1l.<\/li>\n<li><strong>Egyszer\u0171 telep\u00edt\u00e9s:<\/strong> A laptop billenty\u0171zet\u00e9nek cser\u00e9je egyszer\u0171, \u00e9s nem ig\u00e9nyel halad\u00f3 m\u0171szaki ismereteket. K\u00e9r\u00e9sre r\u00e9szletes \u00fatmutat\u00e1st adunk.<\/li>\n<\/ul>\n<p>Friss\u00edtse HP ProBook laptopj\u00e1t ezzel a sokoldal\u00faan haszn\u00e1lhat\u00f3 AZERTY elrendez\u00e9s\u0171 billenty\u0171zettel, amely t\u00f6bb cikksz\u00e1mmal is kompatibilis. Ak\u00e1r cser\u00e9re van sz\u00fcks\u00e9ge, ak\u00e1r m\u00f3dos\u00edtani szeretn\u00e9 az elrendez\u00e9st, ez a h\u00e1tt\u00e9rvil\u00e1g\u00edt\u00e1s n\u00e9lk\u00fcli billenty\u0171zet megb\u00edzhat\u00f3 teljes\u00edtm\u00e9nyt ny\u00fajt.<\/p>\n<p>Ha t\u00f6bb list\u00e1zand\u00f3 term\u00e9ke van, vagy tov\u00e1bbi inform\u00e1ci\u00f3ra van sz\u00fcks\u00e9ge, k\u00e9rj\u00fck, tudassa velem, \u00e9s a tov\u00e1bbiakban is seg\u00edtek.<\/p>\n","protected":false},"excerpt":{"rendered":"<p>Friss\u00edtse HP ProBook 650 G4, 655 G4 vagy 650 G5 laptopj\u00e1t ezzel a haszn\u00e1lt AZERTY elrendez\u00e9s\u0171 billenty\u0171zettel. K\u00fcl\u00f6nb\u00f6z\u0151 cikksz\u00e1mokkal kompatibilis, min\u0151s\u00e9gi teljes\u00edtm\u00e9nyt ny\u00fajt, \u00e9s nem h\u00e1tt\u00e9rvil\u00e1g\u00edt\u00e1s\u00fa, ahogy a k\u00e9pen is l\u00e1that\u00f3.<\/p>\n","protected":false},"featured_media":4598,"template":"","meta":[],"product_brand":[],"product_cat":[35],"product_tag":[25],"class_list":{"0":"post-4563","1":"product","2":"type-product","3":"status-publish","4":"has-post-thumbnail","6":"product_cat-laptop-keyboard","7":"product_tag-hp","9":"first","10":"instock","11":"taxable","12":"shipping-taxable","13":"purchasable","14":"product-type-simple"},"_links":{"self":[{"href":"https:\/\/boreait.com\/hu\/wp-json\/wp\/v2\/product\/4563","targetHints":{"allow":["GET"]}}],"collection":[{"href":"https:\/\/boreait.com\/hu\/wp-json\/wp\/v2\/product"}],"about":[{"href":"https:\/\/boreait.com\/hu\/wp-json\/wp\/v2\/types\/product"}],"wp:featuredmedia":[{"embeddable":true,"href":"https:\/\/boreait.com\/hu\/wp-json\/wp\/v2\/media\/4598"}],"wp:attachment":[{"href":"https:\/\/boreait.com\/hu\/wp-json\/wp\/v2\/media?parent=4563"}],"wp:term":[{"taxonomy":"product_brand","embeddable":true,"href":"https:\/\/boreait.com\/hu\/wp-json\/wp\/v2\/product_brand?post=4563"},{"taxonomy":"product_cat","embeddable":true,"href":"https:\/\/boreait.com\/hu\/wp-json\/wp\/v2\/product_cat?post=4563"},{"taxonomy":"product_tag","embeddable":true,"href":"https:\/\/boreait.com\/hu\/wp-json\/wp\/v2\/product_tag?post=4563"}],"curies":[{"name":"wp","href":"https:\/\/api.w.org\/{rel}","templated":true}]}}