{"id":4561,"date":"2025-09-17T10:59:50","date_gmt":"2025-09-17T08:59:50","guid":{"rendered":"https:\/\/boreait.com\/hu\/?post_type=product&#038;p=4561"},"modified":"2025-09-17T11:00:30","modified_gmt":"2025-09-17T09:00:30","slug":"zsanertarto-keszlet-lenovo-ideapad-g700-13n0-b5m0101-13n0-kivalo-minosegu-csere","status":"publish","type":"product","link":"https:\/\/boreait.com\/hu\/termek\/zsanertarto-keszlet-lenovo-ideapad-g700-13n0-b5m0101-13n0-kivalo-minosegu-csere\/","title":{"rendered":"Zsan\u00e9rtart\u00f3 k\u00e9szlet Lenovo IdeaPad G700 13N0-B5M0101 13N0- Kiv\u00e1l\u00f3 min\u0151s\u00e9g\u0171 csere"},"content":{"rendered":"<p>Fektessen be Lenovo IdeaPad G700 hossz\u00fa \u00e9lettartam\u00e1ba \u00e9s stabilit\u00e1s\u00e1ba a zsan\u00e9rtart\u00f3 k\u00e9szlettel. Ez a k\u00e9szlet apr\u00f3l\u00e9kosan kidolgozott, hogy megb\u00edzhat\u00f3an helyettes\u00edtse laptopja zsan\u00e9rtart\u00f3it, biztos\u00edtva a k\u00e9perny\u0151 z\u00f6kken\u0151mentes nyit\u00e1s\u00e1t \u00e9s z\u00e1r\u00e1s\u00e1t.<\/p>\n<p>F\u0151bb jellemz\u0151k:<\/p>\n<ul>\n<li>Kiv\u00e1l\u00f3 min\u0151s\u00e9g\u0171 cserep\u00e1ntok tart\u00f3k\u00e9szlet<\/li>\n<li>Kompatibilis a Lenovo IdeaPad G700 modellekkel<\/li>\n<li>Alkatr\u00e9szsz\u00e1mok: 13N0-B5M0101 \u00e9s 13N0-<\/li>\n<li>Tart\u00f3s \u00e9s prec\u00edz kivitel\u0171<\/li>\n<\/ul>\n<p>Ak\u00e1r a laptop zsan\u00e9rtart\u00f3i meglazultak, megs\u00e9r\u00fcltek vagy elkoptak az id\u0151 m\u00fal\u00e1s\u00e1val, ezt a k\u00e9szletet \u00fagy tervezt\u00e9k, hogy helyre\u00e1ll\u00edtsa laptopja \u00e9ps\u00e9g\u00e9t. A legmagasabb min\u0151s\u00e9gi szabv\u00e1nyok szerint k\u00e9sz\u00fclt, \u00edgy megb\u00edzhat\u00f3 \u00e9s hossz\u00fa \u00e9lettartam\u00fa megold\u00e1st k\u00edn\u00e1l.<\/p>\n<p>K\u00e9rj\u00fck, vegye figyelembe, hogy ez az adatlap t\u00e9nyleges term\u00e9kfot\u00f3kat tartalmaz, \u00e9s nem tartalmaz telep\u00edt\u00e9si utas\u00edt\u00e1st. Ha tov\u00e1bbi inform\u00e1ci\u00f3ra vagy seg\u00edts\u00e9gre van sz\u00fcks\u00e9ge, k\u00e9rj\u00fck, ne habozzon kapcsolatba l\u00e9pni vel\u00fcnk. N\u00f6velje Lenovo IdeaPad G700 teljes\u00edtm\u00e9ny\u00e9t \u00e9s funkcionalit\u00e1s\u00e1t ezzel a csukl\u00f3p\u00e1ntos konzolk\u00e9szlettel.<\/p>\n","protected":false},"excerpt":{"rendered":"<p>Fokozza Lenovo IdeaPad G700 funkcionalit\u00e1s\u00e1t ezzel a kiv\u00e1l\u00f3 min\u0151s\u00e9g\u0171 zsan\u00e9rtart\u00f3 k\u00e9szlettel. Megb\u00edzhat\u00f3an helyettes\u00edti az eredeti alkatr\u00e9szt, \u00fagy tervezt\u00e9k, hogy biztos\u00edtsa laptopja zsan\u00e9rrendszer\u00e9nek megfelel\u0151 m\u0171k\u00f6d\u00e9s\u00e9t. Ez a prec\u00edzen kidolgozott k\u00e9szlet kompatibilis a 13N0-B5M0101 \u00e9s 13N0- cikksz\u00e1m\u00fa Lenovo IdeaPad G700 modellekkel.<\/p>\n","protected":false},"featured_media":4596,"template":"","meta":[],"product_brand":[],"product_cat":[19],"product_tag":[26],"class_list":{"0":"post-4561","1":"product","2":"type-product","3":"status-publish","4":"has-post-thumbnail","6":"product_cat-screen-hinge","7":"product_tag-lenovo","9":"first","10":"instock","11":"taxable","12":"shipping-taxable","13":"purchasable","14":"product-type-simple"},"_links":{"self":[{"href":"https:\/\/boreait.com\/hu\/wp-json\/wp\/v2\/product\/4561","targetHints":{"allow":["GET"]}}],"collection":[{"href":"https:\/\/boreait.com\/hu\/wp-json\/wp\/v2\/product"}],"about":[{"href":"https:\/\/boreait.com\/hu\/wp-json\/wp\/v2\/types\/product"}],"wp:featuredmedia":[{"embeddable":true,"href":"https:\/\/boreait.com\/hu\/wp-json\/wp\/v2\/media\/4596"}],"wp:attachment":[{"href":"https:\/\/boreait.com\/hu\/wp-json\/wp\/v2\/media?parent=4561"}],"wp:term":[{"taxonomy":"product_brand","embeddable":true,"href":"https:\/\/boreait.com\/hu\/wp-json\/wp\/v2\/product_brand?post=4561"},{"taxonomy":"product_cat","embeddable":true,"href":"https:\/\/boreait.com\/hu\/wp-json\/wp\/v2\/product_cat?post=4561"},{"taxonomy":"product_tag","embeddable":true,"href":"https:\/\/boreait.com\/hu\/wp-json\/wp\/v2\/product_tag?post=4561"}],"curies":[{"name":"wp","href":"https:\/\/api.w.org\/{rel}","templated":true}]}}