{"id":4535,"date":"2025-09-17T10:59:26","date_gmt":"2025-09-17T08:59:26","guid":{"rendered":"https:\/\/boreait.com\/hu\/?post_type=product&#038;p=4535"},"modified":"2025-09-17T10:59:58","modified_gmt":"2025-09-17T08:59:58","slug":"bekapcsologombos-kapcsolotabla-asus-t100t-t100chi-t100a-10-1-tablet-to-hoz","status":"publish","type":"product","link":"https:\/\/boreait.com\/hu\/termek\/bekapcsologombos-kapcsolotabla-asus-t100t-t100chi-t100a-10-1-tablet-to-hoz\/","title":{"rendered":"Bekapcsol\u00f3gombos kapcsol\u00f3t\u00e1bla ASUS T100T T100CHI T100A 10.1 Tablet TO-hoz"},"content":{"rendered":"<p>Fedezze fel a megold\u00e1st a bekapcsol\u00f3gombokkal kapcsolatos probl\u00e9m\u00e1kra az ASUS T100T, T100CHI \u00e9s T100A 10,1&#8243;-es t\u00e1blag\u00e9pekhez tervezett bekapcsol\u00f3gomb-kapcsol\u00f3k\u00e1rty\u00e1val. Ha a t\u00e1blag\u00e9p bekapcsol\u00f3gombja nem reag\u00e1l vagy hib\u00e1san m\u0171k\u00f6dik, ez a cserealkatr\u00e9sz a kulcsa a teljes funkcionalit\u00e1s helyre\u00e1ll\u00edt\u00e1s\u00e1hoz.<\/p>\n<p>F\u0151bb jellemz\u0151k:<\/p>\n<ul>\n<li>Kompatibilis az ASUS T100T, T100CHI \u00e9s T100A 10,1 h\u00fcvelykes t\u00e1blag\u00e9pekkel.<\/li>\n<li>Vissza\u00e1ll\u00edtja a bekapcsol\u00f3gomb m\u0171k\u00f6d\u00e9s\u00e9t.<\/li>\n<li>Kiv\u00e1l\u00f3 min\u0151s\u00e9g\u0171, megb\u00edzhat\u00f3 cserealkatr\u00e9sz.<\/li>\n<\/ul>\n<p>Ak\u00e1r munk\u00e1ra, ak\u00e1r szabadid\u0151re haszn\u00e1lja t\u00e1blag\u00e9p\u00e9t, elengedhetetlen a m\u0171k\u00f6d\u0151 bekapcsol\u00f3gomb. Ezzel a kapcsol\u00f3t\u00e1bl\u00e1val sz\u00fcks\u00e9g szerint, minden kellemetlens\u00e9g n\u00e9lk\u00fcl be- \u00e9s kikapcsolhatja k\u00e9sz\u00fcl\u00e9k\u00e9t.<\/p>\n<p>K\u00e9rj\u00fck, vegye figyelembe, hogy ez a lista val\u00f3s f\u00e9nyk\u00e9peket tartalmaz az ASUS T100T, T100CHI \u00e9s T100A 10,1&#8243;-es t\u00e1blag\u00e9pekhez k\u00e9sz\u00fclt bekapcsol\u00f3gomb kapcsol\u00f3k\u00e1rty\u00e1j\u00e1r\u00f3l. Ha b\u00e1rmilyen k\u00e9rd\u00e9se van, vagy tov\u00e1bbi inform\u00e1ci\u00f3ra van sz\u00fcks\u00e9ge, ne habozzon kapcsolatba l\u00e9pni vel\u00fcnk. Tartsa ASUS t\u00e1blag\u00e9p\u00e9t kiv\u00e1l\u00f3an m\u0171k\u00f6d\u0151k\u00e9pes \u00e1llapotban ezzel a kiv\u00e1l\u00f3 min\u0151s\u00e9g\u0171 cserealkatr\u00e9szrel.<\/p>\n","protected":false},"excerpt":{"rendered":"<p>Fokozza ASUS t\u00e1blag\u00e9pe funkcionalit\u00e1s\u00e1t az ASUS T100T, T100CHI \u00e9s T100A 10,1&#8243;-es t\u00e1blag\u00e9pekhez tervezett bekapcsol\u00f3gombos kapcsol\u00f3t\u00e1bl\u00e1val. Ez a cserealkatr\u00e9sz biztos\u00edtja, hogy a t\u00e1blag\u00e9p bekapcsol\u00f3gombja z\u00f6kken\u0151mentesen m\u0171k\u00f6dj\u00f6n, lehet\u0151v\u00e9 t\u00e9ve az eszk\u00f6z probl\u00e9mamentes be- \u00e9s kikapcsol\u00e1s\u00e1t. Tartsa t\u00e1blag\u00e9p\u00e9t optim\u00e1lis m\u0171k\u00f6d\u00e9si \u00e1llapotban ezzel a kiv\u00e1l\u00f3 min\u0151s\u00e9g\u0171 kapcsol\u00f3t\u00e1bl\u00e1val.<\/p>\n","protected":false},"featured_media":4579,"template":"","meta":[],"product_brand":[],"product_cat":[27],"product_tag":[30],"class_list":{"0":"post-4535","1":"product","2":"type-product","3":"status-publish","4":"has-post-thumbnail","6":"product_cat-motherboards-board-parts","7":"product_tag-asus","9":"first","10":"instock","11":"taxable","12":"shipping-taxable","13":"purchasable","14":"product-type-simple"},"_links":{"self":[{"href":"https:\/\/boreait.com\/hu\/wp-json\/wp\/v2\/product\/4535","targetHints":{"allow":["GET"]}}],"collection":[{"href":"https:\/\/boreait.com\/hu\/wp-json\/wp\/v2\/product"}],"about":[{"href":"https:\/\/boreait.com\/hu\/wp-json\/wp\/v2\/types\/product"}],"wp:featuredmedia":[{"embeddable":true,"href":"https:\/\/boreait.com\/hu\/wp-json\/wp\/v2\/media\/4579"}],"wp:attachment":[{"href":"https:\/\/boreait.com\/hu\/wp-json\/wp\/v2\/media?parent=4535"}],"wp:term":[{"taxonomy":"product_brand","embeddable":true,"href":"https:\/\/boreait.com\/hu\/wp-json\/wp\/v2\/product_brand?post=4535"},{"taxonomy":"product_cat","embeddable":true,"href":"https:\/\/boreait.com\/hu\/wp-json\/wp\/v2\/product_cat?post=4535"},{"taxonomy":"product_tag","embeddable":true,"href":"https:\/\/boreait.com\/hu\/wp-json\/wp\/v2\/product_tag?post=4535"}],"curies":[{"name":"wp","href":"https:\/\/api.w.org\/{rel}","templated":true}]}}