{"id":4533,"date":"2025-09-17T10:59:26","date_gmt":"2025-09-17T08:59:26","guid":{"rendered":"https:\/\/boreait.com\/hu\/?post_type=product&#038;p=4533"},"modified":"2025-09-17T10:59:56","modified_gmt":"2025-09-17T08:59:56","slug":"1205c-bovitokartya-1205c-tp-rev1-1g-asus-1205c-laptophoz-erintopad-gombkartya","status":"publish","type":"product","link":"https:\/\/boreait.com\/hu\/termek\/1205c-bovitokartya-1205c-tp-rev1-1g-asus-1205c-laptophoz-erintopad-gombkartya\/","title":{"rendered":"1205C b\u0151v\u00edt\u0151k\u00e1rtya 1205C TP Rev1.1G Asus 1205C laptophoz &#8211; \u00c9rint\u0151pad gombk\u00e1rtya"},"content":{"rendered":"<p>Friss\u00edtse Asus 1205C laptopj\u00e1t az 1205C 1205C TP Rev:1.1G b\u0151v\u00edt\u0151k\u00e1rty\u00e1val, amely egy speci\u00e1lis \u00e9rint\u0151pad gombpanel, amelyet ehhez a laptopmodellhez terveztek.<\/p>\n<p>F\u0151bb jellemz\u0151k:<\/p>\n<ul>\n<li>Kompatibilit\u00e1s: Asus 1205C laptopokhoz tervezve<\/li>\n<li>Az \u00e9rint\u0151pad funkcionalit\u00e1sa: z\u00f6kken\u0151mentes \u00e9s megb\u00edzhat\u00f3 \u00e9rint\u0151pad m\u0171k\u00f6d\u00e9st biztos\u00edt<\/li>\n<li>Eredeti cserealkatr\u00e9sz: Ez egy eredeti, kiv\u00e1l\u00f3 min\u0151s\u00e9g\u0171 cserealkatr\u00e9sz<\/li>\n<\/ul>\n<p>Az \u00e9rint\u0151pad minden laptop kritikus eleme, \u00e9s megfelel\u0151 m\u0171k\u00f6d\u00e9se elengedhetetlen a z\u00f6kken\u0151mentes felhaszn\u00e1l\u00f3i \u00e9lm\u00e9nyhez. Ha probl\u00e9m\u00e1kat tapasztal az \u00e9rint\u0151paddal, vagy ki kell cser\u00e9lnie ezt az alkatr\u00e9szt, a 1205C 1205C TP Rev:1.1G b\u0151v\u00edt\u0151k\u00e1rtya az ide\u00e1lis megold\u00e1s. Ez egy eredeti cserealkatr\u00e9sz, amelyet \u00fagy terveztek, hogy megfeleljen Asus 1205C laptopja eredeti specifik\u00e1ci\u00f3inak.<\/p>\n<p>K\u00e9rj\u00fck, vegye figyelembe, hogy a lista val\u00f3s f\u00e9nyk\u00e9peket tartalmaz a 1205C 1205C TP Rev:1.1G b\u0151v\u00edt\u0151k\u00e1rty\u00e1r\u00f3l, \u00e9s nem tartalmazza a telep\u00edt\u00e9si utas\u00edt\u00e1sokat. Ha tov\u00e1bbi inform\u00e1ci\u00f3ra van sz\u00fcks\u00e9ge, vagy k\u00e9rd\u00e9se van, forduljon hozz\u00e1nk bizalommal. N\u00f6velje Asus 1205C laptopja \u00e9rint\u0151padj\u00e1nak teljes\u00edtm\u00e9ny\u00e9t ezzel a megb\u00edzhat\u00f3 \u00e9s hiteles \u00e9rint\u0151pad gombpanellel.<\/p>\n","protected":false},"excerpt":{"rendered":"<p>Fokozza Asus 1205C laptopja funkcionalit\u00e1s\u00e1t az 1205C 1205C TP Rev:1.1G b\u0151v\u00edt\u0151k\u00e1rty\u00e1val. Ez az \u00e9rint\u0151pad gombt\u00e1bla egy eredeti cserealkatr\u00e9sz, amelyet az Asus 1205C laptopmodellhez terveztek. Gondoskodik a laptop \u00e9rint\u0151padj\u00e1nak z\u00f6kken\u0151mentes m\u0171k\u00f6d\u00e9s\u00e9r\u0151l, \u00e9s elengedhetetlen \u00f6sszetev\u0151je a k\u00e9sz\u00fcl\u00e9k \u00e1ltal\u00e1nos haszn\u00e1lhat\u00f3s\u00e1g\u00e1nak meg\u0151rz\u00e9s\u00e9nek.<\/p>\n","protected":false},"featured_media":4577,"template":"","meta":[],"product_brand":[],"product_cat":[27],"product_tag":[30],"class_list":{"0":"post-4533","1":"product","2":"type-product","3":"status-publish","4":"has-post-thumbnail","6":"product_cat-motherboards-board-parts","7":"product_tag-asus","9":"first","10":"instock","11":"taxable","12":"shipping-taxable","13":"purchasable","14":"product-type-simple"},"_links":{"self":[{"href":"https:\/\/boreait.com\/hu\/wp-json\/wp\/v2\/product\/4533","targetHints":{"allow":["GET"]}}],"collection":[{"href":"https:\/\/boreait.com\/hu\/wp-json\/wp\/v2\/product"}],"about":[{"href":"https:\/\/boreait.com\/hu\/wp-json\/wp\/v2\/types\/product"}],"wp:featuredmedia":[{"embeddable":true,"href":"https:\/\/boreait.com\/hu\/wp-json\/wp\/v2\/media\/4577"}],"wp:attachment":[{"href":"https:\/\/boreait.com\/hu\/wp-json\/wp\/v2\/media?parent=4533"}],"wp:term":[{"taxonomy":"product_brand","embeddable":true,"href":"https:\/\/boreait.com\/hu\/wp-json\/wp\/v2\/product_brand?post=4533"},{"taxonomy":"product_cat","embeddable":true,"href":"https:\/\/boreait.com\/hu\/wp-json\/wp\/v2\/product_cat?post=4533"},{"taxonomy":"product_tag","embeddable":true,"href":"https:\/\/boreait.com\/hu\/wp-json\/wp\/v2\/product_tag?post=4533"}],"curies":[{"name":"wp","href":"https:\/\/api.w.org\/{rel}","templated":true}]}}