{"id":4532,"date":"2025-09-17T10:59:26","date_gmt":"2025-09-17T08:59:26","guid":{"rendered":"https:\/\/boreait.com\/hu\/?post_type=product&#038;p=4532"},"modified":"2025-09-17T10:59:55","modified_gmt":"2025-09-17T08:59:55","slug":"asus-eee-pc-13goa3f1am010-hutoborda-tartsa-eee-pc-jet-hidegen-es-hatekonyan","status":"publish","type":"product","link":"https:\/\/boreait.com\/hu\/termek\/asus-eee-pc-13goa3f1am010-hutoborda-tartsa-eee-pc-jet-hidegen-es-hatekonyan\/","title":{"rendered":"Asus Eee PC 13GOA3F1AM010 h\u0171t\u0151borda \u2013 tartsa Eee PC-j\u00e9t hidegen \u00e9s hat\u00e9konyan"},"content":{"rendered":"<p>A 13GOA3F1AM010 h\u0171t\u0151borda Asus Eee PC-hez a t\u00f6k\u00e9letes megold\u00e1s, hogy k\u00e9sz\u00fcl\u00e9ke a lehet\u0151 legjobban m\u0171k\u00f6dj\u00f6n. A t\u00falmeleged\u00e9s teljes\u00edtm\u00e9nyprobl\u00e9m\u00e1kat, s\u0151t hardverk\u00e1rosod\u00e1st is okozhat, ez\u00e9rt ez a h\u0171t\u0151borda az Eee PC n\u00e9lk\u00fcl\u00f6zhetetlen alkatr\u00e9sze.<\/p>\n<p>F\u0151bb jellemz\u0151k:<\/p>\n<ul>\n<li>Kompatibilit\u00e1s: Asus Eee PC-vel val\u00f3 haszn\u00e1latra tervezt\u00e9k<\/li>\n<li>Hat\u00e9kony h\u0171t\u00e9s: Seg\u00edt fenntartani az optim\u00e1lis \u00fczemi h\u0151m\u00e9rs\u00e9kletet<\/li>\n<li>Megb\u00edzhat\u00f3 teljes\u00edtm\u00e9ny: Megakad\u00e1lyozza a t\u00falmeleged\u00e9s okozta probl\u00e9m\u00e1kat<\/li>\n<li>Egyszer\u0171 telep\u00edt\u00e9s: Egyszer\u0171 be\u00e1ll\u00edt\u00e1s az \u00d6n k\u00e9nyelme \u00e9rdek\u00e9ben<\/li>\n<\/ul>\n<p>Ak\u00e1r munk\u00e1ra, ak\u00e1r sz\u00f3rakoz\u00e1sra vagy mindennapi feladatokra haszn\u00e1lja Eee PC-j\u00e9t, ez a h\u0171t\u0151borda gondoskodik a z\u00f6kken\u0151mentes m\u0171k\u00f6d\u00e9sr\u0151l. Kifejezetten \u00fagy tervezt\u00e9k, hogy hat\u00e9kony h\u0171t\u00e9st biztos\u00edtson, \u00e9s megv\u00e9dje Eee PC-j\u00e9t a h\u0151vel kapcsolatos probl\u00e9m\u00e1kt\u00f3l.<\/p>\n<p>K\u00e9rj\u00fck, vegye figyelembe, hogy ez a lista t\u00e9nyleges term\u00e9kfot\u00f3kat tartalmaz, \u00e9s nem tartalmaz telep\u00edt\u00e9si utas\u00edt\u00e1st. Ha b\u00e1rmilyen k\u00e9rd\u00e9se van, vagy seg\u00edts\u00e9gre van sz\u00fcks\u00e9ge, ne habozzon kapcsolatba l\u00e9pni vel\u00fcnk. Tartsa Asus Eee PC-j\u00e9t h\u0171v\u00f6sen \u00e9s hat\u00e9konyan a 13GOA3F1AM010 h\u0171t\u0151bord\u00e1val.<\/p>\n","protected":false},"excerpt":{"rendered":"<p>N\u00f6velje Asus Eee PC h\u0171t\u00e9si teljes\u00edtm\u00e9ny\u00e9t a 13GOA3F1AM010 h\u0171t\u0151bord\u00e1val. Az optim\u00e1lis h\u0151m\u00e9rs\u00e9klet fenntart\u00e1s\u00e1ra tervezett h\u0171t\u0151borda biztos\u00edtja az Eee PC hat\u00e9kony m\u0171k\u00f6d\u00e9s\u00e9t. Ez a h\u0171t\u0151borda minden Eee PC-tulajdonos sz\u00e1m\u00e1ra k\u00f6telez\u0151 darab, a kulcs a t\u00falmeleged\u00e9si probl\u00e9m\u00e1k megel\u0151z\u00e9s\u00e9ben.<\/p>\n","protected":false},"featured_media":4576,"template":"","meta":[],"product_brand":[],"product_cat":[33],"product_tag":[30],"class_list":{"0":"post-4532","1":"product","2":"type-product","3":"status-publish","4":"has-post-thumbnail","6":"product_cat-cpu-fans-heatsinks","7":"product_tag-asus","9":"first","10":"instock","11":"taxable","12":"shipping-taxable","13":"purchasable","14":"product-type-simple"},"_links":{"self":[{"href":"https:\/\/boreait.com\/hu\/wp-json\/wp\/v2\/product\/4532","targetHints":{"allow":["GET"]}}],"collection":[{"href":"https:\/\/boreait.com\/hu\/wp-json\/wp\/v2\/product"}],"about":[{"href":"https:\/\/boreait.com\/hu\/wp-json\/wp\/v2\/types\/product"}],"wp:featuredmedia":[{"embeddable":true,"href":"https:\/\/boreait.com\/hu\/wp-json\/wp\/v2\/media\/4576"}],"wp:attachment":[{"href":"https:\/\/boreait.com\/hu\/wp-json\/wp\/v2\/media?parent=4532"}],"wp:term":[{"taxonomy":"product_brand","embeddable":true,"href":"https:\/\/boreait.com\/hu\/wp-json\/wp\/v2\/product_brand?post=4532"},{"taxonomy":"product_cat","embeddable":true,"href":"https:\/\/boreait.com\/hu\/wp-json\/wp\/v2\/product_cat?post=4532"},{"taxonomy":"product_tag","embeddable":true,"href":"https:\/\/boreait.com\/hu\/wp-json\/wp\/v2\/product_tag?post=4532"}],"curies":[{"name":"wp","href":"https:\/\/api.w.org\/{rel}","templated":true}]}}