{"id":4530,"date":"2025-09-17T10:59:26","date_gmt":"2025-09-17T08:59:26","guid":{"rendered":"https:\/\/boreait.com\/hu\/?post_type=product&#038;p=4530"},"modified":"2025-09-17T10:59:52","modified_gmt":"2025-09-17T08:59:52","slug":"asus-eee-pc-1015px-webkamera-webkamera-eredeti-cserealkatresz","status":"publish","type":"product","link":"https:\/\/boreait.com\/hu\/termek\/asus-eee-pc-1015px-webkamera-webkamera-eredeti-cserealkatresz\/","title":{"rendered":"ASUS Eee PC 1015PX webkamera webkamera \u2013 Eredeti cserealkatr\u00e9sz"},"content":{"rendered":"<p>Ha ASUS Eee PC 1015PX laptopja van, \u00e9s a be\u00e9p\u00edtett webkamer\u00e1ja cser\u00e9re szorul, mi gondoskodunk r\u00f3la. Ez egy eredeti ASUS webkamer\u00e1s webkamera, amelyet arra terveztek, hogy t\u00f6k\u00e9letesen helyettes\u00edtse megl\u00e9v\u0151 webkamer\u00e1j\u00e1t, \u00e9s helyre\u00e1ll\u00edtsa laptopja kamer\u00e1j\u00e1nak funkci\u00f3it.<\/p>\n<p>F\u0151bb jellemz\u0151k:<\/p>\n<ul>\n<li>Eredeti ASUS cserealkatr\u00e9sz<\/li>\n<li>ASUS Eee PC 1015PX laptopokkal kompatibilis<\/li>\n<li>Probl\u00e9mamentes telep\u00edt\u00e9s<\/li>\n<\/ul>\n<p>Ak\u00e1r a jelenlegi webkamer\u00e1ja hib\u00e1san m\u0171k\u00f6dik, ak\u00e1r egyszer\u0171en csak laptopja kamer\u00e1j\u00e1t szeretn\u00e9 friss\u00edteni, ez az eredeti cserealkatr\u00e9sz a t\u00f6k\u00e9letes megold\u00e1s. \u00c9lvezze a tiszta videoh\u00edv\u00e1sokat, \u00f6r\u00f6k\u00edtse meg eml\u00e9keit, \u00e9s vegyen r\u00e9szt magabiztosan videokonferenci\u00e1kon, tudva, hogy f\u00e9nyk\u00e9pez\u0151g\u00e9pe kiv\u00e1l\u00f3 \u00e1llapotban van.<\/p>\n<p>K\u00e9rj\u00fck, vegye figyelembe, hogy ez a lista val\u00f3s f\u00e9nyk\u00e9peket tartalmaz az ASUS Eee PC 1015PX webkamer\u00e1s webkamer\u00e1r\u00f3l. Telep\u00edt\u00e9si \u00fatmutat\u00f3 nem tal\u00e1lhat\u00f3, de a telep\u00edt\u00e9si folyamat egyszer\u0171. Ha b\u00e1rmilyen k\u00e9rd\u00e9se van, vagy tov\u00e1bbi seg\u00edts\u00e9gre van sz\u00fcks\u00e9ge, ne habozzon kapcsolatba l\u00e9pni vel\u00fcnk.<\/p>\n<p>Friss\u00edtse vagy cser\u00e9lje ki laptopja webkamer\u00e1j\u00e1t erre az eredeti ASUS alkatr\u00e9szre, \u00e9s tapasztalja meg a kiv\u00e1l\u00f3 min\u0151s\u00e9g\u0171 vide\u00f3t \u00e9s k\u00e9palkot\u00e1st ASUS Eee PC 1015PX k\u00e9sz\u00fcl\u00e9k\u00e9n.<\/p>\n","protected":false},"excerpt":{"rendered":"<p>Cser\u00e9lje ki ASUS Eee PC 1015PX laptopj\u00e1nak webkamer\u00e1j\u00e1t erre az eredeti ASUS webkamer\u00e1s webkamer\u00e1ra. Ezzel a megb\u00edzhat\u00f3 cserealkatr\u00e9szrel \u00e1ll\u00edtsa vissza laptopja be\u00e9p\u00edtett kamer\u00e1j\u00e1nak funkci\u00f3it. Az egyszer\u0171 telep\u00edt\u00e9s \u00e9s a kompatibilit\u00e1s probl\u00e9mamentes jav\u00edt\u00e1st biztos\u00edt.<\/p>\n","protected":false},"featured_media":4574,"template":"","meta":[],"product_brand":[],"product_cat":[23],"product_tag":[30],"class_list":{"0":"post-4530","1":"product","2":"type-product","3":"status-publish","4":"has-post-thumbnail","6":"product_cat-laptop-camera","7":"product_tag-asus","9":"first","10":"instock","11":"taxable","12":"shipping-taxable","13":"purchasable","14":"product-type-simple"},"_links":{"self":[{"href":"https:\/\/boreait.com\/hu\/wp-json\/wp\/v2\/product\/4530","targetHints":{"allow":["GET"]}}],"collection":[{"href":"https:\/\/boreait.com\/hu\/wp-json\/wp\/v2\/product"}],"about":[{"href":"https:\/\/boreait.com\/hu\/wp-json\/wp\/v2\/types\/product"}],"wp:featuredmedia":[{"embeddable":true,"href":"https:\/\/boreait.com\/hu\/wp-json\/wp\/v2\/media\/4574"}],"wp:attachment":[{"href":"https:\/\/boreait.com\/hu\/wp-json\/wp\/v2\/media?parent=4530"}],"wp:term":[{"taxonomy":"product_brand","embeddable":true,"href":"https:\/\/boreait.com\/hu\/wp-json\/wp\/v2\/product_brand?post=4530"},{"taxonomy":"product_cat","embeddable":true,"href":"https:\/\/boreait.com\/hu\/wp-json\/wp\/v2\/product_cat?post=4530"},{"taxonomy":"product_tag","embeddable":true,"href":"https:\/\/boreait.com\/hu\/wp-json\/wp\/v2\/product_tag?post=4530"}],"curies":[{"name":"wp","href":"https:\/\/api.w.org\/{rel}","templated":true}]}}