{"id":4527,"date":"2025-09-17T10:59:25","date_gmt":"2025-09-17T08:59:25","guid":{"rendered":"https:\/\/boreait.com\/hu\/?post_type=product&#038;p=4527"},"modified":"2025-09-17T10:59:45","modified_gmt":"2025-09-17T08:59:45","slug":"uj-francia-azerty-billentyuzet-hp-probook-650-g4-650-g5-655-g4-655-g5-l09594-051-hattervilagitas-nelkuli","status":"publish","type":"product","link":"https:\/\/boreait.com\/hu\/termek\/uj-francia-azerty-billentyuzet-hp-probook-650-g4-650-g5-655-g4-655-g5-l09594-051-hattervilagitas-nelkuli\/","title":{"rendered":"\u00daJ francia AZERTY billenty\u0171zet HP ProBook 650 G4 \/ 650 G5 \/ 655 G4 \/ 655 G5 L09594-051 &#8211; H\u00e1tt\u00e9rvil\u00e1g\u00edt\u00e1s n\u00e9lk\u00fcli"},"content":{"rendered":"<p>Friss\u00edtse HP ProBook 650 G4, 650 G5, 655 G4 vagy 655 G5 laptopj\u00e1t ezzel az \u00daJ francia AZERTY billenty\u0171zettel (cikksz\u00e1m: L09594-051). Ez a billenty\u0171zetcsere ide\u00e1lis azoknak a felhaszn\u00e1l\u00f3knak, akik az AZERTY elrendez\u00e9st r\u00e9szes\u00edtik el\u0151nyben a pontos g\u00e9pel\u00e9s \u00e9rdek\u00e9ben.<\/p>\n<p><strong>F\u0151bb jellemz\u0151k:<\/strong><\/p>\n<ul>\n<li><strong>Kompatibilit\u00e1s:<\/strong> Kifejezetten a HP ProBook 650 G4, 650 G5, 655 G4 \u00e9s 655 G5 laptopokhoz tervezve, t\u00f6k\u00e9letes illeszked\u00e9st \u00e9s funkcionalit\u00e1st biztos\u00edtva.<\/li>\n<li><strong>Francia AZERTY-kioszt\u00e1s:<\/strong> Ez a billenty\u0171zet a francia AZERTY-kioszt\u00e1ssal rendelkezik, \u00edgy alkalmas a francia nyelv\u0171 felhaszn\u00e1l\u00f3k sz\u00e1m\u00e1ra.<\/li>\n<li><strong>Nem h\u00e1tt\u00e9rvil\u00e1g\u00edt\u00e1s:<\/strong> Ez a billenty\u0171zet nem h\u00e1tt\u00e9rvil\u00e1g\u00edt\u00e1ssal rendelkezik, ami t\u00f6k\u00e9letes azoknak a felhaszn\u00e1l\u00f3knak, akik a h\u00e1tt\u00e9rvil\u00e1g\u00edt\u00e1s n\u00e9lk\u00fcli szabv\u00e1nyos billenty\u0171zetet r\u00e9szes\u00edtik el\u0151nyben.<\/li>\n<li><strong>Egyszer\u0171 telep\u00edt\u00e9s:<\/strong> A laptop billenty\u0171zet\u00e9nek cser\u00e9je egyszer\u0171, \u00e9s nem ig\u00e9nyel halad\u00f3 m\u0171szaki ismereteket. K\u00e9r\u00e9sre r\u00e9szletes \u00fatmutat\u00e1st adunk.<\/li>\n<li><strong>Tov\u00e1bbfejlesztett g\u00e9pel\u00e9s:<\/strong> \u00c9lvezze a k\u00e9nyelmes \u00e9s prec\u00edz g\u00e9pel\u00e9st ezzel a kiv\u00e1l\u00f3 min\u0151s\u00e9g\u0171 billenty\u0171zetcser\u00e9vel.<\/li>\n<li><strong>Min\u0151s\u00e9gbiztos\u00edt\u00e1s:<\/strong> Ez a billenty\u0171zet teljesen \u00faj, \u00e9s min\u0151s\u00e9g-ellen\u0151rz\u00e9sen esik \u00e1t a megb\u00edzhat\u00f3s\u00e1ga \u00e9rdek\u00e9ben.<\/li>\n<li><strong>Kompatibilis modellek:<\/strong> L09595-001, L09593-001, L00741-001, 6037B0134101, 6037B0134201, L51009-001, L62786-007, L62786-037B,1,507 L09603-001, L51009-041 \u00e9s m\u00e1sok<\/li>\n<\/ul>\n<p>Friss\u00edtse vagy cser\u00e9lje ki laptopja billenty\u0171zet\u00e9t ezzel az \u00daJ francia AZERTY billenty\u0171zettel a HP ProBook 650 G4, 650 G5, 655 G4 \u00e9s 655 G5 laptopokhoz. Az AZERTY elrendez\u00e9s t\u00f6k\u00e9letes a franci\u00e1ul besz\u00e9l\u0151 felhaszn\u00e1l\u00f3k sz\u00e1m\u00e1ra (de kompatibilis m\u00e1s nyelvekkel\/elrendez\u00e9sekkel is), a h\u00e1tt\u00e9rvil\u00e1g\u00edt\u00e1s n\u00e9lk\u00fcli kialak\u00edt\u00e1s pedig szabv\u00e1nyos g\u00e9pel\u00e9si \u00e9lm\u00e9nyt biztos\u00edt.<\/p>\n<p>Ha t\u00f6bb term\u00e9ke van list\u00e1zni, vagy tov\u00e1bbi inform\u00e1ci\u00f3ra van sz\u00fcks\u00e9ge, k\u00e9rj\u00fck, tudassa vel\u00fcnk, \u00e9s mi seg\u00edt\u00fcnk \u00d6nnek.<\/p>\n","protected":false},"excerpt":{"rendered":"<p>Cser\u00e9lje le HP ProBook 650 G4, 650 G5, 655 G4 vagy 655 G5 laptop billenty\u0171zet\u00e9t erre az \u00daJ francia AZERTY billenty\u0171zetre (cikksz\u00e1m: L09594-051). Ezt a nem h\u00e1tt\u00e9rvil\u00e1g\u00edt\u00e1s\u00fa billenty\u0171zetet az AZERTY elrendez\u00e9sben t\u00f6rt\u00e9n\u0151 pontos g\u00e9pel\u00e9shez tervezt\u00e9k.<\/p>\n","protected":false},"featured_media":4554,"template":"","meta":[],"product_brand":[],"product_cat":[35],"product_tag":[25],"class_list":{"0":"post-4527","1":"product","2":"type-product","3":"status-publish","4":"has-post-thumbnail","6":"product_cat-laptop-keyboard","7":"product_tag-hp","9":"first","10":"instock","11":"taxable","12":"shipping-taxable","13":"purchasable","14":"product-type-simple"},"_links":{"self":[{"href":"https:\/\/boreait.com\/hu\/wp-json\/wp\/v2\/product\/4527","targetHints":{"allow":["GET"]}}],"collection":[{"href":"https:\/\/boreait.com\/hu\/wp-json\/wp\/v2\/product"}],"about":[{"href":"https:\/\/boreait.com\/hu\/wp-json\/wp\/v2\/types\/product"}],"wp:featuredmedia":[{"embeddable":true,"href":"https:\/\/boreait.com\/hu\/wp-json\/wp\/v2\/media\/4554"}],"wp:attachment":[{"href":"https:\/\/boreait.com\/hu\/wp-json\/wp\/v2\/media?parent=4527"}],"wp:term":[{"taxonomy":"product_brand","embeddable":true,"href":"https:\/\/boreait.com\/hu\/wp-json\/wp\/v2\/product_brand?post=4527"},{"taxonomy":"product_cat","embeddable":true,"href":"https:\/\/boreait.com\/hu\/wp-json\/wp\/v2\/product_cat?post=4527"},{"taxonomy":"product_tag","embeddable":true,"href":"https:\/\/boreait.com\/hu\/wp-json\/wp\/v2\/product_tag?post=4527"}],"curies":[{"name":"wp","href":"https:\/\/api.w.org\/{rel}","templated":true}]}}