{"id":4509,"date":"2025-09-17T10:59:04","date_gmt":"2025-09-17T08:59:04","guid":{"rendered":"https:\/\/boreait.com\/hu\/?post_type=product&#038;p=4509"},"modified":"2026-01-14T13:40:51","modified_gmt":"2026-01-14T12:40:51","slug":"intel-dual-band-wireless-ac-3160-3160ngw-ngff-bluetooth-4-0-wifi-wlan-kartya-28d9j","status":"publish","type":"product","link":"https:\/\/boreait.com\/hu\/termek\/intel-dual-band-wireless-ac-3160-3160ngw-ngff-bluetooth-4-0-wifi-wlan-kartya-28d9j\/","title":{"rendered":"Intel Dual Band Wireless-AC 3160 3160NGW NGFF Bluetooth 4.0 WiFi WLAN k\u00e1rtya 28D9J"},"content":{"rendered":"<p>Fokozza laptopja vezet\u00e9k n\u00e9lk\u00fcli k\u00e9pess\u00e9geit az Intel Dual Band Wireless-AC 3160NGW NGFF k\u00e1rty\u00e1val. Ez az NGFF k\u00e1rtya WiFi \u00e9s Bluetooth 4.0 funkcionalit\u00e1st is biztos\u00edt, \u00edgy kiv\u00e1l\u00f3 v\u00e1laszt\u00e1s laptopja vezet\u00e9k n\u00e9lk\u00fcli kapcsolat\u00e1nak b\u0151v\u00edt\u00e9s\u00e9re.<\/p>\n<p><strong>F\u0151bb jellemz\u0151k:<\/strong><\/p>\n<ul>\n<li><strong>K\u00e9ts\u00e1vos kapcsolat:<\/strong> Ez a k\u00e1rtya k\u00e9ts\u00e1vos WiFi-kapcsolatot k\u00edn\u00e1l, amely 2,4 GHz-es \u00e9s 5 GHz-es frekvencia opci\u00f3kat is k\u00edn\u00e1l a gyorsabb \u00e9s megb\u00edzhat\u00f3bb vezet\u00e9k n\u00e9lk\u00fcli kapcsolatok \u00e9rdek\u00e9ben.<\/li>\n<li><strong>Bluetooth 4.0:<\/strong> A Bluetooth 4.0 t\u00e1mogat\u00e1s\u00e1val laptopj\u00e1t k\u00fcl\u00f6nf\u00e9le Bluetooth-kompatibilis eszk\u00f6z\u00f6kh\u00f6z, p\u00e9ld\u00e1ul fejhallgat\u00f3hoz, hangsz\u00f3r\u00f3khoz \u00e9s okostelefonokhoz csatlakoztathatja.<\/li>\n<li><strong>NGFF Form Factor:<\/strong> Az NGFF (Next-Generation Form Factor) k\u00e1rtya kompakt, \u00e9s kompatibilis laptopokba val\u00f3 egyszer\u0171 telep\u00edt\u00e9shez k\u00e9sz\u00fclt.<\/li>\n<li><strong>Kompatibilit\u00e1s:<\/strong> Az Intel Dual Band Wireless-AC 3160NGW NGFF k\u00e1rtya sz\u00e1mos laptoppal kompatibilis, \u00e9s ide\u00e1lis helyettes\u00edt\u0151je vagy friss\u00edt\u00e9se a jelenlegi WiFi-k\u00e1rty\u00e1hoz.<\/li>\n<li><strong>Nagy sebess\u00e9g\u0171 Wi-Fi:<\/strong> \u00c9lvezze a gyors \u00e9s megb\u00edzhat\u00f3 WiFi teljes\u00edtm\u00e9nyt, ak\u00e1r az interneten b\u00f6ng\u00e9szik, ak\u00e1r streamel, ak\u00e1r j\u00e1tszik.<\/li>\n<li><strong>Tov\u00e1bbfejlesztett kapcsolat:<\/strong> Mondjon b\u00facs\u00fat a k\u00e9sleltet\u00e9si \u00e9s csatlakoz\u00e1si probl\u00e9m\u00e1knak ezzel a kiv\u00e1l\u00f3 min\u0151s\u00e9g\u0171 Intel WiFi-k\u00e1rty\u00e1val.<\/li>\n<li><strong>Egyszer\u0171 telep\u00edt\u00e9s:<\/strong> A laptop Wi-Fi-k\u00e1rty\u00e1j\u00e1nak friss\u00edt\u00e9se egyszer\u0171, \u00e9s nem ig\u00e9nyel speci\u00e1lis technikai ismereteket. K\u00e9r\u00e9sre r\u00e9szletes \u00fatmutat\u00e1st adunk.<\/li>\n<\/ul>\n<p>Friss\u00edtse laptopja vezet\u00e9k n\u00e9lk\u00fcli kapcsolat\u00e1t az Intel Dual Band Wireless-AC 3160NGW NGFF k\u00e1rty\u00e1val. Tapasztalja meg a gyorsabb \u00e9s megb\u00edzhat\u00f3bb WiFi-kapcsolatokat, \u00e9s \u00e9lvezze a Bluetooth 4.0-s csatlakoz\u00e1s ny\u00fajtotta k\u00e9nyelmet k\u00fcl\u00f6nf\u00e9le eszk\u00f6z\u00f6kkel.<\/p>\n","protected":false},"excerpt":{"rendered":"<p>B\u0151v\u00edtse laptopja vezet\u00e9k n\u00e9lk\u00fcli kapcsolat\u00e1t az Intel Dual Band Wireless-AC 3160NGW NGFF k\u00e1rty\u00e1val. Ez a k\u00e1rtya t\u00e1mogatja a Bluetooth 4.0-t, \u00e9s gyors \u00e9s megb\u00edzhat\u00f3 WiFi teljes\u00edtm\u00e9nyt ny\u00fajt. T\u00f6k\u00e9letes laptopja vezet\u00e9k n\u00e9lk\u00fcli k\u00e9pess\u00e9geinek fejleszt\u00e9s\u00e9re.<\/p>\n","protected":false},"featured_media":4553,"template":"","meta":[],"product_brand":[],"product_cat":[27],"product_tag":[],"class_list":{"0":"post-4509","1":"product","2":"type-product","3":"status-publish","4":"has-post-thumbnail","6":"product_cat-motherboards-board-parts","8":"first","9":"instock","10":"taxable","11":"shipping-taxable","12":"purchasable","13":"product-type-simple"},"_links":{"self":[{"href":"https:\/\/boreait.com\/hu\/wp-json\/wp\/v2\/product\/4509","targetHints":{"allow":["GET"]}}],"collection":[{"href":"https:\/\/boreait.com\/hu\/wp-json\/wp\/v2\/product"}],"about":[{"href":"https:\/\/boreait.com\/hu\/wp-json\/wp\/v2\/types\/product"}],"wp:featuredmedia":[{"embeddable":true,"href":"https:\/\/boreait.com\/hu\/wp-json\/wp\/v2\/media\/4553"}],"wp:attachment":[{"href":"https:\/\/boreait.com\/hu\/wp-json\/wp\/v2\/media?parent=4509"}],"wp:term":[{"taxonomy":"product_brand","embeddable":true,"href":"https:\/\/boreait.com\/hu\/wp-json\/wp\/v2\/product_brand?post=4509"},{"taxonomy":"product_cat","embeddable":true,"href":"https:\/\/boreait.com\/hu\/wp-json\/wp\/v2\/product_cat?post=4509"},{"taxonomy":"product_tag","embeddable":true,"href":"https:\/\/boreait.com\/hu\/wp-json\/wp\/v2\/product_tag?post=4509"}],"curies":[{"name":"wp","href":"https:\/\/api.w.org\/{rel}","templated":true}]}}