{"id":4508,"date":"2025-09-17T10:59:04","date_gmt":"2025-09-17T08:59:04","guid":{"rendered":"https:\/\/boreait.com\/hu\/?post_type=product&#038;p=4508"},"modified":"2026-01-14T13:40:34","modified_gmt":"2026-01-14T12:40:34","slug":"eredeti-lenovo-ideapad-s210-laptop-bh5290a-bekapcsologomb","status":"publish","type":"product","link":"https:\/\/boreait.com\/hu\/termek\/eredeti-lenovo-ideapad-s210-laptop-bh5290a-bekapcsologomb\/","title":{"rendered":"Eredeti Lenovo Ideapad S210 laptop BH5290A bekapcsol\u00f3gomb"},"content":{"rendered":"<p>Lenovo Ideapad S210 laptopj\u00e1nak bekapcsol\u00f3gombja nem m\u0171k\u00f6dik \u00fagy, ahogy kellene? Ne agg\u00f3dj; megvan a sz\u00fcks\u00e9ges megold\u00e1s. Bemutatjuk az eredeti Lenovo Ideapad S210 laptop bekapcsol\u00f3gombot (BH5290A).<\/p>\n<p>F\u0151bb jellemz\u0151k:<\/p>\n<ul>\n<li>Autentikus Lenovo cserealkatr\u00e9sz<\/li>\n<li>Kompatibilis a Lenovo Ideapad S210 laptopokkal<\/li>\n<li>A laptop energiaell\u00e1t\u00e1s\u00e1nak vissza\u00e1ll\u00edt\u00e1sa<\/li>\n<li>Kiv\u00e1l\u00f3 min\u0151s\u00e9g\u0171 \u00e9s megb\u00edzhat\u00f3<\/li>\n<\/ul>\n<p>Ak\u00e1r nem reag\u00e1l, ak\u00e1r teljesen le\u00e1llt a bekapcsol\u00f3gomb, ez a cseregomb pillanatok alatt \u00fajra m\u0171k\u00f6d\u00e9sbe hozza laptopj\u00e1t. Ezt a BH5290A bekapcsol\u00f3gombot \u00fagy tervezt\u00e9k, hogy megfeleljen a Lenovo min\u0151s\u00e9gi szabv\u00e1nyainak, biztos\u00edtva a megb\u00edzhat\u00f3 kompatibilit\u00e1st \u00e9s teljes\u00edtm\u00e9nyt.<\/p>\n<p>K\u00e9rj\u00fck, vegye figyelembe, hogy ez az adatlap val\u00f3di f\u00e9nyk\u00e9peket tartalmaz a Lenovo Ideapad S210 Laptop BH5290A eredeti bekapcsol\u00f3gombj\u00e1r\u00f3l. Telep\u00edt\u00e9si utas\u00edt\u00e1sokat nem adunk, de b\u00e1rmilyen seg\u00edts\u00e9g\u00e9rt forduljon hozz\u00e1nk. \u00c1ll\u00edtsa vissza laptopja energiaszab\u00e1lyoz\u00e1s\u00e1t ezzel az eredeti Lenovo cserealkatr\u00e9szrel, \u00e9s tartsa k\u00e9sz\u00fcl\u00e9k\u00e9t kiv\u00e1l\u00f3an m\u0171k\u00f6d\u0151k\u00e9pes \u00e1llapotban.<\/p>\n","protected":false},"excerpt":{"rendered":"<p>Cser\u00e9lje ki Lenovo Ideapad S210 laptopja bekapcsol\u00f3gombj\u00e1t erre az eredeti BH5290A bekapcsol\u00f3gombra. \u00c1ll\u00edtsa vissza laptopja funkcionalit\u00e1s\u00e1t ezzel az eredeti cserealkatr\u00e9szsel.<\/p>\n","protected":false},"featured_media":4552,"template":"","meta":[],"product_brand":[],"product_cat":[27],"product_tag":[26],"class_list":{"0":"post-4508","1":"product","2":"type-product","3":"status-publish","4":"has-post-thumbnail","6":"product_cat-motherboards-board-parts","7":"product_tag-lenovo","9":"first","10":"instock","11":"taxable","12":"shipping-taxable","13":"purchasable","14":"product-type-simple"},"_links":{"self":[{"href":"https:\/\/boreait.com\/hu\/wp-json\/wp\/v2\/product\/4508","targetHints":{"allow":["GET"]}}],"collection":[{"href":"https:\/\/boreait.com\/hu\/wp-json\/wp\/v2\/product"}],"about":[{"href":"https:\/\/boreait.com\/hu\/wp-json\/wp\/v2\/types\/product"}],"wp:featuredmedia":[{"embeddable":true,"href":"https:\/\/boreait.com\/hu\/wp-json\/wp\/v2\/media\/4552"}],"wp:attachment":[{"href":"https:\/\/boreait.com\/hu\/wp-json\/wp\/v2\/media?parent=4508"}],"wp:term":[{"taxonomy":"product_brand","embeddable":true,"href":"https:\/\/boreait.com\/hu\/wp-json\/wp\/v2\/product_brand?post=4508"},{"taxonomy":"product_cat","embeddable":true,"href":"https:\/\/boreait.com\/hu\/wp-json\/wp\/v2\/product_cat?post=4508"},{"taxonomy":"product_tag","embeddable":true,"href":"https:\/\/boreait.com\/hu\/wp-json\/wp\/v2\/product_tag?post=4508"}],"curies":[{"name":"wp","href":"https:\/\/api.w.org\/{rel}","templated":true}]}}