{"id":4507,"date":"2025-09-17T10:59:04","date_gmt":"2025-09-17T08:59:04","guid":{"rendered":"https:\/\/boreait.com\/hu\/?post_type=product&#038;p=4507"},"modified":"2026-01-14T13:40:12","modified_gmt":"2026-01-14T12:40:12","slug":"lenovo-s20-30-usb-sd-kartyaolvaso-hangport-fejhallgato-csatlakozokartya-bh5290c","status":"publish","type":"product","link":"https:\/\/boreait.com\/hu\/termek\/lenovo-s20-30-usb-sd-kartyaolvaso-hangport-fejhallgato-csatlakozokartya-bh5290c\/","title":{"rendered":"Lenovo S20-30 USB SD k\u00e1rtyaolvas\u00f3 hangport Fejhallgat\u00f3-csatlakoz\u00f3k\u00e1rtya BH5290C"},"content":{"rendered":"<p>A Lenovo BH5290C USB SD k\u00e1rtyaolvas\u00f3 audioport fejhallgat\u00f3-csatlakoz\u00f3k\u00e1rtya t\u00f6k\u00e9letes megold\u00e1s Lenovo S20-30 laptopja hang- \u00e9s csatlakoz\u00e1si funkci\u00f3inak vissza\u00e1ll\u00edt\u00e1s\u00e1ra. Ezt az eredeti cserealkatr\u00e9szt \u00fagy tervezt\u00e9k, hogy laptopja olyan z\u00f6kken\u0151mentesen m\u0171k\u00f6dj\u00f6n, mint az els\u0151 beszerz\u00e9sekor.<\/p>\n<p>F\u0151bb jellemz\u0151k:<\/p>\n<ul>\n<li>Kompatibilis a Lenovo S20-30 laptop modellekkel<\/li>\n<li>USB-t, SD-k\u00e1rtyaolvas\u00f3t, audioportot \u00e9s fejhallgat\u00f3-csatlakoz\u00f3t tartalmaz<\/li>\n<li>Eredeti Lenovo alkatr\u00e9sz a min\u0151s\u00e9gbiztos\u00edt\u00e1s \u00e9rdek\u00e9ben<\/li>\n<\/ul>\n<p>Ak\u00e1r a laptop USB-portjai, SD-k\u00e1rtya-olvas\u00f3ja, audioportja vagy fejhallgat\u00f3-csatlakoz\u00f3ja hib\u00e1san m\u0171k\u00f6dik, ez az alaplap vissza\u00e1ll\u00edtja \u0151ket m\u0171k\u00f6d\u0151k\u00e9pes \u00e1llapotba. Mondjon b\u00facs\u00fat a csatlakoz\u00e1si \u00e9s hangprobl\u00e9m\u00e1knak ezzel a megb\u00edzhat\u00f3 Lenovo-cserealkatr\u00e9szsel.<\/p>\n<p>K\u00e9rj\u00fck, vegye figyelembe, hogy ez a lista val\u00f3di f\u00e9nyk\u00e9peket tartalmaz a Lenovo BH5290C USB SD k\u00e1rtyaolvas\u00f3 hangportj\u00e1nak fejhallgat\u00f3-csatlakoz\u00f3k\u00e1rty\u00e1j\u00e1r\u00f3l, \u00e9s nem tartalmaz telep\u00edt\u00e9si utas\u00edt\u00e1st. Ha tov\u00e1bbi inform\u00e1ci\u00f3ra van sz\u00fcks\u00e9ge, vagy b\u00e1rmilyen k\u00e9rd\u00e9se van, ne habozzon kapcsolatba l\u00e9pni. \u00c1ll\u00edtsa vissza laptopja funkcionalit\u00e1s\u00e1t ezzel az eredeti Lenovo alkatr\u00e9szrel, \u00e9s \u00e9lvezze a sz\u00e1m\u00edt\u00e1stechnika teljes \u00e9lm\u00e9ny\u00e9t.<\/p>\n","protected":false},"excerpt":{"rendered":"<p>Fejlessze Lenovo S20-30 laptopj\u00e1t a Lenovo BH5290C USB SD k\u00e1rtyaolvas\u00f3 audioport fejhallgat\u00f3 csatlakoz\u00f3k\u00e1rty\u00e1j\u00e1val. Ez az eredeti cserealkatr\u00e9sz biztos\u00edtja, hogy laptopja audio- \u00e9s csatlakoz\u00e1si funkci\u00f3i kiv\u00e1l\u00f3an m\u0171k\u00f6djenek. \u00c1ll\u00edtsa vissza laptopja funkcionalit\u00e1s\u00e1t ezzel a min\u0151s\u00e9gi k\u00e1rty\u00e1val.<\/p>\n","protected":false},"featured_media":4550,"template":"","meta":[],"product_brand":[],"product_cat":[27],"product_tag":[26],"class_list":{"0":"post-4507","1":"product","2":"type-product","3":"status-publish","4":"has-post-thumbnail","6":"product_cat-motherboards-board-parts","7":"product_tag-lenovo","9":"first","10":"instock","11":"taxable","12":"shipping-taxable","13":"purchasable","14":"product-type-simple"},"_links":{"self":[{"href":"https:\/\/boreait.com\/hu\/wp-json\/wp\/v2\/product\/4507","targetHints":{"allow":["GET"]}}],"collection":[{"href":"https:\/\/boreait.com\/hu\/wp-json\/wp\/v2\/product"}],"about":[{"href":"https:\/\/boreait.com\/hu\/wp-json\/wp\/v2\/types\/product"}],"wp:featuredmedia":[{"embeddable":true,"href":"https:\/\/boreait.com\/hu\/wp-json\/wp\/v2\/media\/4550"}],"wp:attachment":[{"href":"https:\/\/boreait.com\/hu\/wp-json\/wp\/v2\/media?parent=4507"}],"wp:term":[{"taxonomy":"product_brand","embeddable":true,"href":"https:\/\/boreait.com\/hu\/wp-json\/wp\/v2\/product_brand?post=4507"},{"taxonomy":"product_cat","embeddable":true,"href":"https:\/\/boreait.com\/hu\/wp-json\/wp\/v2\/product_cat?post=4507"},{"taxonomy":"product_tag","embeddable":true,"href":"https:\/\/boreait.com\/hu\/wp-json\/wp\/v2\/product_tag?post=4507"}],"curies":[{"name":"wp","href":"https:\/\/api.w.org\/{rel}","templated":true}]}}