{"id":4505,"date":"2025-09-17T10:59:04","date_gmt":"2025-09-17T08:59:04","guid":{"rendered":"https:\/\/boreait.com\/hu\/?post_type=product&#038;p=4505"},"modified":"2025-09-17T10:59:36","modified_gmt":"2025-09-17T08:59:36","slug":"kamera-webkamera-720p-hd-mic-lenovo-thinkpad-t460s-t470s-00hn380-00hn379-00hn327","status":"publish","type":"product","link":"https:\/\/boreait.com\/hu\/termek\/kamera-webkamera-720p-hd-mic-lenovo-thinkpad-t460s-t470s-00hn380-00hn379-00hn327\/","title":{"rendered":"Kamera webkamera 720P HD MIC Lenovo ThinkPad T460S T470S 00HN380 00HN379 00HN327"},"content":{"rendered":"<p>Jav\u00edtsa videokonferencia- \u00e9s virtu\u00e1lis kommunik\u00e1ci\u00f3s \u00e9lm\u00e9ny\u00e9t a Lenovo ThinkPad T460S \u00e9s T470S laptopokhoz tervezett Camera Webcam 720P HD MIC seg\u00edts\u00e9g\u00e9vel. Ak\u00e1r t\u00e1volr\u00f3l dolgozik, ak\u00e1r online megbesz\u00e9l\u00e9seken vesz r\u00e9szt, vagy kapcsolatban marad szeretteivel, ez a kamera jav\u00edtja a k\u00e9p \u00e9s a hang tisztas\u00e1g\u00e1t \u00e9s min\u0151s\u00e9g\u00e9t.<\/p>\n<p>F\u0151bb jellemz\u0151k:<\/p>\n<ul>\n<li>HD felbont\u00e1s: \u00c9lvezze a 720P nagyfelbont\u00e1s\u00fa vide\u00f3min\u0151s\u00e9get az \u00e9les \u00e9s tiszta k\u00e9p \u00e9rdek\u00e9ben videoh\u00edv\u00e1sok \u00e9s tartalomk\u00e9sz\u00edt\u00e9s k\u00f6zben.<\/li>\n<li>Be\u00e9p\u00edtett mikrofon: Ez a kamera be\u00e9p\u00edtett mikrofonnal rendelkezik, amely biztos\u00edtja, hogy hangja tiszt\u00e1n r\u00f6gz\u00edthet\u0151 h\u00edv\u00e1sok \u00e9s felv\u00e9telek k\u00f6zben.<\/li>\n<li>Kompatibilis modellek: Lenovo ThinkPad T460S, T470S sz\u00e1m\u00e1ra k\u00e9sz\u00fclt, \u00e9s kompatibilis a 00HN380, 00HN379 \u00e9s 00HN327 cikksz\u00e1mokkal.<\/li>\n<\/ul>\n<p>Friss\u00edtse laptopja kamer\u00e1j\u00e1t, hogy jelent\u0151s javul\u00e1st tapasztaljon online kommunik\u00e1ci\u00f3j\u00e1ban. Ak\u00e1r szakmai tal\u00e1lkoz\u00f3kon, virtu\u00e1lis \u00f3r\u00e1kon vesz r\u00e9szt, ak\u00e1r bar\u00e1tokkal \u00e9s csal\u00e1ddal tart kapcsolatot, ez a kamera biztos\u00edtja, hogy a legjobban n\u00e9zzen ki \u00e9s hangzik.<\/p>\n<p>K\u00e9rj\u00fck, vegye figyelembe, hogy a lista val\u00f3di term\u00e9kfot\u00f3kat tartalmaz a Camera Webcam 720P HD MIC-r\u0151l. Telep\u00edt\u00e9si \u00fatmutat\u00f3 nem tal\u00e1lhat\u00f3, de ha k\u00e9rd\u00e9se van, vagy seg\u00edts\u00e9gre van sz\u00fcks\u00e9ge, forduljon hozz\u00e1nk bizalommal. N\u00f6velje online jelenl\u00e9t\u00e9t ezzel az eredeti Lenovo webkamer\u00e1val bizonyos ThinkPad laptopokhoz.<\/p>\n","protected":false},"excerpt":{"rendered":"<p>Fokozza videokonferenci\u00e1j\u00e1t \u00e9s online kommunik\u00e1ci\u00f3j\u00e1t ezzel a 720P HD kamer\u00e1s webkamer\u00e1val a Lenovo ThinkPad T460S \u00e9s T470S laptopokhoz. Ez a kamera egy eredeti cserealkatr\u00e9sz, amelyet arra terveztek, hogy nagy felbont\u00e1s\u00fa vide\u00f3min\u0151s\u00e9get \u00e9s tiszta hangot biztos\u00edtson be\u00e9p\u00edtett mikrofonj\u00e1val. Kompatibilis a Lenovo ThinkPad 00HN380, 00HN379 \u00e9s 00HN327 modelljeivel. Friss\u00edtse laptopja kamer\u00e1j\u00e1t az \u00e9les videoh\u00edv\u00e1sokhoz \u00e9s tartalomk\u00e9sz\u00edt\u00e9shez.<\/p>\n","protected":false},"featured_media":4547,"template":"","meta":[],"product_brand":[],"product_cat":[23],"product_tag":[26],"class_list":{"0":"post-4505","1":"product","2":"type-product","3":"status-publish","4":"has-post-thumbnail","6":"product_cat-laptop-camera","7":"product_tag-lenovo","9":"first","10":"instock","11":"taxable","12":"shipping-taxable","13":"purchasable","14":"product-type-simple"},"_links":{"self":[{"href":"https:\/\/boreait.com\/hu\/wp-json\/wp\/v2\/product\/4505","targetHints":{"allow":["GET"]}}],"collection":[{"href":"https:\/\/boreait.com\/hu\/wp-json\/wp\/v2\/product"}],"about":[{"href":"https:\/\/boreait.com\/hu\/wp-json\/wp\/v2\/types\/product"}],"wp:featuredmedia":[{"embeddable":true,"href":"https:\/\/boreait.com\/hu\/wp-json\/wp\/v2\/media\/4547"}],"wp:attachment":[{"href":"https:\/\/boreait.com\/hu\/wp-json\/wp\/v2\/media?parent=4505"}],"wp:term":[{"taxonomy":"product_brand","embeddable":true,"href":"https:\/\/boreait.com\/hu\/wp-json\/wp\/v2\/product_brand?post=4505"},{"taxonomy":"product_cat","embeddable":true,"href":"https:\/\/boreait.com\/hu\/wp-json\/wp\/v2\/product_cat?post=4505"},{"taxonomy":"product_tag","embeddable":true,"href":"https:\/\/boreait.com\/hu\/wp-json\/wp\/v2\/product_tag?post=4505"}],"curies":[{"name":"wp","href":"https:\/\/api.w.org\/{rel}","templated":true}]}}