{"id":4502,"date":"2025-09-17T10:59:04","date_gmt":"2025-09-17T08:59:04","guid":{"rendered":"https:\/\/boreait.com\/hu\/?post_type=product&#038;p=4502"},"modified":"2026-01-14T13:39:44","modified_gmt":"2026-01-14T12:39:44","slug":"lenovo-thinkpad-t460s-usb-mosopult-ns-a424p-eredeti-cserealkatresz","status":"publish","type":"product","link":"https:\/\/boreait.com\/hu\/termek\/lenovo-thinkpad-t460s-usb-mosopult-ns-a424p-eredeti-cserealkatresz\/","title":{"rendered":"Lenovo THINKPAD T460s USB mos\u00f3pult NS-A424P \u2013 Eredeti cserealkatr\u00e9sz"},"content":{"rendered":"<p>A Lenovo THINKPAD T460s USB Washboard NS-A424P egy eredeti cserealkatr\u00e9sz, amelyet arra terveztek, hogy vissza\u00e1ll\u00edtsa laptopja optim\u00e1lis \u00e1llapot\u00e1t. Ha laptopja USB-funkci\u00f3it vesz\u00e9lyeztett\u00e9k, ez az \u00f6sszetev\u0151 a megfelel\u0151 megold\u00e1s.<\/p>\n<p>F\u0151bb jellemz\u0151k:<\/p>\n<ul>\n<li>Kompatibilit\u00e1s: Lenovo THINKPAD T460s<\/li>\n<li>Alkatr\u00e9szsz\u00e1m: NS-A424P<\/li>\n<li>Eredeti Lenovo cserealkatr\u00e9sz<\/li>\n<\/ul>\n<p>Ez az USB-mos\u00f3pult alapvet\u0151 \u00f6sszetev\u0151, amely lehet\u0151v\u00e9 teszi a laptop USB-portjainak megfelel\u0151 m\u0171k\u00f6d\u00e9s\u00e9t. Biztos\u00edtja, hogy z\u00f6kken\u0151mentesen csatlakoztassa perif\u00e9ri\u00e1it \u00e9s eszk\u00f6zeit, \u00edgy laptopja teljesen m\u0171k\u00f6d\u0151k\u00e9pes.<\/p>\n<p>K\u00e9rj\u00fck, vegye figyelembe, hogy ez a lista val\u00f3s f\u00e9nyk\u00e9peket tartalmaz a Lenovo THINKPAD T460s NS-A424P USB mos\u00f3pultr\u00f3l, \u00e9s nem tartalmaz telep\u00edt\u00e9si utas\u00edt\u00e1st. Ha tov\u00e1bbi inform\u00e1ci\u00f3ra van sz\u00fcks\u00e9ge, vagy b\u00e1rmilyen k\u00e9rd\u00e9se van, ne habozzon kapcsolatba l\u00e9pni vel\u00fcnk. Ezzel az eredeti Lenovo cserealkatr\u00e9szrel \u00e1ll\u00edtsa vissza Lenovo THINKPAD T460s k\u00e9sz\u00fcl\u00e9k\u00e9nek teljes funkcionalit\u00e1s\u00e1t.<\/p>\n","protected":false},"excerpt":{"rendered":"<p>Tegye \u00fajra m\u0171k\u00f6d\u00e9sbe Lenovo THINKPAD T460s k\u00e9sz\u00fcl\u00e9k\u00e9t ezzel az eredeti cserealkatr\u00e9szrel \u2013 a Lenovo THINKPAD T460s USB mos\u00f3pulttal, az NS-A424P. Ezt az \u00f6sszetev\u0151t \u00fagy tervezt\u00e9k, hogy helyre\u00e1ll\u00edtsa laptopja funkcionalit\u00e1s\u00e1t, \u00e9s biztos\u00edtsa a legjobb m\u0171k\u00f6d\u00e9s\u00e9t. B\u00edzzon a Lenovo min\u0151s\u00e9g\u00e9ben a megb\u00edzhat\u00f3 jav\u00edt\u00e1si megold\u00e1s\u00e9rt.<\/p>\n","protected":false},"featured_media":4544,"template":"","meta":[],"product_brand":[],"product_cat":[27],"product_tag":[26],"class_list":{"0":"post-4502","1":"product","2":"type-product","3":"status-publish","4":"has-post-thumbnail","6":"product_cat-motherboards-board-parts","7":"product_tag-lenovo","9":"first","10":"instock","11":"taxable","12":"shipping-taxable","13":"purchasable","14":"product-type-simple"},"_links":{"self":[{"href":"https:\/\/boreait.com\/hu\/wp-json\/wp\/v2\/product\/4502","targetHints":{"allow":["GET"]}}],"collection":[{"href":"https:\/\/boreait.com\/hu\/wp-json\/wp\/v2\/product"}],"about":[{"href":"https:\/\/boreait.com\/hu\/wp-json\/wp\/v2\/types\/product"}],"wp:featuredmedia":[{"embeddable":true,"href":"https:\/\/boreait.com\/hu\/wp-json\/wp\/v2\/media\/4544"}],"wp:attachment":[{"href":"https:\/\/boreait.com\/hu\/wp-json\/wp\/v2\/media?parent=4502"}],"wp:term":[{"taxonomy":"product_brand","embeddable":true,"href":"https:\/\/boreait.com\/hu\/wp-json\/wp\/v2\/product_brand?post=4502"},{"taxonomy":"product_cat","embeddable":true,"href":"https:\/\/boreait.com\/hu\/wp-json\/wp\/v2\/product_cat?post=4502"},{"taxonomy":"product_tag","embeddable":true,"href":"https:\/\/boreait.com\/hu\/wp-json\/wp\/v2\/product_tag?post=4502"}],"curies":[{"name":"wp","href":"https:\/\/api.w.org\/{rel}","templated":true}]}}