{"id":4500,"date":"2025-09-17T10:59:03","date_gmt":"2025-09-17T08:59:03","guid":{"rendered":"https:\/\/boreait.com\/hu\/?post_type=product&#038;p=4500"},"modified":"2026-01-14T13:39:26","modified_gmt":"2026-01-14T12:39:26","slug":"lenovo-thinkpad-t460s-14-eredeti-bekapcsologomb-kartya-ns-b082-kabellel-cserelje-ki-a-bekapcsologombot-eredeti-alkatreszekre","status":"publish","type":"product","link":"https:\/\/boreait.com\/hu\/termek\/lenovo-thinkpad-t460s-14-eredeti-bekapcsologomb-kartya-ns-b082-kabellel-cserelje-ki-a-bekapcsologombot-eredeti-alkatreszekre\/","title":{"rendered":"Lenovo ThinkPad T460s 14 Eredeti bekapcsol\u00f3gomb k\u00e1rtya NS-B082 k\u00e1bellel \u2013 Cser\u00e9lje ki a bekapcsol\u00f3gombot eredeti alkatr\u00e9szekre"},"content":{"rendered":"<p>A Lenovo ThinkPad T460s 14&#8243;-es eredeti bekapcsol\u00f3gomb-k\u00e1rtya NS-B082 k\u00e1bellel a t\u00f6k\u00e9letes megold\u00e1s azok sz\u00e1m\u00e1ra, akik eredeti, hiteles alkatr\u00e9szekkel szeretn\u00e9k vissza\u00e1ll\u00edtani laptopjuk bekapcsol\u00f3gombj\u00e1nak m\u0171k\u00f6d\u00e9s\u00e9t.<\/p>\n<p>F\u0151bb jellemz\u0151k:<\/p>\n<ul>\n<li>Eredeti Lenovo alkatr\u00e9sz<\/li>\n<li>Kompatibilis a Lenovo ThinkPad T460s k\u00e9sz\u00fcl\u00e9kekkel<\/li>\n<li>Bekapcsol\u00f3gomb k\u00e1rty\u00e1val \u00e9s k\u00e1bellel (NS-B082)<\/li>\n<\/ul>\n<p>Ezt a bekapcsol\u00f3gomb-panelt \u00e9s k\u00e1belt \u00fagy tervezt\u00e9k, hogy z\u00f6kken\u0151mentesen illeszkedjenek a Lenovo ThinkPad T460-hoz, \u00edgy biztos\u00edtva, hogy laptopja bekapcsol\u00f3gombja pontosan \u00e9s megb\u00edzhat\u00f3an m\u0171k\u00f6dj\u00f6n. Ezzel a cser\u00e9vel \u00faj \u00e9letet lehelhet laptopj\u00e1ba an\u00e9lk\u00fcl, hogy a min\u0151s\u00e9gben kompromisszumot kellene k\u00f6tnie.<\/p>\n<p>K\u00e9rj\u00fck, vegye figyelembe, hogy ez a lista val\u00f3di f\u00e9nyk\u00e9peket tartalmaz a Lenovo ThinkPad T460s 14&#8243;-es eredeti bekapcsol\u00f3gomb k\u00e1rty\u00e1j\u00e1r\u00f3l, NS-B082 k\u00e1bellel, \u00e9s nincsenek telep\u00edt\u00e9si utas\u00edt\u00e1sok. Ha b\u00e1rmilyen k\u00e9rd\u00e9se van, vagy tov\u00e1bbi inform\u00e1ci\u00f3ra van sz\u00fcks\u00e9ge, forduljon bizalommal. Ezzel az eredeti Lenovo alkatr\u00e9szrel \u00e1ll\u00edtsa vissza laptopja teljes potenci\u00e1lj\u00e1t.<\/p>\n","protected":false},"excerpt":{"rendered":"<p>Keltse \u00faj \u00e9letre Lenovo ThinkPad T460s laptopj\u00e1t az eredeti bekapcsol\u00f3gomb-lappal \u00e9s NS-B082 k\u00e1bellel. Ez az eredeti Lenovo alkatr\u00e9sz megb\u00edzhat\u00f3 \u00e9s pontos bekapcsol\u00f3gomb m\u0171k\u00f6d\u00e9st biztos\u00edt. Ne k\u00f6ss\u00f6n kompromisszumot a min\u0151s\u00e9g ter\u00e9n, ha laptopja teljes\u00edtm\u00e9ny\u00e9r\u0151l van sz\u00f3. Friss\u00edtsen m\u00e9g ma!<\/p>\n","protected":false},"featured_media":4541,"template":"","meta":[],"product_brand":[],"product_cat":[27],"product_tag":[26],"class_list":{"0":"post-4500","1":"product","2":"type-product","3":"status-publish","4":"has-post-thumbnail","6":"product_cat-motherboards-board-parts","7":"product_tag-lenovo","9":"first","10":"instock","11":"taxable","12":"shipping-taxable","13":"purchasable","14":"product-type-simple"},"_links":{"self":[{"href":"https:\/\/boreait.com\/hu\/wp-json\/wp\/v2\/product\/4500","targetHints":{"allow":["GET"]}}],"collection":[{"href":"https:\/\/boreait.com\/hu\/wp-json\/wp\/v2\/product"}],"about":[{"href":"https:\/\/boreait.com\/hu\/wp-json\/wp\/v2\/types\/product"}],"wp:featuredmedia":[{"embeddable":true,"href":"https:\/\/boreait.com\/hu\/wp-json\/wp\/v2\/media\/4541"}],"wp:attachment":[{"href":"https:\/\/boreait.com\/hu\/wp-json\/wp\/v2\/media?parent=4500"}],"wp:term":[{"taxonomy":"product_brand","embeddable":true,"href":"https:\/\/boreait.com\/hu\/wp-json\/wp\/v2\/product_brand?post=4500"},{"taxonomy":"product_cat","embeddable":true,"href":"https:\/\/boreait.com\/hu\/wp-json\/wp\/v2\/product_cat?post=4500"},{"taxonomy":"product_tag","embeddable":true,"href":"https:\/\/boreait.com\/hu\/wp-json\/wp\/v2\/product_tag?post=4500"}],"curies":[{"name":"wp","href":"https:\/\/api.w.org\/{rel}","templated":true}]}}