{"id":4499,"date":"2025-09-17T10:59:03","date_gmt":"2025-09-17T08:59:03","guid":{"rendered":"https:\/\/boreait.com\/hu\/?post_type=product&#038;p=4499"},"modified":"2026-01-14T13:39:02","modified_gmt":"2026-01-14T12:39:02","slug":"ls-2791p-eredeti-eredeti-oem-dell-mikrofonkartya-latitude-d620","status":"publish","type":"product","link":"https:\/\/boreait.com\/hu\/termek\/ls-2791p-eredeti-eredeti-oem-dell-mikrofonkartya-latitude-d620\/","title":{"rendered":"LS-2791P Eredeti eredeti OEM Dell mikrofonk\u00e1rtya Latitude D620"},"content":{"rendered":"<p>Az LS-2791P Eredeti Eredeti OEM Dell Mikrofonk\u00e1rtya elengedhetetlen \u00f6sszetev\u0151je Dell Latitude D620 laptopja audiok\u00e9pess\u00e9g\u00e9nek jav\u00edt\u00e1s\u00e1ban. Ez a mikrofonk\u00e1rtya egy eredeti OEM Dell term\u00e9k, amely biztos\u00edtja, hogy kiv\u00e1l\u00f3 min\u0151s\u00e9g\u0171, megb\u00edzhat\u00f3 \u00e9s hiteles cserealkatr\u00e9szt kapjon.<\/p>\n<p>F\u0151bb jellemz\u0151k:<\/p>\n<ul>\n<li>Kompatibilit\u00e1s: Dell Latitude D620 laptopokkal val\u00f3 haszn\u00e1latra tervezt\u00e9k.<\/li>\n<li>Eredeti OEM Dell: Biztos lehet benne, hogy olyan term\u00e9ket kap, amely megfelel a Dell szigor\u00fa min\u0151s\u00e9gi el\u0151\u00edr\u00e1sainak<\/li>\n<li>Tov\u00e1bbfejlesztett hang: Friss\u00edtse laptopja mikrofonj\u00e1t, hogy tiszta \u00e9s prec\u00edz hangot biztos\u00edtson videoh\u00edv\u00e1sokhoz, webkonferenci\u00e1khoz, hangfelv\u00e9telekhez \u00e9s egyebekhez.<\/li>\n<\/ul>\n<p>Ak\u00e1r jav\u00edtja vagy friss\u00edti Dell Latitude D620-\u00e1t, ez a mikrofonk\u00e1rtya kulcsfontoss\u00e1g\u00fa eleme annak, hogy laptopja hangja optim\u00e1lisan m\u0171k\u00f6dj\u00f6n.<\/p>\n<p>K\u00e9rj\u00fck, vegye figyelembe, hogy ez a lista az LS-2791P eredeti OEM Dell mikrofonk\u00e1rtya t\u00e9nyleges term\u00e9kfot\u00f3it tartalmazza. Telep\u00edt\u00e9si \u00fatmutat\u00f3 nem tal\u00e1lhat\u00f3, de ha b\u00e1rmilyen k\u00e9rd\u00e9se van, vagy tov\u00e1bbi seg\u00edts\u00e9gre van sz\u00fcks\u00e9ge, forduljon hozz\u00e1nk bizalommal. Jav\u00edtsa Dell Latitude D620 hangmin\u0151s\u00e9g\u00e9t ezzel az eredeti Dell mikrofonk\u00e1rty\u00e1val, amelyet kiemelked\u0151 teljes\u00edtm\u00e9nyre \u00e9s megb\u00edzhat\u00f3s\u00e1gra terveztek.<\/p>\n","protected":false},"excerpt":{"rendered":"<p>Fokozza Dell Latitude D620 laptopja audiok\u00e9pess\u00e9geit az eredeti OEM LS-2791P mikrofonk\u00e1rty\u00e1val. Ez az eredeti Dell-komponens megb\u00edzhat\u00f3 \u00e9s kiv\u00e1l\u00f3 min\u0151s\u00e9g\u0171 hangteljes\u00edtm\u00e9nyt biztos\u00edt. Friss\u00edtse laptopja mikrofonj\u00e1t a tiszta kommunik\u00e1ci\u00f3 \u00e9rdek\u00e9ben videoh\u00edv\u00e1sok, webkonferenci\u00e1k vagy hangfelv\u00e9telek k\u00f6zben. B\u00edzzon a Dell \u00f6sszetev\u0151inek hiteless\u00e9g\u00e9ben \u00e9s min\u0151s\u00e9g\u00e9ben laptopja funkcionalit\u00e1s\u00e1nak jav\u00edt\u00e1sa \u00e9rdek\u00e9ben.<\/p>\n","protected":false},"featured_media":4540,"template":"","meta":[],"product_brand":[],"product_cat":[27],"product_tag":[17],"class_list":{"0":"post-4499","1":"product","2":"type-product","3":"status-publish","4":"has-post-thumbnail","6":"product_cat-motherboards-board-parts","7":"product_tag-dell","9":"first","10":"instock","11":"taxable","12":"shipping-taxable","13":"purchasable","14":"product-type-simple"},"_links":{"self":[{"href":"https:\/\/boreait.com\/hu\/wp-json\/wp\/v2\/product\/4499","targetHints":{"allow":["GET"]}}],"collection":[{"href":"https:\/\/boreait.com\/hu\/wp-json\/wp\/v2\/product"}],"about":[{"href":"https:\/\/boreait.com\/hu\/wp-json\/wp\/v2\/types\/product"}],"wp:featuredmedia":[{"embeddable":true,"href":"https:\/\/boreait.com\/hu\/wp-json\/wp\/v2\/media\/4540"}],"wp:attachment":[{"href":"https:\/\/boreait.com\/hu\/wp-json\/wp\/v2\/media?parent=4499"}],"wp:term":[{"taxonomy":"product_brand","embeddable":true,"href":"https:\/\/boreait.com\/hu\/wp-json\/wp\/v2\/product_brand?post=4499"},{"taxonomy":"product_cat","embeddable":true,"href":"https:\/\/boreait.com\/hu\/wp-json\/wp\/v2\/product_cat?post=4499"},{"taxonomy":"product_tag","embeddable":true,"href":"https:\/\/boreait.com\/hu\/wp-json\/wp\/v2\/product_tag?post=4499"}],"curies":[{"name":"wp","href":"https:\/\/api.w.org\/{rel}","templated":true}]}}