{"id":4481,"date":"2025-09-17T10:58:41","date_gmt":"2025-09-17T08:58:41","guid":{"rendered":"https:\/\/boreait.com\/hu\/?post_type=product&#038;p=4481"},"modified":"2026-01-14T13:38:42","modified_gmt":"2026-01-14T12:38:42","slug":"sh50f50292-sh50e50294-oem-lenovo-panc-keszlet-kis-t460s-20f9-003cus-eredeti-csere","status":"publish","type":"product","link":"https:\/\/boreait.com\/hu\/termek\/sh50f50292-sh50e50294-oem-lenovo-panc-keszlet-kis-t460s-20f9-003cus-eredeti-csere\/","title":{"rendered":"SH50F50292 SH50E50294 OEM LENOVO P\u00c1NC K\u00c9SZLET KIS T460S 20F9-003CUS \u2013 Eredeti csere"},"content":{"rendered":"<p>Ha probl\u00e9m\u00e1kba \u00fctk\u00f6zik Lenovo T460S 20F9-003CUS laptopja zsan\u00e9rjaival kapcsolatban, ideje helyre\u00e1ll\u00edtani annak funkcionalit\u00e1s\u00e1t \u00e9s megjelen\u00e9s\u00e9t az SH50F50292 SH50E50294 OEM LENOVO HINGE KIT seg\u00edts\u00e9g\u00e9vel.<\/p>\n<p>F\u0151bb jellemz\u0151k:<\/p>\n<ul>\n<li>Eredeti OEM Lenovo csukl\u00f3k\u00e9szlet<\/li>\n<li>Kompatibilis a Lenovo T460S 20F9-003CUS-szal (kis m\u00e9ret\u0171 v\u00e1ltozat)<\/li>\n<li>Vissza\u00e1ll\u00edtja a megfelel\u0151 zsan\u00e9rm\u0171k\u00f6d\u00e9st \u00e9s a laptop eszt\u00e9tik\u00e1j\u00e1t<\/li>\n<li>Megb\u00edzhat\u00f3 \u00e9s tart\u00f3s csere<\/li>\n<\/ul>\n<p>Ez a zsan\u00e9rk\u00e9szlet egy hiteles Lenovo csere, ami azt jelenti, hogy megb\u00edzhat min\u0151s\u00e9g\u00e9ben \u00e9s pontos illeszked\u00e9s\u00e9ben. A Lenovo ezeket a zsan\u00e9rokat \u00fagy tervezte, hogy biztos\u00edts\u00e1k laptopja kijelz\u0151j\u00e9nek z\u00f6kken\u0151mentes \u00e9s biztons\u00e1gos m\u0171k\u00f6d\u00e9s\u00e9t. Ezzel az OEM zsan\u00e9rk\u00e9szlettel megtapasztalhatja a laptopj\u00e1t\u00f3l elv\u00e1rhat\u00f3 mozg\u00e1s \u00e9s pozicion\u00e1l\u00e1s teljes sk\u00e1l\u00e1j\u00e1t.<\/p>\n<p>K\u00e9rj\u00fck, vegye figyelembe, hogy ez a lista val\u00f3di f\u00e9nyk\u00e9peket tartalmaz az SH50F50292 SH50E50294 OEM LENOVO HINGE KIT-r\u0151l, \u00e9s nem tartalmaz telep\u00edt\u00e9si utas\u00edt\u00e1st. Ha b\u00e1rmilyen k\u00e9rd\u00e9se van, vagy tov\u00e1bbi seg\u00edts\u00e9gre van sz\u00fcks\u00e9ge, ne habozzon kapcsolatba l\u00e9pni. \u00dajra\u00e9leszti laptopja teljes\u00edtm\u00e9ny\u00e9t \u00e9s eszt\u00e9tik\u00e1j\u00e1t ezzel az eredeti Lenovo zsan\u00e9rk\u00e9szlettel.<\/p>\n","protected":false},"excerpt":{"rendered":"<p>Cser\u00e9lje ki laptopja elhaszn\u00e1l\u00f3dott vagy s\u00e9r\u00fclt csukl\u00f3p\u00e1ntjait az eredeti SH50F50292 SH50E50294 OEM LENOVO HINGE KIT-re, amelyet a kis m\u00e9ret\u0171 T460S 20F9-003CUS laptophoz terveztek. Ezek a kiv\u00e1l\u00f3 min\u0151s\u00e9g\u0171 zsan\u00e9rok autentikus Lenovo csere, prec\u00edz illeszked\u00e9st \u00e9s megb\u00edzhat\u00f3 teljes\u00edtm\u00e9nyt biztos\u00edtanak. \u00c1ll\u00edtsa vissza laptopja funkcionalit\u00e1s\u00e1t \u00e9s megjelen\u00e9s\u00e9t ezzel az OEM zsan\u00e9rk\u00e9szlettel.<\/p>\n","protected":false},"featured_media":4526,"template":"","meta":[],"product_brand":[],"product_cat":[19],"product_tag":[26],"class_list":{"0":"post-4481","1":"product","2":"type-product","3":"status-publish","4":"has-post-thumbnail","6":"product_cat-screen-hinge","7":"product_tag-lenovo","9":"first","10":"instock","11":"taxable","12":"shipping-taxable","13":"purchasable","14":"product-type-simple"},"_links":{"self":[{"href":"https:\/\/boreait.com\/hu\/wp-json\/wp\/v2\/product\/4481","targetHints":{"allow":["GET"]}}],"collection":[{"href":"https:\/\/boreait.com\/hu\/wp-json\/wp\/v2\/product"}],"about":[{"href":"https:\/\/boreait.com\/hu\/wp-json\/wp\/v2\/types\/product"}],"wp:featuredmedia":[{"embeddable":true,"href":"https:\/\/boreait.com\/hu\/wp-json\/wp\/v2\/media\/4526"}],"wp:attachment":[{"href":"https:\/\/boreait.com\/hu\/wp-json\/wp\/v2\/media?parent=4481"}],"wp:term":[{"taxonomy":"product_brand","embeddable":true,"href":"https:\/\/boreait.com\/hu\/wp-json\/wp\/v2\/product_brand?post=4481"},{"taxonomy":"product_cat","embeddable":true,"href":"https:\/\/boreait.com\/hu\/wp-json\/wp\/v2\/product_cat?post=4481"},{"taxonomy":"product_tag","embeddable":true,"href":"https:\/\/boreait.com\/hu\/wp-json\/wp\/v2\/product_tag?post=4481"}],"curies":[{"name":"wp","href":"https:\/\/api.w.org\/{rel}","templated":true}]}}