{"id":4478,"date":"2025-09-17T10:58:40","date_gmt":"2025-09-17T08:58:40","guid":{"rendered":"https:\/\/boreait.com\/hu\/?post_type=product&#038;p=4478"},"modified":"2026-01-14T13:37:44","modified_gmt":"2026-01-14T12:37:44","slug":"hynix-1-gb-os-laptop-memoria-ram-hymp512s64bp8-y5-ab-t-2rx8-pc2-53000s-555-12-novelje-laptopja-teljesitmenyet","status":"publish","type":"product","link":"https:\/\/boreait.com\/hu\/termek\/hynix-1-gb-os-laptop-memoria-ram-hymp512s64bp8-y5-ab-t-2rx8-pc2-53000s-555-12-novelje-laptopja-teljesitmenyet\/","title":{"rendered":"Hynix 1 GB-os Laptop mem\u00f3ria Ram HYMP512S64BP8-Y5 AB-T 2Rx8 PC2-53000S-555-12 &#8211; N\u00f6velje laptopja teljes\u00edtm\u00e9ny\u00e9t!"},"content":{"rendered":"<p>B\u0151v\u00edtse laptopj\u00e1t a Hynix 1 GB-os, HYMP512S64BP8-Y5 AB-T laptop mem\u00f3riak\u00e1rty\u00e1val, \u00e9s tapasztalja meg a teljes\u00edtm\u00e9ny \u00e9szrevehet\u0151 javul\u00e1s\u00e1t. Ezt a kiv\u00e1l\u00f3 min\u0151s\u00e9g\u0171 RAM-modult \u00fagy tervezt\u00e9k, hogy g\u00f6rd\u00fcl\u00e9kenyebb \u00e9s hat\u00e9konyabb sz\u00e1m\u00edt\u00e1si \u00e9lm\u00e9nyt ny\u00fajtson.<\/p>\n<p>F\u0151bb jellemz\u0151k:<\/p>\n<ul>\n<li>Kapacit\u00e1s: 1 GB<\/li>\n<li>RAM t\u00edpusa: DDR2<\/li>\n<li>Mem\u00f3ria sebess\u00e9ge: PC2-53000 (667MHz)<\/li>\n<li>Modul t\u00edpusa: 2Rx8<\/li>\n<li>Modell: HYMP512S64BP8-Y5 AB-T<\/li>\n<\/ul>\n<p>N\u00f6velje laptopja t\u00f6bbfeladatos k\u00e9pess\u00e9g\u00e9t, cs\u00f6kkentse a k\u00e9s\u00e9st, \u00e9s \u00e9lvezze a gyorsabb alkalmaz\u00e1sbet\u00f6lt\u00e9si id\u0151t. Ez az 1 GB-os RAM modul ide\u00e1lis azok sz\u00e1m\u00e1ra, akik laptopjuk teljes\u00edtm\u00e9ny\u00e9t szeretn\u00e9k n\u00f6velni an\u00e9lk\u00fcl, hogy teljesen \u00faj rendszerbe fektetn\u00e9nek.<\/p>\n<p>K\u00e9rj\u00fck, vegye figyelembe, hogy ez a lista val\u00f3s f\u00e9nyk\u00e9peket tartalmaz a Hynix 1 GB-os Laptop Memory Ram HYMP512S64BP8-Y5 AB-T-r\u0151l, \u00e9s nem tartalmazza a telep\u00edt\u00e9si utas\u00edt\u00e1sokat. Ha b\u00e1rmilyen k\u00e9rd\u00e9se van, vagy tov\u00e1bbi inform\u00e1ci\u00f3ra van sz\u00fcks\u00e9ge, forduljon hozz\u00e1nk bizalommal. Friss\u00edtse laptopj\u00e1t m\u00e9g ma, \u00e9s \u00e9lvezze a hat\u00e9konyabb \u00e9s \u00e9rz\u00e9kenyebb sz\u00e1m\u00edt\u00e1stechnikai \u00e9lm\u00e9nyt.<\/p>\n","protected":false},"excerpt":{"rendered":"<p>N\u00f6velje laptopja teljes\u00edtm\u00e9ny\u00e9t a Hynix 1 GB-os, HYMP512S64BP8-Y5 AB-T laptop mem\u00f3riak\u00e1rty\u00e1val. Ezt az 1 GB-os RAM-modult \u00fagy tervezt\u00e9k, hogy jelent\u0151s teljes\u00edtm\u00e9nyn\u00f6veked\u00e9st biztos\u00edtson, \u00edgy kiv\u00e1l\u00f3 v\u00e1laszt\u00e1s laptop-friss\u00edt\u00e9sekhez. \u00c9lvezze a g\u00f6rd\u00fcl\u00e9kenyebb t\u00f6bbfeladatos munkav\u00e9gz\u00e9st, a gyorsabb alkalmaz\u00e1sbet\u00f6lt\u00e9st \u00e9s a jobb \u00e1ltal\u00e1nos v\u00e1laszk\u00e9szs\u00e9get.<\/p>\n","protected":false},"featured_media":4523,"template":"","meta":[],"product_brand":[],"product_cat":[41,36],"product_tag":[],"class_list":{"0":"post-4478","1":"product","2":"type-product","3":"status-publish","4":"has-post-thumbnail","6":"product_cat-ddr2","7":"product_cat-ram-memory","9":"first","10":"instock","11":"taxable","12":"shipping-taxable","13":"purchasable","14":"product-type-simple"},"_links":{"self":[{"href":"https:\/\/boreait.com\/hu\/wp-json\/wp\/v2\/product\/4478","targetHints":{"allow":["GET"]}}],"collection":[{"href":"https:\/\/boreait.com\/hu\/wp-json\/wp\/v2\/product"}],"about":[{"href":"https:\/\/boreait.com\/hu\/wp-json\/wp\/v2\/types\/product"}],"wp:featuredmedia":[{"embeddable":true,"href":"https:\/\/boreait.com\/hu\/wp-json\/wp\/v2\/media\/4523"}],"wp:attachment":[{"href":"https:\/\/boreait.com\/hu\/wp-json\/wp\/v2\/media?parent=4478"}],"wp:term":[{"taxonomy":"product_brand","embeddable":true,"href":"https:\/\/boreait.com\/hu\/wp-json\/wp\/v2\/product_brand?post=4478"},{"taxonomy":"product_cat","embeddable":true,"href":"https:\/\/boreait.com\/hu\/wp-json\/wp\/v2\/product_cat?post=4478"},{"taxonomy":"product_tag","embeddable":true,"href":"https:\/\/boreait.com\/hu\/wp-json\/wp\/v2\/product_tag?post=4478"}],"curies":[{"name":"wp","href":"https:\/\/api.w.org\/{rel}","templated":true}]}}