{"id":4477,"date":"2025-09-17T10:58:40","date_gmt":"2025-09-17T08:58:40","guid":{"rendered":"https:\/\/boreait.com\/hu\/?post_type=product&#038;p=4477"},"modified":"2026-01-14T13:37:28","modified_gmt":"2026-01-14T12:37:28","slug":"lenovo-thinkpad-x200-intel-512an_mmw-wi-fi-map-d080241003-eredeti-csere","status":"publish","type":"product","link":"https:\/\/boreait.com\/hu\/termek\/lenovo-thinkpad-x200-intel-512an_mmw-wi-fi-map-d080241003-eredeti-csere\/","title":{"rendered":"Lenovo THINKPAD X200 Intel 512AN_Mmw Wi-Fi Map D080241003 \u2013 Eredeti csere"},"content":{"rendered":"<p>A Lenovo THINKPAD X200 Intel 512AN_Mmw Wi-Fi Map D080241003 a megold\u00e1s a Wi-Fi csatlakoz\u00e1si ig\u00e9nyeire. Ha Lenovo laptopja Wi-Fi-je nem m\u0171k\u00f6dik, vagy megb\u00edzhat\u00f3bb vezet\u00e9k n\u00e9lk\u00fcli kapcsolatra szeretne friss\u00edteni, ez az eredeti cserealkatr\u00e9sz a megold\u00e1s.<\/p>\n<p>F\u0151bb jellemz\u0151k:<\/p>\n<ul>\n<li>Kompatibilis a Lenovo THINKPAD X200-zal<\/li>\n<li>Eredeti Intel 512AN_Mmw Wi-Fi Map D080241003<\/li>\n<li>Megb\u00edzhat\u00f3 \u00e9s gyors vezet\u00e9k n\u00e9lk\u00fcli kapcsolatot biztos\u00edt<\/li>\n<li>Ide\u00e1lis hib\u00e1s vagy elavult Wi-Fi-modul cser\u00e9j\u00e9hez<\/li>\n<\/ul>\n<p>Ezzel a Wi-Fi-t\u00e9rk\u00e9ppel z\u00f6kken\u0151mentes \u00e9s megb\u00edzhat\u00f3 vezet\u00e9k n\u00e9lk\u00fcli kapcsolatokat \u00e9lvezhet, legyen sz\u00f3 munk\u00e1r\u00f3l, sz\u00f3rakoz\u00e1sr\u00f3l vagy \u00fatk\u00f6zbeni kapcsolattart\u00e1sr\u00f3l. Ez az Intel-komponens teljes\u00edtm\u00e9ny\u00e9r\u0151l \u00e9s min\u0151s\u00e9g\u00e9r\u0151l ismert, \u00edgy t\u00f6k\u00e9letesen illeszkedik Lenovo THINKPAD X200-hoz.<\/p>\n<p>K\u00e9rj\u00fck, vegye figyelembe, hogy a Lenovo THINKPAD X200 Intel 512AN_Mmw Wi-Fi Map D080241003 val\u00f3di fot\u00f3i szerepelnek a list\u00e1n. Telep\u00edt\u00e9si \u00fatmutat\u00f3 nem tal\u00e1lhat\u00f3, de ha b\u00e1rmilyen k\u00e9rd\u00e9se van, vagy seg\u00edts\u00e9gre van sz\u00fcks\u00e9ge, forduljon hozz\u00e1nk bizalommal.<\/p>\n<p>Eleven\u00edtse fel Lenovo THINKPAD X200 Wi-Fi k\u00e9pess\u00e9geit ezzel az eredeti Intel cserealkatr\u00e9szrel. Tapasztalja meg a megb\u00edzhat\u00f3 vezet\u00e9k n\u00e9lk\u00fcli kapcsolat ny\u00fajtotta k\u00e9nyelmet, \u00e9s maradjon megszak\u00edt\u00e1sok n\u00e9lk\u00fcl kapcsolatban.<\/p>\n","protected":false},"excerpt":{"rendered":"<p>Fejlessze Lenovo THINKPAD X200 k\u00e9sz\u00fcl\u00e9k\u00e9t az Intel 512AN_Mmw Wi-Fi Map D080241003 seg\u00edts\u00e9g\u00e9vel. Ez egy eredeti cserealkatr\u00e9sz, amely megb\u00edzhat\u00f3 Wi-Fi-kapcsolatot biztos\u00edt laptopja sz\u00e1m\u00e1ra. Cser\u00e9lje ki hib\u00e1s vagy elavult Wi-Fi modulj\u00e1t erre az Intel komponensre, amelyet a z\u00f6kken\u0151mentes csatlakoz\u00e1sra \u00e9s az optim\u00e1lis teljes\u00edtm\u00e9nyre terveztek. Tegye \u00fajra online Lenovo THINKPAD X200 k\u00e9sz\u00fcl\u00e9k\u00e9t ezzel a kiv\u00e1l\u00f3 min\u0151s\u00e9g\u0171 Wi-Fi t\u00e9rk\u00e9ppel.<\/p>\n","protected":false},"featured_media":4521,"template":"","meta":[],"product_brand":[],"product_cat":[27],"product_tag":[26],"class_list":{"0":"post-4477","1":"product","2":"type-product","3":"status-publish","4":"has-post-thumbnail","6":"product_cat-motherboards-board-parts","7":"product_tag-lenovo","9":"first","10":"instock","11":"taxable","12":"shipping-taxable","13":"purchasable","14":"product-type-simple"},"_links":{"self":[{"href":"https:\/\/boreait.com\/hu\/wp-json\/wp\/v2\/product\/4477","targetHints":{"allow":["GET"]}}],"collection":[{"href":"https:\/\/boreait.com\/hu\/wp-json\/wp\/v2\/product"}],"about":[{"href":"https:\/\/boreait.com\/hu\/wp-json\/wp\/v2\/types\/product"}],"wp:featuredmedia":[{"embeddable":true,"href":"https:\/\/boreait.com\/hu\/wp-json\/wp\/v2\/media\/4521"}],"wp:attachment":[{"href":"https:\/\/boreait.com\/hu\/wp-json\/wp\/v2\/media?parent=4477"}],"wp:term":[{"taxonomy":"product_brand","embeddable":true,"href":"https:\/\/boreait.com\/hu\/wp-json\/wp\/v2\/product_brand?post=4477"},{"taxonomy":"product_cat","embeddable":true,"href":"https:\/\/boreait.com\/hu\/wp-json\/wp\/v2\/product_cat?post=4477"},{"taxonomy":"product_tag","embeddable":true,"href":"https:\/\/boreait.com\/hu\/wp-json\/wp\/v2\/product_tag?post=4477"}],"curies":[{"name":"wp","href":"https:\/\/api.w.org\/{rel}","templated":true}]}}