{"id":4475,"date":"2025-09-17T10:58:40","date_gmt":"2025-09-17T08:58:40","guid":{"rendered":"https:\/\/boreait.com\/hu\/?post_type=product&#038;p=4475"},"modified":"2026-01-12T10:26:47","modified_gmt":"2026-01-12T09:26:47","slug":"samsung-2gb-2rx8-pc2-6400s-666-12-e3-ddr2-ram-200-pin-so-dimm-m470t5663qz3","status":"publish","type":"product","link":"https:\/\/boreait.com\/hu\/termek\/samsung-2gb-2rx8-pc2-6400s-666-12-e3-ddr2-ram-200-pin-so-dimm-m470t5663qz3\/","title":{"rendered":"Samsung 2GB 2Rx8 PC2-6400S-666-12-E3 DDR2 RAM 200 PIN SO-DIMM M470T5663QZ3"},"content":{"rendered":"<p>Az M470T5663QZ3 modellsz\u00e1m\u00fa Samsung 2 GB DDR2 RAM modul az \u00d6n megold\u00e1sa laptopja teljes\u00edtm\u00e9ny\u00e9nek jav\u00edt\u00e1s\u00e1ra. Ezt a DDR2 SODIMM modult \u00fagy tervezt\u00e9k, hogy kompatibilis legyen a laptopok sz\u00e9les sk\u00e1l\u00e1j\u00e1val, \u00edgy kiv\u00e1l\u00f3 v\u00e1laszt\u00e1s a friss\u00edt\u00e9shez.<\/p>\n<p>F\u0151bb jellemz\u0151k:<\/p>\n<ul>\n<li>Kapacit\u00e1s: 2 GB<\/li>\n<li>T\u00edpus: DDR2 SODIMM<\/li>\n<li>Sebess\u00e9g: PC2-6400S (DDR2-800)<\/li>\n<li>T\u0171k sz\u00e1ma: 200 PIN<\/li>\n<li>Alkatr\u00e9szsz\u00e1m: M470T5663QZ3<\/li>\n<\/ul>\n<p>Ha hozz\u00e1adja ezt a mem\u00f3riamodult laptopj\u00e1hoz, az jelent\u0151sen megn\u00f6veli a t\u00f6bbfeladatos munkav\u00e9gz\u00e9st, gyorsabb adatel\u00e9r\u00e9st \u00e9s egyenletesebb \u00e1ltal\u00e1nos teljes\u00edtm\u00e9nyt ny\u00fajt. Ha azt tapasztalja, hogy laptopja lelassul, amikor t\u00f6bb alkalmaz\u00e1st futtat vagy megterhel\u0151 feladatokat hajt v\u00e9gre, ez a RAM-b\u0151v\u00edt\u00e9s \u00e9szrevehet\u0151 v\u00e1ltoz\u00e1st hozhat.<\/p>\n<p>K\u00e9rj\u00fck, vegye figyelembe, hogy ez a lista val\u00f3di f\u00e9nyk\u00e9peket tartalmaz a Samsung 2 GB-os DDR2 RAM modulj\u00e1r\u00f3l, \u00e9s nem tartalmaz telep\u00edt\u00e9si utas\u00edt\u00e1sokat. Ha b\u00e1rmilyen k\u00e9rd\u00e9se van, vagy seg\u00edts\u00e9gre van sz\u00fcks\u00e9ge a kompatibilit\u00e1ssal kapcsolatban, forduljon hozz\u00e1nk bizalommal. N\u00f6velje laptopja teljes\u00edtm\u00e9ny\u00e9t ezzel a kiv\u00e1l\u00f3 min\u0151s\u00e9g\u0171 Samsung DDR2 RAM modullal.<\/p>\n","protected":false},"excerpt":{"rendered":"<p>N\u00f6velje laptopja teljes\u00edtm\u00e9ny\u00e9t a Samsung 2 GB DDR2 RAM modullal. Ez a DDR2 SODIMM (Small Outline Dual In-Line Memory Module) megb\u00edzhat\u00f3 v\u00e1laszt\u00e1s laptopja mem\u00f3ri\u00e1j\u00e1nak b\u0151v\u00edt\u00e9s\u00e9re. 2 GB kapacit\u00e1s\u00e1val ez a modul t\u00f6k\u00e9letes a rendszer t\u00f6bbfeladatos k\u00e9pess\u00e9g\u00e9nek \u00e9s \u00e1ltal\u00e1nos v\u00e1laszk\u00e9szs\u00e9g\u00e9nek n\u00f6vel\u00e9s\u00e9re.<\/p>\n","protected":false},"featured_media":4518,"template":"","meta":[],"product_brand":[],"product_cat":[41,36],"product_tag":[],"class_list":{"0":"post-4475","1":"product","2":"type-product","3":"status-publish","4":"has-post-thumbnail","6":"product_cat-ddr2","7":"product_cat-ram-memory","9":"first","10":"instock","11":"taxable","12":"shipping-taxable","13":"purchasable","14":"product-type-simple"},"_links":{"self":[{"href":"https:\/\/boreait.com\/hu\/wp-json\/wp\/v2\/product\/4475","targetHints":{"allow":["GET"]}}],"collection":[{"href":"https:\/\/boreait.com\/hu\/wp-json\/wp\/v2\/product"}],"about":[{"href":"https:\/\/boreait.com\/hu\/wp-json\/wp\/v2\/types\/product"}],"wp:featuredmedia":[{"embeddable":true,"href":"https:\/\/boreait.com\/hu\/wp-json\/wp\/v2\/media\/4518"}],"wp:attachment":[{"href":"https:\/\/boreait.com\/hu\/wp-json\/wp\/v2\/media?parent=4475"}],"wp:term":[{"taxonomy":"product_brand","embeddable":true,"href":"https:\/\/boreait.com\/hu\/wp-json\/wp\/v2\/product_brand?post=4475"},{"taxonomy":"product_cat","embeddable":true,"href":"https:\/\/boreait.com\/hu\/wp-json\/wp\/v2\/product_cat?post=4475"},{"taxonomy":"product_tag","embeddable":true,"href":"https:\/\/boreait.com\/hu\/wp-json\/wp\/v2\/product_tag?post=4475"}],"curies":[{"name":"wp","href":"https:\/\/api.w.org\/{rel}","templated":true}]}}