{"id":4474,"date":"2025-09-17T10:58:40","date_gmt":"2025-09-17T08:58:40","guid":{"rendered":"https:\/\/boreait.com\/hu\/?post_type=product&#038;p=4474"},"modified":"2026-01-12T10:26:32","modified_gmt":"2026-01-12T09:26:32","slug":"elpida-1gb-2rx16-pc2-5300s-555-laptop-ram-modul-megnovelt-teljesitmeny","status":"publish","type":"product","link":"https:\/\/boreait.com\/hu\/termek\/elpida-1gb-2rx16-pc2-5300s-555-laptop-ram-modul-megnovelt-teljesitmeny\/","title":{"rendered":"Elpida 1GB 2RX16 PC2-5300S-555 Laptop RAM modul \u2013 Megn\u00f6velt teljes\u00edtm\u00e9ny!"},"content":{"rendered":"<p>N\u00f6velje laptopja teljes\u00edtm\u00e9ny\u00e9t az Elpida 1 GB 2RX16 PC2-5300S-555 laptop RAM modullal. Ezzel a mem\u00f3riamodullal k\u00f6lts\u00e9ghat\u00e9kony m\u00f3don n\u00f6velheti laptopja sebess\u00e9g\u00e9t \u00e9s t\u00f6bbfeladatos k\u00e9pess\u00e9geit.<\/p>\n<p>F\u0151bb jellemz\u0151k:<\/p>\n<ul>\n<li>Mem\u00f3ria m\u00e9rete: 1 GB<\/li>\n<li>Mem\u00f3ria t\u00edpusa: DDR2 SDRAM<\/li>\n<li>Mem\u00f3ria sebess\u00e9ge: PC2-5300 (DDR2-667)<\/li>\n<li>Forma t\u00e9nyez\u0151: 200 t\u0171s SODIMM<\/li>\n<\/ul>\n<p>Ha laptopja RAM-j\u00e1t az Elpida 1 GB-os modullal b\u0151v\u00edti, sim\u00e1bb \u00e9s hat\u00e9konyabb teljes\u00edtm\u00e9nyt fog tapasztalni. Ak\u00e1r t\u00f6bb alkalmaz\u00e1st futtat, ak\u00e1r f\u00e9nyk\u00e9peket szerkeszt, ak\u00e1r er\u0151forr\u00e1sig\u00e9nyes feladatokat v\u00e9gez, ez a mem\u00f3riamodul biztos\u00edtja, hogy laptopja l\u00e9p\u00e9st tudjon tartani az \u00d6n ig\u00e9nyeivel.<\/p>\n<p>K\u00e9rj\u00fck, vegye figyelembe, hogy ez a lista val\u00f3s f\u00e9nyk\u00e9peket tartalmaz az Elpida 1GB 2RX16 PC2-5300S-555 laptop RAM modulj\u00e1r\u00f3l, \u00e9s nem tartalmaz telep\u00edt\u00e9si utas\u00edt\u00e1st. Ha b\u00e1rmilyen k\u00e9rd\u00e9se van, vagy tov\u00e1bbi inform\u00e1ci\u00f3ra van sz\u00fcks\u00e9ge, ne habozzon kapcsolatba l\u00e9pni vel\u00fcnk. Friss\u00edtse laptopj\u00e1t m\u00e9g ma, \u00e9s \u00e9lvezze az \u00e9rz\u00e9kenyebb sz\u00e1m\u00edt\u00e1stechnikai \u00e9lm\u00e9nyt.<\/p>\n<p>Ne felejtse el felvenni a t\u00e9nyleges term\u00e9kfot\u00f3kat az eBay-list\u00e1j\u00e1ba, \u00e9s szem\u00e9lyre szabja a tartalmat, hogy illeszkedjen webhelye kialak\u00edt\u00e1s\u00e1hoz \u00e9s form\u00e1z\u00e1s\u00e1hoz.<\/p>\n","protected":false},"excerpt":{"rendered":"<p>N\u00f6velje laptopja teljes\u00edtm\u00e9ny\u00e9t az Elpida 1 GB 2RX16 PC2-5300S-555 laptop RAM modullal. Ezt a megb\u00edzhat\u00f3 mem\u00f3riab\u0151v\u00edt\u00e9st \u00fagy tervezt\u00e9k, hogy n\u00f6velje laptopja sebess\u00e9g\u00e9t \u00e9s t\u00f6bbfeladatos k\u00e9pess\u00e9g\u00e9t. Az 1 GB mem\u00f3ri\u00e1val elegend\u0151 helyet biztos\u00edt az alkalmaz\u00e1sok futtat\u00e1s\u00e1hoz \u00e9s a t\u00f6bbfeladatos egyszer\u0171 munkav\u00e9gz\u00e9shez. Tapasztalja meg laptopja \u00e1ltal\u00e1nos teljes\u00edtm\u00e9ny\u00e9nek \u00e9szrevehet\u0151 javul\u00e1s\u00e1t.<\/p>\n","protected":false},"featured_media":4517,"template":"","meta":[],"product_brand":[],"product_cat":[41,36],"product_tag":[],"class_list":{"0":"post-4474","1":"product","2":"type-product","3":"status-publish","4":"has-post-thumbnail","6":"product_cat-ddr2","7":"product_cat-ram-memory","9":"first","10":"instock","11":"taxable","12":"shipping-taxable","13":"purchasable","14":"product-type-simple"},"_links":{"self":[{"href":"https:\/\/boreait.com\/hu\/wp-json\/wp\/v2\/product\/4474","targetHints":{"allow":["GET"]}}],"collection":[{"href":"https:\/\/boreait.com\/hu\/wp-json\/wp\/v2\/product"}],"about":[{"href":"https:\/\/boreait.com\/hu\/wp-json\/wp\/v2\/types\/product"}],"wp:featuredmedia":[{"embeddable":true,"href":"https:\/\/boreait.com\/hu\/wp-json\/wp\/v2\/media\/4517"}],"wp:attachment":[{"href":"https:\/\/boreait.com\/hu\/wp-json\/wp\/v2\/media?parent=4474"}],"wp:term":[{"taxonomy":"product_brand","embeddable":true,"href":"https:\/\/boreait.com\/hu\/wp-json\/wp\/v2\/product_brand?post=4474"},{"taxonomy":"product_cat","embeddable":true,"href":"https:\/\/boreait.com\/hu\/wp-json\/wp\/v2\/product_cat?post=4474"},{"taxonomy":"product_tag","embeddable":true,"href":"https:\/\/boreait.com\/hu\/wp-json\/wp\/v2\/product_tag?post=4474"}],"curies":[{"name":"wp","href":"https:\/\/api.w.org\/{rel}","templated":true}]}}