{"id":4456,"date":"2025-09-17T10:58:15","date_gmt":"2025-09-17T08:58:15","guid":{"rendered":"https:\/\/boreait.com\/hu\/?post_type=product&#038;p=4456"},"modified":"2025-09-17T10:59:11","modified_gmt":"2025-09-17T08:59:11","slug":"toshiba-satellite-u400-usb-es-ethernet-kartya-eredeti-cserealkatresz","status":"publish","type":"product","link":"https:\/\/boreait.com\/hu\/termek\/toshiba-satellite-u400-usb-es-ethernet-kartya-eredeti-cserealkatresz\/","title":{"rendered":"Toshiba Satellite U400 USB \u00e9s Ethernet k\u00e1rtya &#8211; &#8211; Eredeti cserealkatr\u00e9sz"},"content":{"rendered":"<p>\u00dajra\u00e9leszti Toshiba Satellite U400 csatlakoztathat\u00f3s\u00e1g\u00e1t a Toshiba USB &amp; Ethernet k\u00e1rtya \u2013 DA0BU2TH8D0, egy eredeti cserealkatr\u00e9sz, amelyet arra terveztek, hogy helyre\u00e1ll\u00edtsa laptopja alapvet\u0151 USB \u00e9s Ethernet funkci\u00f3it.<\/p>\n<p>F\u0151bb jellemz\u0151k:<\/p>\n<ul>\n<li>Eredeti cserealkatr\u00e9sz<\/li>\n<li>Toshiba Satellite U400 kompatibilis<\/li>\n<li>Vissza\u00e1ll\u00edtja az USB- \u00e9s Ethernet-portokat<\/li>\n<li>Kiv\u00e1l\u00f3 min\u0151s\u00e9g\u0171 \u00e9s megb\u00edzhat\u00f3<\/li>\n<\/ul>\n<p>Ez az USB &amp; Az Ethernet k\u00e1rtya t\u00f6k\u00e9letes megold\u00e1s, ha laptopja USB \u00e9s Ethernet portjai hib\u00e1san m\u0171k\u00f6dnek, vagy nem reag\u00e1lnak. Biztos\u00edtja, hogy k\u00f6nnyed\u00e9n csatlakoztathassa perif\u00e9ri\u00e1it, p\u00e9ld\u00e1ul USB-meghajt\u00f3kat vagy Ethernet-k\u00e1beleket, lehet\u0151v\u00e9 t\u00e9ve a produkt\u00edv \u00e9s a kapcsolattart\u00e1st.<\/p>\n<p>K\u00e9rj\u00fck, vegye figyelembe, hogy ez a lista t\u00e9nyleges term\u00e9kfot\u00f3kat tartalmaz, \u00e9s nem tartalmaz telep\u00edt\u00e9si utas\u00edt\u00e1st. Ha tov\u00e1bbi inform\u00e1ci\u00f3ra van sz\u00fcks\u00e9ge, vagy k\u00e9rd\u00e9se van a csere folyamat\u00e1val kapcsolatban, forduljon bizalommal.<\/p>\n<p>Fefektessen be ebbe az eredeti Toshiba cserealkatr\u00e9szbe, hogy Toshiba Satellite U400 k\u00e9sz\u00fcl\u00e9ke hat\u00e9konyan m\u0171k\u00f6dj\u00f6n, \u00e9s a legt\u00f6bbet hozza ki laptopja csatlakoz\u00e1si k\u00e9pess\u00e9geib\u0151l. Ne hagyja, hogy a csatlakoz\u00e1si probl\u00e9m\u00e1k visszatarts\u00e1k; friss\u00edtse \u00e9s \u00e1ll\u00edtsa vissza laptopja teljes\u00edtm\u00e9ny\u00e9t m\u00e9g ma.<\/p>\n","protected":false},"excerpt":{"rendered":"<p>Fokozza a Toshiba Satellite U400 csatlakoztathat\u00f3s\u00e1g\u00e1t az eredeti Toshiba USB \u00e9s amp; Ethernet k\u00e1rtya &#8211; DA0BU2TH8D0. Ez a cserealkatr\u00e9sz biztos\u00edtja, hogy laptopja USB- \u00e9s Ethernet-portjai hib\u00e1tlanul m\u0171k\u00f6djenek, vissza\u00e1ll\u00edtva a l\u00e9tfontoss\u00e1g\u00fa kapcsol\u00f3d\u00e1si funkci\u00f3kat a laptopon. Ezzel a kiv\u00e1l\u00f3 min\u0151s\u00e9g\u0171 k\u00e1rty\u00e1val a Toshiba Satellite U400 z\u00f6kken\u0151mentesen \u00e9s hat\u00e9konyan m\u0171k\u00f6dhet.<\/p>\n","protected":false},"featured_media":4515,"template":"","meta":[],"product_brand":[],"product_cat":[27],"product_tag":[34],"class_list":{"0":"post-4456","1":"product","2":"type-product","3":"status-publish","4":"has-post-thumbnail","6":"product_cat-motherboards-board-parts","7":"product_tag-toshiba","9":"first","10":"instock","11":"taxable","12":"shipping-taxable","13":"purchasable","14":"product-type-simple"},"_links":{"self":[{"href":"https:\/\/boreait.com\/hu\/wp-json\/wp\/v2\/product\/4456","targetHints":{"allow":["GET"]}}],"collection":[{"href":"https:\/\/boreait.com\/hu\/wp-json\/wp\/v2\/product"}],"about":[{"href":"https:\/\/boreait.com\/hu\/wp-json\/wp\/v2\/types\/product"}],"wp:featuredmedia":[{"embeddable":true,"href":"https:\/\/boreait.com\/hu\/wp-json\/wp\/v2\/media\/4515"}],"wp:attachment":[{"href":"https:\/\/boreait.com\/hu\/wp-json\/wp\/v2\/media?parent=4456"}],"wp:term":[{"taxonomy":"product_brand","embeddable":true,"href":"https:\/\/boreait.com\/hu\/wp-json\/wp\/v2\/product_brand?post=4456"},{"taxonomy":"product_cat","embeddable":true,"href":"https:\/\/boreait.com\/hu\/wp-json\/wp\/v2\/product_cat?post=4456"},{"taxonomy":"product_tag","embeddable":true,"href":"https:\/\/boreait.com\/hu\/wp-json\/wp\/v2\/product_tag?post=4456"}],"curies":[{"name":"wp","href":"https:\/\/api.w.org\/{rel}","templated":true}]}}