{"id":4454,"date":"2025-09-17T10:58:15","date_gmt":"2025-09-17T08:58:15","guid":{"rendered":"https:\/\/boreait.com\/hu\/?post_type=product&#038;p=4454"},"modified":"2025-09-17T10:59:08","modified_gmt":"2025-09-17T08:59:08","slug":"bluetooth-board-broadcom-eytfebs-modul-brcm1032","status":"publish","type":"product","link":"https:\/\/boreait.com\/hu\/termek\/bluetooth-board-broadcom-eytfebs-modul-brcm1032\/","title":{"rendered":"Bluetooth Board Broadcom EYTFEBS modul &#8211; BRCM1032"},"content":{"rendered":"<p>A Bluetooth Board Broadcom EYTFEBS Module &#8211; BRCM1032 az a megold\u00e1s, amelyre sz\u00fcks\u00e9ge van laptopja csatlakoz\u00e1si lehet\u0151s\u00e9geinek b\u0151v\u00edt\u00e9s\u00e9hez. Ezt a modult \u00fagy tervezt\u00e9k, hogy z\u00f6kken\u0151mentesen integr\u00e1lja a Bluetooth funkci\u00f3t a laptopj\u00e1ba, lehet\u0151v\u00e9 t\u00e9ve a vezet\u00e9k n\u00e9lk\u00fcli csatlakoz\u00e1st sz\u00e1mos eszk\u00f6zh\u00f6z.<\/p>\n<p>F\u0151bb jellemz\u0151k:<\/p>\n<ul>\n<li>Modell: BRCM1032<\/li>\n<li>K\u00fcl\u00f6nf\u00e9le laptopmodellekkel kompatibilis<\/li>\n<li>Lehet\u0151v\u00e9 teszi a vezet\u00e9k n\u00e9lk\u00fcli kapcsolatot a Bluetooth-eszk\u00f6z\u00f6kkel<\/li>\n<\/ul>\n<p>Ha ez a modul telep\u00edtve van, p\u00e1ros\u00edthatja laptopj\u00e1t Bluetooth fejhallgat\u00f3kkal, hangsz\u00f3r\u00f3kkal, egerekkel, billenty\u0171zetekkel \u00e9s m\u00e1s kompatibilis eszk\u00f6z\u00f6kkel. Mondjon b\u00facs\u00fat a kusza vezet\u00e9keknek, \u00e9s tapasztalja meg a vezet\u00e9k n\u00e9lk\u00fcli technol\u00f3gia ny\u00fajtotta k\u00e9nyelmet. Ak\u00e1r megl\u00e9v\u0151 laptopj\u00e1t friss\u00edti, ak\u00e1r Bluetooth-t ad hozz\u00e1 egy egyedileg \u00e9p\u00edtett rendszerhez, a Broadcom EYTFEBS Module megb\u00edzhat\u00f3 v\u00e1laszt\u00e1s.<\/p>\n<p>K\u00e9rj\u00fck, vegye figyelembe, hogy ez a lista val\u00f3di f\u00e9nyk\u00e9peket tartalmaz a Bluetooth Board Broadcom EYTFEBS modulj\u00e1r\u00f3l &#8211; BRCM1032. Telep\u00edt\u00e9si \u00fatmutat\u00f3 nem tal\u00e1lhat\u00f3, de ha k\u00e9rd\u00e9se van, vagy tov\u00e1bbi inform\u00e1ci\u00f3ra van sz\u00fcks\u00e9ge, forduljon bizalommal. B\u0151v\u00edtse laptopja csatlakoztathat\u00f3s\u00e1g\u00e1t, \u00e9s \u00e9lvezze a vezet\u00e9k n\u00e9lk\u00fcli vil\u00e1got ezzel a megb\u00edzhat\u00f3 Broadcom modullal.<\/p>\n","protected":false},"excerpt":{"rendered":"<p>Fokozza laptopja csatlakoztathat\u00f3s\u00e1g\u00e1t a Bluetooth Board Broadcom EYTFEBS modullal &#8211; BRCM1032. Ez a modul lehet\u0151v\u00e9 teszi, hogy Bluetooth funkci\u00f3t adjon laptopj\u00e1hoz, lehet\u0151v\u00e9 t\u00e9ve a vezet\u00e9k n\u00e9lk\u00fcli kapcsolatokat sz\u00e1mos eszk\u00f6zh\u00f6z, p\u00e9ld\u00e1ul fejhallgat\u00f3khoz, hangsz\u00f3r\u00f3khoz \u00e9s egyebekhez. Friss\u00edtse laptopj\u00e1t m\u00e9g ma, \u00e9s \u00e9lvezze a Bluetooth technol\u00f3gia ny\u00fajtotta k\u00e9nyelmet.<\/p>\n","protected":false},"featured_media":4512,"template":"","meta":[],"product_brand":[],"product_cat":[27],"product_tag":[],"class_list":{"0":"post-4454","1":"product","2":"type-product","3":"status-publish","4":"has-post-thumbnail","6":"product_cat-motherboards-board-parts","8":"first","9":"instock","10":"taxable","11":"shipping-taxable","12":"purchasable","13":"product-type-simple"},"_links":{"self":[{"href":"https:\/\/boreait.com\/hu\/wp-json\/wp\/v2\/product\/4454","targetHints":{"allow":["GET"]}}],"collection":[{"href":"https:\/\/boreait.com\/hu\/wp-json\/wp\/v2\/product"}],"about":[{"href":"https:\/\/boreait.com\/hu\/wp-json\/wp\/v2\/types\/product"}],"wp:featuredmedia":[{"embeddable":true,"href":"https:\/\/boreait.com\/hu\/wp-json\/wp\/v2\/media\/4512"}],"wp:attachment":[{"href":"https:\/\/boreait.com\/hu\/wp-json\/wp\/v2\/media?parent=4454"}],"wp:term":[{"taxonomy":"product_brand","embeddable":true,"href":"https:\/\/boreait.com\/hu\/wp-json\/wp\/v2\/product_brand?post=4454"},{"taxonomy":"product_cat","embeddable":true,"href":"https:\/\/boreait.com\/hu\/wp-json\/wp\/v2\/product_cat?post=4454"},{"taxonomy":"product_tag","embeddable":true,"href":"https:\/\/boreait.com\/hu\/wp-json\/wp\/v2\/product_tag?post=4454"}],"curies":[{"name":"wp","href":"https:\/\/api.w.org\/{rel}","templated":true}]}}