{"id":4452,"date":"2025-09-17T10:58:14","date_gmt":"2025-09-17T08:58:14","guid":{"rendered":"https:\/\/boreait.com\/hu\/?post_type=product&#038;p=4452"},"modified":"2026-01-12T10:25:58","modified_gmt":"2026-01-12T09:25:58","slug":"conexant-rd02-d450-laptop-56k-modem-toshiba-megbizhato-internetkapcsolat","status":"publish","type":"product","link":"https:\/\/boreait.com\/hu\/termek\/conexant-rd02-d450-laptop-56k-modem-toshiba-megbizhato-internetkapcsolat\/","title":{"rendered":"Conexant RD02-D450 laptop 56k modem Toshiba \u2013 Megb\u00edzhat\u00f3 internetkapcsolat"},"content":{"rendered":"<p>A Conexant RD02-D450 laptop 56k Toshiba modem a t\u00f6k\u00e9letes megold\u00e1s megb\u00edzhat\u00f3 internetkapcsolat biztos\u00edt\u00e1s\u00e1hoz Toshiba laptopja sz\u00e1m\u00e1ra. Ezt az 56k-s modemet \u00fagy tervezt\u00e9k, hogy stabil \u00e9s konzisztens internetkapcsolatot biztos\u00edtson, \u00edgy \u00e9rt\u00e9kes kieg\u00e9sz\u00edt\u0151je laptopja be\u00e1ll\u00edt\u00e1sainak.<\/p>\n<p>F\u0151bb jellemz\u0151k:<\/p>\n<ul>\n<li>Kompatibilit\u00e1s: Toshiba laptopokhoz tervezve<\/li>\n<li>Megb\u00edzhat\u00f3 kapcsolat: \u00c9lvezze a folyamatos internetkapcsolatot<\/li>\n<li>Munk\u00e1hoz \u00e9s sz\u00f3rakoz\u00e1shoz is alkalmas: Ak\u00e1r munk\u00e1val kapcsolatos feladatokhoz, ak\u00e1r laza b\u00f6ng\u00e9sz\u00e9shez van sz\u00fcks\u00e9ge r\u00e1, ez a modem biztos\u00edtja, hogy mindig kapcsolatban maradjon.<\/li>\n<\/ul>\n<p>A Conexant RD02-D450 56k Modem egy egyszer\u0171, m\u00e9gis n\u00e9lk\u00fcl\u00f6zhetetlen friss\u00edt\u00e9s laptopj\u00e1hoz. K\u00f6nnyen telep\u00edthet\u0151, \u00e9s biztos\u00edtja a k\u00fcl\u00f6nf\u00e9le online tev\u00e9kenys\u00e9gekhez sz\u00fcks\u00e9ges csatlakoz\u00e1st. Ne feledje, hogy a csomag nem tartalmaz telep\u00edt\u00e9si \u00fatmutat\u00f3t, de ha b\u00e1rmilyen k\u00e9rd\u00e9se van, vagy seg\u00edts\u00e9gre van sz\u00fcks\u00e9ge, forduljon bizalommal.<\/p>\n<p>Ez a lista val\u00f3di fot\u00f3kat tartalmaz a Conexant RD02-D450 laptop 56k Toshiba modemr\u0151l. N\u00f6velje laptopja internetes k\u00e9pess\u00e9geit ezzel a megb\u00edzhat\u00f3 modemmel. Maradjon kapcsolatban, \u00e9s hozza ki a legt\u00f6bbet laptopja funkci\u00f3ib\u00f3l.<\/p>\n","protected":false},"excerpt":{"rendered":"<p>Fokozza laptopja csatlakoztathat\u00f3s\u00e1g\u00e1t a Conexant RD02-D450 56k modemmel. Ezt a modemet Toshiba laptopokhoz tervezt\u00e9k, megb\u00edzhat\u00f3 \u00e9s stabil internetkapcsolatot biztos\u00edtva. Maradjon kapcsolatban, b\u00e1rhov\u00e1 is megy, legyen r\u00e1 sz\u00fcks\u00e9ge munk\u00e1hoz, kommunik\u00e1ci\u00f3hoz vagy b\u00f6ng\u00e9sz\u00e9shez. B\u0151v\u00edtse laptopja k\u00e9pess\u00e9geit ezzel a kiv\u00e1l\u00f3 min\u0151s\u00e9g\u0171 modemmel.<\/p>\n","protected":false},"featured_media":4497,"template":"","meta":[],"product_brand":[],"product_cat":[27],"product_tag":[34],"class_list":{"0":"post-4452","1":"product","2":"type-product","3":"status-publish","4":"has-post-thumbnail","6":"product_cat-motherboards-board-parts","7":"product_tag-toshiba","9":"first","10":"instock","11":"taxable","12":"shipping-taxable","13":"purchasable","14":"product-type-simple"},"_links":{"self":[{"href":"https:\/\/boreait.com\/hu\/wp-json\/wp\/v2\/product\/4452","targetHints":{"allow":["GET"]}}],"collection":[{"href":"https:\/\/boreait.com\/hu\/wp-json\/wp\/v2\/product"}],"about":[{"href":"https:\/\/boreait.com\/hu\/wp-json\/wp\/v2\/types\/product"}],"wp:featuredmedia":[{"embeddable":true,"href":"https:\/\/boreait.com\/hu\/wp-json\/wp\/v2\/media\/4497"}],"wp:attachment":[{"href":"https:\/\/boreait.com\/hu\/wp-json\/wp\/v2\/media?parent=4452"}],"wp:term":[{"taxonomy":"product_brand","embeddable":true,"href":"https:\/\/boreait.com\/hu\/wp-json\/wp\/v2\/product_brand?post=4452"},{"taxonomy":"product_cat","embeddable":true,"href":"https:\/\/boreait.com\/hu\/wp-json\/wp\/v2\/product_cat?post=4452"},{"taxonomy":"product_tag","embeddable":true,"href":"https:\/\/boreait.com\/hu\/wp-json\/wp\/v2\/product_tag?post=4452"}],"curies":[{"name":"wp","href":"https:\/\/api.w.org\/{rel}","templated":true}]}}