{"id":4435,"date":"2025-09-17T10:57:52","date_gmt":"2025-09-17T08:57:52","guid":{"rendered":"https:\/\/boreait.com\/hu\/?post_type=product&#038;p=4435"},"modified":"2026-01-14T13:36:13","modified_gmt":"2026-01-14T12:36:13","slug":"pk230004b0l-hangszoro-latitude-d620-hoz-tesztelt-es-garantalt-hangminoseg","status":"publish","type":"product","link":"https:\/\/boreait.com\/hu\/termek\/pk230004b0l-hangszoro-latitude-d620-hoz-tesztelt-es-garantalt-hangminoseg\/","title":{"rendered":"PK230004B0L hangsz\u00f3r\u00f3 Latitude D620-hoz \u2013 Tesztelt \u00e9s garant\u00e1lt hangmin\u0151s\u00e9g"},"content":{"rendered":"<p>A PK230004B0L hangsz\u00f3r\u00f3 seg\u00edts\u00e9g\u00e9vel fokozza a Dell Latitude D620 laptop hangj\u00e1t. Ezt a hangsz\u00f3r\u00f3t gondosan tesztelt\u00e9k, hogy garant\u00e1lja a min\u0151s\u00e9gi hangteljes\u00edtm\u00e9nyt laptopja sz\u00e1m\u00e1ra, \u00edgy garant\u00e1lva az \u00e9les, tiszta hangz\u00e1st.<\/p>\n<p>F\u0151bb jellemz\u0151k:<\/p>\n<ul>\n<li>Kompatibilit\u00e1s: Latitude D620 laptopokhoz tervezve<\/li>\n<li>Tesztelt min\u0151s\u00e9g: A hangsz\u00f3r\u00f3 alapos tesztel\u00e9sen esett \u00e1t a megb\u00edzhat\u00f3 teljes\u00edtm\u00e9ny biztos\u00edt\u00e1sa \u00e9rdek\u00e9ben<\/li>\n<li>Egyszer\u0171 telep\u00edt\u00e9s: Egyszer\u0171 cser\u00e9re tervezt\u00e9k<\/li>\n<\/ul>\n<p>Ne el\u00e9gedjen meg a gyeng\u00e9bb hanggal, ha van egy hiteles cserehangsz\u00f3r\u00f3ja. Mindegy, hogy laptopja hangsz\u00f3r\u00f3ja meghib\u00e1sodik, vagy egyszer\u0171en csak hangfriss\u00edt\u00e9sre v\u00e1gyik, a PK230004B0L hangsz\u00f3r\u00f3 a megold\u00e1s.<\/p>\n<p>K\u00e9rj\u00fck, vegye figyelembe, hogy ez a lista val\u00f3di f\u00e9nyk\u00e9peket tartalmaz a PK230004B0L hangsz\u00f3r\u00f3r\u00f3l, \u00e9s nem tartalmaz telep\u00edt\u00e9si utas\u00edt\u00e1st. Ha b\u00e1rmilyen k\u00e9rd\u00e9se van, vagy tov\u00e1bbi inform\u00e1ci\u00f3ra van sz\u00fcks\u00e9ge, forduljon bizalommal. Jav\u00edtsa laptopja hangmin\u0151s\u00e9g\u00e9t a tesztelt \u00e9s garant\u00e1lt PK230004B0L Latitude D620 hangsz\u00f3r\u00f3val.<\/p>\n","protected":false},"excerpt":{"rendered":"<p>Jav\u00edtsa Latitude D620 laptopja hangmin\u0151s\u00e9g\u00e9t a PK230004B0L hangsz\u00f3r\u00f3val. Ezt a hangsz\u00f3r\u00f3t szigor\u00faan tesztelt\u00e9k, \u00e9s cs\u00facsmin\u0151s\u00e9g\u0171 hangz\u00e1st biztos\u00edt laptopja sz\u00e1m\u00e1ra. Friss\u00edtsen most a jobb hall\u00e1si \u00e9lm\u00e9ny \u00e9rdek\u00e9ben!<\/p>\n","protected":false},"featured_media":4494,"template":"","meta":[],"product_brand":[],"product_cat":[18],"product_tag":[17],"class_list":{"0":"post-4435","1":"product","2":"type-product","3":"status-publish","4":"has-post-thumbnail","6":"product_cat-laptop-speakers","7":"product_tag-dell","9":"first","10":"instock","11":"taxable","12":"shipping-taxable","13":"purchasable","14":"product-type-simple"},"_links":{"self":[{"href":"https:\/\/boreait.com\/hu\/wp-json\/wp\/v2\/product\/4435","targetHints":{"allow":["GET"]}}],"collection":[{"href":"https:\/\/boreait.com\/hu\/wp-json\/wp\/v2\/product"}],"about":[{"href":"https:\/\/boreait.com\/hu\/wp-json\/wp\/v2\/types\/product"}],"wp:featuredmedia":[{"embeddable":true,"href":"https:\/\/boreait.com\/hu\/wp-json\/wp\/v2\/media\/4494"}],"wp:attachment":[{"href":"https:\/\/boreait.com\/hu\/wp-json\/wp\/v2\/media?parent=4435"}],"wp:term":[{"taxonomy":"product_brand","embeddable":true,"href":"https:\/\/boreait.com\/hu\/wp-json\/wp\/v2\/product_brand?post=4435"},{"taxonomy":"product_cat","embeddable":true,"href":"https:\/\/boreait.com\/hu\/wp-json\/wp\/v2\/product_cat?post=4435"},{"taxonomy":"product_tag","embeddable":true,"href":"https:\/\/boreait.com\/hu\/wp-json\/wp\/v2\/product_tag?post=4435"}],"curies":[{"name":"wp","href":"https:\/\/api.w.org\/{rel}","templated":true}]}}