{"id":4434,"date":"2025-09-17T10:57:52","date_gmt":"2025-09-17T08:57:52","guid":{"rendered":"https:\/\/boreait.com\/hu\/?post_type=product&#038;p=4434"},"modified":"2026-01-14T13:35:53","modified_gmt":"2026-01-14T12:35:53","slug":"liteon-modem-laptopokhoz-conexant-rd02-d110-cn-0h9379","status":"publish","type":"product","link":"https:\/\/boreait.com\/hu\/termek\/liteon-modem-laptopokhoz-conexant-rd02-d110-cn-0h9379\/","title":{"rendered":"LITEON modem laptopokhoz Conexant RD02-D110 CN-0H9379"},"content":{"rendered":"<p>A LITEON Conexant RD02-D110 CN-0H9379 modem n\u00e9lk\u00fcl\u00f6zhetetlen eleme laptopja csatlakoztathat\u00f3s\u00e1g\u00e1nak. Ak\u00e1r adat\u00e1tviteli, ak\u00e1r faxol\u00e1si k\u00e9pess\u00e9gre van sz\u00fcks\u00e9ge, ez a megb\u00edzhat\u00f3 bels\u0151 modem ny\u00fajt megold\u00e1st.<\/p>\n<p>F\u0151bb jellemz\u0151k:<\/p>\n<ul>\n<li>Modell: LITEON Modem Conexant RD02-D110 CN-0H9379<\/li>\n<li>Jav\u00edtja a laptop csatlakoztathat\u00f3s\u00e1g\u00e1t<\/li>\n<li>Adat\u00e1tvitelre \u00e9s faxol\u00e1sra alkalmas<\/li>\n<li>Bels\u0151 laptop modem<\/li>\n<\/ul>\n<p>Ez a modem t\u00f6k\u00e9letes v\u00e1laszt\u00e1s azokhoz a laptopokhoz, amelyek csatlakoz\u00e1si b\u0151v\u00edt\u00e9st ig\u00e9nyelnek. Stabil \u00e9s kiv\u00e1l\u00f3 min\u0151s\u00e9g\u0171 kommunik\u00e1ci\u00f3t biztos\u00edt, lehet\u0151v\u00e9 t\u00e9ve, hogy probl\u00e9ma n\u00e9lk\u00fcl maradjon kapcsolatban.<\/p>\n<p>K\u00e9rj\u00fck, vegye figyelembe, hogy ez a lista val\u00f3di f\u00e9nyk\u00e9peket tartalmaz a LITEON Conexant Conexant RD02-D110 CN-0H9379 modemr\u0151l, \u00e9s nem tartalmaz telep\u00edt\u00e9si utas\u00edt\u00e1st. Ha tov\u00e1bbi inform\u00e1ci\u00f3ra van sz\u00fcks\u00e9ge, vagy k\u00e9rd\u00e9se van, forduljon bizalommal. B\u0151v\u00edtse laptopja csatlakoztathat\u00f3s\u00e1g\u00e1t ezzel a megb\u00edzhat\u00f3 LITEON modemmel, \u00e9s \u00e9lvezze a tov\u00e1bbfejlesztett kommunik\u00e1ci\u00f3s k\u00e9pess\u00e9geket.<\/p>\n","protected":false},"excerpt":{"rendered":"<p>Fokozza laptopja csatlakoztathat\u00f3s\u00e1g\u00e1t a LITEON Conexant RD02-D110 CN-0H9379 modem seg\u00edts\u00e9g\u00e9vel. Ezt a megb\u00edzhat\u00f3 bels\u0151 modemet \u00fagy tervezt\u00e9k, hogy jav\u00edtsa laptopja kommunik\u00e1ci\u00f3s k\u00e9pess\u00e9geit. Maradjon kapcsolatban a kiv\u00e1l\u00f3 min\u0151s\u00e9g\u0171 adat- \u00e9s fax\u00e1tvitellel. T\u00f6k\u00e9letes a modemfriss\u00edt\u00e9st ig\u00e9nyl\u0151 laptopokhoz.<\/p>\n","protected":false},"featured_media":4493,"template":"","meta":[],"product_brand":[],"product_cat":[27],"product_tag":[17],"class_list":{"0":"post-4434","1":"product","2":"type-product","3":"status-publish","4":"has-post-thumbnail","6":"product_cat-motherboards-board-parts","7":"product_tag-dell","9":"first","10":"instock","11":"taxable","12":"shipping-taxable","13":"purchasable","14":"product-type-simple"},"_links":{"self":[{"href":"https:\/\/boreait.com\/hu\/wp-json\/wp\/v2\/product\/4434","targetHints":{"allow":["GET"]}}],"collection":[{"href":"https:\/\/boreait.com\/hu\/wp-json\/wp\/v2\/product"}],"about":[{"href":"https:\/\/boreait.com\/hu\/wp-json\/wp\/v2\/types\/product"}],"wp:featuredmedia":[{"embeddable":true,"href":"https:\/\/boreait.com\/hu\/wp-json\/wp\/v2\/media\/4493"}],"wp:attachment":[{"href":"https:\/\/boreait.com\/hu\/wp-json\/wp\/v2\/media?parent=4434"}],"wp:term":[{"taxonomy":"product_brand","embeddable":true,"href":"https:\/\/boreait.com\/hu\/wp-json\/wp\/v2\/product_brand?post=4434"},{"taxonomy":"product_cat","embeddable":true,"href":"https:\/\/boreait.com\/hu\/wp-json\/wp\/v2\/product_cat?post=4434"},{"taxonomy":"product_tag","embeddable":true,"href":"https:\/\/boreait.com\/hu\/wp-json\/wp\/v2\/product_tag?post=4434"}],"curies":[{"name":"wp","href":"https:\/\/api.w.org\/{rel}","templated":true}]}}