{"id":4433,"date":"2025-09-17T10:57:52","date_gmt":"2025-09-17T08:57:52","guid":{"rendered":"https:\/\/boreait.com\/hu\/?post_type=product&#038;p=4433"},"modified":"2025-09-17T10:58:55","modified_gmt":"2025-09-17T08:58:55","slug":"dell-latitude-d420-laptop-billentyuzet-nsk-d700g-csere","status":"publish","type":"product","link":"https:\/\/boreait.com\/hu\/termek\/dell-latitude-d420-laptop-billentyuzet-nsk-d700g-csere\/","title":{"rendered":"Dell Latitude D420 laptop billenty\u0171zet NSK-D700G csere"},"content":{"rendered":"<p>A Dell Latitude D420 laptop billenty\u0171zet\u00e9n l\u00e1that\u00f3ak az elhaszn\u00e1l\u00f3d\u00e1s jelei? Ideje megfontolni az NSK-D700G cserebillenty\u0171zet friss\u00edt\u00e9s\u00e9t.<\/p>\n<p>F\u0151bb jellemz\u0151k:<\/p>\n<ul>\n<li>Kompatibilit\u00e1s: Kifejezetten Dell Latitude D420 laptopokhoz tervezt\u00e9k.<\/li>\n<li>Prec\u00edzi\u00f3s illeszked\u00e9s: ezt a billenty\u0171zetet \u00fagy alak\u00edtott\u00e1k ki, hogy z\u00f6kken\u0151mentesen illeszkedjen, \u00edgy biztos\u00edtva a t\u00f6k\u00e9letes illeszked\u00e9st.<\/li>\n<li>Megb\u00edzhat\u00f3 g\u00e9pel\u00e9s: \u00c1ll\u00edtsa vissza a laptop g\u00e9pel\u00e9si \u00e9lm\u00e9ny\u00e9t az eredeti min\u0151s\u00e9gre.<\/li>\n<\/ul>\n<p>Ak\u00e1r a laptop billenty\u0171zete nem reag\u00e1l, ak\u00e1r hi\u00e1nyoznak a billenty\u0171k, vagy egyszer\u0171en az \u00f6reged\u00e9s jelei mutatkoznak rajta, az NSK-D700G csere a megold\u00e1s. Megb\u00edzhat\u00f3 \u00e9s k\u00f6nnyen telep\u00edthet\u0151 lehet\u0151s\u00e9g, amellyel \u00faj \u00e9letet lehelhet laptopj\u00e1ba.<\/p>\n<p>K\u00e9rj\u00fck, vegye figyelembe, hogy ez a lista val\u00f3s f\u00e9nyk\u00e9peket tartalmaz a Dell Latitude D420 NSK-D700G laptop billenty\u0171zetr\u0151l, \u00e9s nem tartalmaz telep\u00edt\u00e9si utas\u00edt\u00e1st. Ha b\u00e1rmilyen k\u00e9rd\u00e9se van, vagy seg\u00edts\u00e9gre van sz\u00fcks\u00e9ge, ne habozzon kapcsolatba l\u00e9pni vel\u00fcnk. Friss\u00edtse Dell Latitude D420 laptop billenty\u0171zet\u00e9t a k\u00e9nyelmes \u00e9s hat\u00e9kony g\u00e9pel\u00e9s \u00e9rdek\u00e9ben.<\/p>\n","protected":false},"excerpt":{"rendered":"<p>Cser\u00e9lje ki Dell Latitude D420 laptop billenty\u0171zet\u00e9t a kiv\u00e1l\u00f3 min\u0151s\u00e9g\u0171 NSK-D700G cser\u00e9re. Ezt a billenty\u0171zetet \u00fagy tervezt\u00e9k, hogy t\u00f6k\u00e9letesen illeszkedjen, \u00e9s vissza\u00e1ll\u00edtsa a laptop g\u00e9pel\u00e9si \u00e9lm\u00e9ny\u00e9t az eredeti \u00e1llapot\u00e1ba.<\/p>\n","protected":false},"featured_media":4491,"template":"","meta":[],"product_brand":[],"product_cat":[35],"product_tag":[17],"class_list":{"0":"post-4433","1":"product","2":"type-product","3":"status-publish","4":"has-post-thumbnail","6":"product_cat-laptop-keyboard","7":"product_tag-dell","9":"first","10":"instock","11":"taxable","12":"shipping-taxable","13":"purchasable","14":"product-type-simple"},"_links":{"self":[{"href":"https:\/\/boreait.com\/hu\/wp-json\/wp\/v2\/product\/4433","targetHints":{"allow":["GET"]}}],"collection":[{"href":"https:\/\/boreait.com\/hu\/wp-json\/wp\/v2\/product"}],"about":[{"href":"https:\/\/boreait.com\/hu\/wp-json\/wp\/v2\/types\/product"}],"wp:featuredmedia":[{"embeddable":true,"href":"https:\/\/boreait.com\/hu\/wp-json\/wp\/v2\/media\/4491"}],"wp:attachment":[{"href":"https:\/\/boreait.com\/hu\/wp-json\/wp\/v2\/media?parent=4433"}],"wp:term":[{"taxonomy":"product_brand","embeddable":true,"href":"https:\/\/boreait.com\/hu\/wp-json\/wp\/v2\/product_brand?post=4433"},{"taxonomy":"product_cat","embeddable":true,"href":"https:\/\/boreait.com\/hu\/wp-json\/wp\/v2\/product_cat?post=4433"},{"taxonomy":"product_tag","embeddable":true,"href":"https:\/\/boreait.com\/hu\/wp-json\/wp\/v2\/product_tag?post=4433"}],"curies":[{"name":"wp","href":"https:\/\/api.w.org\/{rel}","templated":true}]}}