{"id":4432,"date":"2025-09-17T10:57:52","date_gmt":"2025-09-17T08:57:52","guid":{"rendered":"https:\/\/boreait.com\/hu\/?post_type=product&#038;p=4432"},"modified":"2026-01-14T13:35:33","modified_gmt":"2026-01-14T12:35:33","slug":"eredeti-dell-latitude-d620-laptop-eger-erintopad-kgdden006b-hub-02","status":"publish","type":"product","link":"https:\/\/boreait.com\/hu\/termek\/eredeti-dell-latitude-d620-laptop-eger-erintopad-kgdden006b-hub-02\/","title":{"rendered":"Eredeti Dell Latitude D620 laptop eg\u00e9r \u00e9rint\u0151pad KGDDEN006B HUB 02"},"content":{"rendered":"<p>Friss\u00edtse \u00e9s \u00e1ll\u00edtsa vissza Dell Latitude D620 laptopj\u00e1t az Eredeti Dell Mouse Touchpad KGDDEN006B HUB 02 seg\u00edts\u00e9g\u00e9vel. Ez az autentikus Dell \u00e9rint\u0151pad t\u00f6k\u00e9letes csere- vagy jav\u00edt\u00e1si alkatr\u00e9sz a laptopj\u00e1hoz, \u00e9s prec\u00edz \u00e9s megb\u00edzhat\u00f3 kurzorvez\u00e9rl\u00e9st biztos\u00edt.<\/p>\n<p>F\u0151bb jellemz\u0151k:<\/p>\n<ul>\n<li>Kompatibilis a Dell Latitude D620 laptopokkal.<\/li>\n<li>Az eredeti Dell term\u00e9k biztos\u00edtja a min\u0151s\u00e9get \u00e9s a kompatibilit\u00e1st.<\/li>\n<li>Cser\u00e9lje ki laptopja \u00e9rint\u0151padj\u00e1t, hogy vissza\u00e1ll\u00edtsa annak teljes funkcionalit\u00e1s\u00e1t.<\/li>\n<\/ul>\n<p>Ak\u00e1r hib\u00e1s \u00e9rint\u0151padot jav\u00edt, ak\u00e1r csak egy eredeti Dell cser\u00e9t szeretne, ez az \u00e9rint\u0151pad a megold\u00e1s. Ez elengedhetetlen eleme a k\u00f6nny\u0171 navig\u00e1ci\u00f3 fenntart\u00e1s\u00e1nak Dell Latitude D620 laptopj\u00e1n.<\/p>\n<p>K\u00e9rj\u00fck, vegye figyelembe, hogy ez a lista val\u00f3di f\u00e9nyk\u00e9peket tartalmaz az eredeti Dell Latitude D620 laptop eg\u00e9r \u00e9rint\u0151padr\u00f3l, KGDDEN006B HUB 02. Telep\u00edt\u00e9si utas\u00edt\u00e1sokat nem tartalmaz. Ha b\u00e1rmilyen k\u00e9rd\u00e9se van, vagy tov\u00e1bbi inform\u00e1ci\u00f3ra van sz\u00fcks\u00e9ge, forduljon hozz\u00e1nk bizalommal. Friss\u00edtse laptopja \u00e9rint\u0151padj\u00e1t, \u00e9s \u00e9lvezze a prec\u00edz kurzorvez\u00e9rl\u00e9st ezzel az eredeti Dell alkatr\u00e9szrel.<\/p>\n","protected":false},"excerpt":{"rendered":"<p>Fokozza Dell Latitude D620 laptopja funkcionalit\u00e1s\u00e1t ezzel az Eredeti Dell eg\u00e9r \u00e9rint\u0151paddal (KGDDEN006B HUB 02).<\/p>\n","protected":false},"featured_media":4489,"template":"","meta":[],"product_brand":[],"product_cat":[42],"product_tag":[17],"class_list":{"0":"post-4432","1":"product","2":"type-product","3":"status-publish","4":"has-post-thumbnail","6":"product_cat-laptop-touchpads","7":"product_tag-dell","9":"first","10":"instock","11":"taxable","12":"shipping-taxable","13":"purchasable","14":"product-type-simple"},"_links":{"self":[{"href":"https:\/\/boreait.com\/hu\/wp-json\/wp\/v2\/product\/4432","targetHints":{"allow":["GET"]}}],"collection":[{"href":"https:\/\/boreait.com\/hu\/wp-json\/wp\/v2\/product"}],"about":[{"href":"https:\/\/boreait.com\/hu\/wp-json\/wp\/v2\/types\/product"}],"wp:featuredmedia":[{"embeddable":true,"href":"https:\/\/boreait.com\/hu\/wp-json\/wp\/v2\/media\/4489"}],"wp:attachment":[{"href":"https:\/\/boreait.com\/hu\/wp-json\/wp\/v2\/media?parent=4432"}],"wp:term":[{"taxonomy":"product_brand","embeddable":true,"href":"https:\/\/boreait.com\/hu\/wp-json\/wp\/v2\/product_brand?post=4432"},{"taxonomy":"product_cat","embeddable":true,"href":"https:\/\/boreait.com\/hu\/wp-json\/wp\/v2\/product_cat?post=4432"},{"taxonomy":"product_tag","embeddable":true,"href":"https:\/\/boreait.com\/hu\/wp-json\/wp\/v2\/product_tag?post=4432"}],"curies":[{"name":"wp","href":"https:\/\/api.w.org\/{rel}","templated":true}]}}