{"id":4430,"date":"2025-09-17T10:57:52","date_gmt":"2025-09-17T08:57:52","guid":{"rendered":"https:\/\/boreait.com\/hu\/?post_type=product&#038;p=4430"},"modified":"2025-09-17T10:58:47","modified_gmt":"2025-09-17T08:58:47","slug":"toshiba-9j-n7482-j1d-laptop-billentyuzet-csere-billentyuzetek-toshiba-laptopokhoz","status":"publish","type":"product","link":"https:\/\/boreait.com\/hu\/termek\/toshiba-9j-n7482-j1d-laptop-billentyuzet-csere-billentyuzetek-toshiba-laptopokhoz\/","title":{"rendered":"Toshiba 9J.N7482.J1D laptop billenty\u0171zet \u2013 Csere billenty\u0171zetek Toshiba laptopokhoz"},"content":{"rendered":"<p>A Toshiba9J.N7482.J1D laptop billenty\u0171zet ide\u00e1lis megold\u00e1s azoknak a Toshiba laptoptulajdonosoknak, akik szeretn\u00e9nek cser\u00e9lni billenty\u0171zet\u00fcket \u00e9s vissza\u00e1ll\u00edtani laptopjuk funkcionalit\u00e1s\u00e1t. Ezt az eredeti Toshiba billenty\u0171zetet \u00fagy tervezt\u00e9k, hogy t\u00f6k\u00e9letesen illeszkedjen a Toshiba laptopokhoz, \u00e9s z\u00f6kken\u0151mentes g\u00e9pel\u00e9si \u00e9lm\u00e9nyt biztos\u00edtson.<\/p>\n<p>F\u0151bb jellemz\u0151k:<\/p>\n<ul>\n<li>Modell: 9J.N7482.J1D<\/li>\n<li>Elrendez\u00e9s: szlov\u00e9n \/ SLO<\/li>\n<li>Kompatibilit\u00e1s: Toshiba laptopokkal val\u00f3 haszn\u00e1latra tervezt\u00e9k<\/li>\n<\/ul>\n<p>Ez a cserebillenty\u0171zet k\u00f6lts\u00e9ghat\u00e9kony m\u00f3dja a billenty\u0171zettel kapcsolatos probl\u00e9m\u00e1k megold\u00e1s\u00e1nak, vagy laptopja billenty\u0171zet\u00e9nek egy \u00fajra val\u00f3 friss\u00edt\u00e9s\u00e9nek. F\u00fcggetlen\u00fcl att\u00f3l, hogy folyad\u00e9kot \u00f6nt\u00f6tt a billenty\u0171zet\u00e9re, egyes billenty\u0171k nem reag\u00e1lnak, vagy egyszer\u0171en csak fokozni szeretn\u00e9 a g\u00e9pel\u00e9si \u00e9lm\u00e9nyt, a Toshiba 9J.N7482.J1D laptop billenty\u0171zet a megold\u00e1s.<\/p>\n<p>K\u00e9rj\u00fck, vegye figyelembe, hogy ez a lista val\u00f3s f\u00e9nyk\u00e9peket tartalmaz a Toshiba 9J.N7482.J1D laptop billenty\u0171zet\u00e9r\u0151l, \u00e9s nem tartalmaz telep\u00edt\u00e9si utas\u00edt\u00e1st. Ha b\u00e1rmilyen k\u00e9rd\u00e9se van, vagy seg\u00edts\u00e9gre van sz\u00fcks\u00e9ge, k\u00e9rj\u00fck, ne habozzon kapcsolatba l\u00e9pni vel\u00fcnk. Ezzel az eredeti Toshiba billenty\u0171zettel \u00e1ll\u00edtsa vissza a g\u00e9pel\u00e9si \u00e9lm\u00e9nyt Toshiba laptopj\u00e1n.<\/p>\n","protected":false},"excerpt":{"rendered":"<p>Friss\u00edtse Toshiba laptopj\u00e1t a Toshiba 9J.N7482.J1D laptop billenty\u0171zettel. Ezt a kiv\u00e1l\u00f3 min\u0151s\u00e9g\u0171 cserebillenty\u0171zetet Toshiba laptopokhoz tervezt\u00e9k, t\u00f6k\u00e9letes illeszked\u00e9st \u00e9s g\u00f6rd\u00fcl\u00e9keny g\u00e9pel\u00e9st k\u00edn\u00e1lva. \u00c1ll\u00edtsa vissza laptopja teljes funkcionalit\u00e1s\u00e1t ezzel az eredeti Toshiba billenty\u0171zettel.<\/p>\n","protected":false},"featured_media":4485,"template":"","meta":[],"product_brand":[],"product_cat":[35],"product_tag":[34],"class_list":{"0":"post-4430","1":"product","2":"type-product","3":"status-publish","4":"has-post-thumbnail","6":"product_cat-laptop-keyboard","7":"product_tag-toshiba","9":"first","10":"instock","11":"taxable","12":"shipping-taxable","13":"purchasable","14":"product-type-simple"},"_links":{"self":[{"href":"https:\/\/boreait.com\/hu\/wp-json\/wp\/v2\/product\/4430","targetHints":{"allow":["GET"]}}],"collection":[{"href":"https:\/\/boreait.com\/hu\/wp-json\/wp\/v2\/product"}],"about":[{"href":"https:\/\/boreait.com\/hu\/wp-json\/wp\/v2\/types\/product"}],"wp:featuredmedia":[{"embeddable":true,"href":"https:\/\/boreait.com\/hu\/wp-json\/wp\/v2\/media\/4485"}],"wp:attachment":[{"href":"https:\/\/boreait.com\/hu\/wp-json\/wp\/v2\/media?parent=4430"}],"wp:term":[{"taxonomy":"product_brand","embeddable":true,"href":"https:\/\/boreait.com\/hu\/wp-json\/wp\/v2\/product_brand?post=4430"},{"taxonomy":"product_cat","embeddable":true,"href":"https:\/\/boreait.com\/hu\/wp-json\/wp\/v2\/product_cat?post=4430"},{"taxonomy":"product_tag","embeddable":true,"href":"https:\/\/boreait.com\/hu\/wp-json\/wp\/v2\/product_tag?post=4430"}],"curies":[{"name":"wp","href":"https:\/\/api.w.org\/{rel}","templated":true}]}}