{"id":4428,"date":"2025-09-17T10:57:51","date_gmt":"2025-09-17T08:57:51","guid":{"rendered":"https:\/\/boreait.com\/hu\/?post_type=product&#038;p=4428"},"modified":"2026-01-14T13:35:10","modified_gmt":"2026-01-14T12:35:10","slug":"eredeti-dell-dvd-rw-lemezmeghajto-c3284-a00-cd-meghajto-kivalo-minosegu-optikai-meghajto","status":"publish","type":"product","link":"https:\/\/boreait.com\/hu\/termek\/eredeti-dell-dvd-rw-lemezmeghajto-c3284-a00-cd-meghajto-kivalo-minosegu-optikai-meghajto\/","title":{"rendered":"Eredeti Dell DVD-RW lemezmeghajt\u00f3 C3284-A00 CD-meghajt\u00f3 \u2013 Kiv\u00e1l\u00f3 min\u0151s\u00e9g\u0171 optikai meghajt\u00f3"},"content":{"rendered":"<p>Az eredeti Dell DVD-RW C3284-A00 CD-meghajt\u00f3 t\u00f6k\u00e9letes kieg\u00e9sz\u00edt\u0151je laptopj\u00e1nak vagy asztali sz\u00e1m\u00edt\u00f3g\u00e9p\u00e9nek, sokoldal\u00fa optikai meghajt\u00f3 k\u00e9pess\u00e9gekkel. Ak\u00e1r DVD-t n\u00e9z, ak\u00e1r szoftvereket telep\u00edt, ak\u00e1r CD-re vagy DVD-re \u00edrja adatait, ez az eredeti Dell-meghajt\u00f3 megb\u00edzhat\u00f3 teljes\u00edtm\u00e9nyt \u00e9s kompatibilit\u00e1st biztos\u00edt.<\/p>\n<p>F\u0151bb jellemz\u0151k:<\/p>\n<ul>\n<li>Eredeti Dell term\u00e9k<\/li>\n<li>CD- \u00e9s DVD-olvas\u00e1si \u00e9s -\u00edr\u00e1si k\u00e9pess\u00e9gek<\/li>\n<li>T\u00f6k\u00e9letes filmn\u00e9z\u00e9shez, szoftverek telep\u00edt\u00e9s\u00e9hez vagy biztons\u00e1gi m\u00e1solatok k\u00e9sz\u00edt\u00e9s\u00e9hez<\/li>\n<\/ul>\n<p>Friss\u00edtse laptopja k\u00e9pess\u00e9geit ezzel a kiv\u00e1l\u00f3 min\u0151s\u00e9g\u0171 CD-meghajt\u00f3val. \u00dagy tervezt\u00e9k, hogy z\u00f6kken\u0151mentesen integr\u00e1lhat\u00f3 legyen Dell laptopj\u00e1val vagy asztali sz\u00e1m\u00edt\u00f3g\u00e9p\u00e9vel, \u00e9s probl\u00e9mamentes \u00e9lm\u00e9nyt biztos\u00edtson. Egyszer\u0171en plug and play, hogy \u00e9lvezze a megb\u00edzhat\u00f3 optikai meghajt\u00f3 el\u0151nyeit.<\/p>\n<p>K\u00e9rj\u00fck, vegye figyelembe, hogy ez a lista val\u00f3di f\u00e9nyk\u00e9peket tartalmaz az eredeti Dell DVD-RW C3284-A00 CD-meghajt\u00f3r\u00f3l. Telep\u00edt\u00e9si \u00fatmutat\u00f3 nem tal\u00e1lhat\u00f3, de ha k\u00e9rd\u00e9se van, vagy seg\u00edts\u00e9gre van sz\u00fcks\u00e9ge, forduljon bizalommal. Fokozza laptopja funkcionalit\u00e1s\u00e1t ezzel az eredeti Dell optikai meghajt\u00f3val, \u00e9s \u00e9lvezze a CD- \u00e9s DVD-olvas\u00e1s \u00e9s -\u00edr\u00e1s k\u00e9nyelm\u00e9t.<\/p>\n","protected":false},"excerpt":{"rendered":"<p>B\u0151v\u00edtse laptopja k\u00e9pess\u00e9geit az eredeti Dell DVD-RW C3284-A00 CD-meghajt\u00f3val. Ez a kiv\u00e1l\u00f3 min\u0151s\u00e9g\u0171 optikai meghajt\u00f3 t\u00f6k\u00e9letes CD-k \u00e9s DVD-k olvas\u00e1s\u00e1ra \u00e9s \u00edr\u00e1s\u00e1ra. Ez egy eredeti Dell term\u00e9k, amely kompatibilit\u00e1st \u00e9s megb\u00edzhat\u00f3s\u00e1got biztos\u00edt Dell laptopj\u00e1val vagy PC-j\u00e9vel. Ak\u00e1r filmeket kell n\u00e9znie, ak\u00e1r szoftvereket kell telep\u00edtenie, ak\u00e1r biztons\u00e1gi m\u00e1solatokat kell k\u00e9sz\u00edtenie, ez a CD-meghajt\u00f3 a megold\u00e1st megtal\u00e1lja.<\/p>\n","protected":false},"featured_media":4482,"template":"","meta":[],"product_brand":[],"product_cat":[27],"product_tag":[17],"class_list":{"0":"post-4428","1":"product","2":"type-product","3":"status-publish","4":"has-post-thumbnail","6":"product_cat-motherboards-board-parts","7":"product_tag-dell","9":"first","10":"instock","11":"taxable","12":"shipping-taxable","13":"purchasable","14":"product-type-simple"},"_links":{"self":[{"href":"https:\/\/boreait.com\/hu\/wp-json\/wp\/v2\/product\/4428","targetHints":{"allow":["GET"]}}],"collection":[{"href":"https:\/\/boreait.com\/hu\/wp-json\/wp\/v2\/product"}],"about":[{"href":"https:\/\/boreait.com\/hu\/wp-json\/wp\/v2\/types\/product"}],"wp:featuredmedia":[{"embeddable":true,"href":"https:\/\/boreait.com\/hu\/wp-json\/wp\/v2\/media\/4482"}],"wp:attachment":[{"href":"https:\/\/boreait.com\/hu\/wp-json\/wp\/v2\/media?parent=4428"}],"wp:term":[{"taxonomy":"product_brand","embeddable":true,"href":"https:\/\/boreait.com\/hu\/wp-json\/wp\/v2\/product_brand?post=4428"},{"taxonomy":"product_cat","embeddable":true,"href":"https:\/\/boreait.com\/hu\/wp-json\/wp\/v2\/product_cat?post=4428"},{"taxonomy":"product_tag","embeddable":true,"href":"https:\/\/boreait.com\/hu\/wp-json\/wp\/v2\/product_tag?post=4428"}],"curies":[{"name":"wp","href":"https:\/\/api.w.org\/{rel}","templated":true}]}}