{"id":4427,"date":"2025-09-17T10:57:51","date_gmt":"2025-09-17T08:57:51","guid":{"rendered":"https:\/\/boreait.com\/hu\/?post_type=product&#038;p=4427"},"modified":"2025-09-17T10:58:38","modified_gmt":"2025-09-17T08:58:38","slug":"jd104-amzjx000900-oem-dell-lcd-hatso-burkolat-precision-m2300-pp18l","status":"publish","type":"product","link":"https:\/\/boreait.com\/hu\/termek\/jd104-amzjx000900-oem-dell-lcd-hatso-burkolat-precision-m2300-pp18l\/","title":{"rendered":"JD104 AMZJX000900 OEM DELL LCD H\u00c1TS\u00d3 BURKOLAT PRECISION M2300 PP18L"},"content":{"rendered":"<p>Adjon friss megjelen\u00e9st Dell Precision M2300 laptopj\u00e1nak a JD104 AMZJX000900 OEM DELL LCD H\u00c1TS\u00d3BARAL. Ezt az eredeti OEM alkatr\u00e9szt \u00fagy tervezt\u00e9k, hogy pontosan illeszkedjen, biztos\u00edtva, hogy illeszkedjen a laptop eredeti min\u0151s\u00e9g\u00e9hez \u00e9s megjelen\u00e9s\u00e9hez.<\/p>\n<p>F\u0151bb jellemz\u0151k:<\/p>\n<ul>\n<li>Alkatr\u00e9szsz\u00e1m: JD104 AMZJX000900<\/li>\n<li>Kompatibilit\u00e1s: Dell Precision M2300, PP18L sorozat<\/li>\n<li>Eredeti OEM-term\u00e9k<\/li>\n<\/ul>\n<p>Ez az LCD-h\u00e1tlap megb\u00edzhat\u00f3 v\u00e1laszt\u00e1s a s\u00e9r\u00fclt burkolat jav\u00edt\u00e1s\u00e1hoz vagy laptopja eszt\u00e9tikai megjelen\u00e9s\u00e9nek jav\u00edt\u00e1s\u00e1hoz. Pontosan illeszkedik a Dell Precision M2300-hoz, meg\u0151rzi azt a professzion\u00e1lis \u00e9s csiszolt megjelen\u00e9st, amelyet laptopja meg\u00e9rdemel.<\/p>\n<p>K\u00e9rj\u00fck, vegye figyelembe, hogy ez az adatlap val\u00f3s f\u00e9nyk\u00e9peket tartalmaz a JD104 AMZJX000900 OEM DELL LCD H\u00c1TS\u00d3B\u00d3L. Telep\u00edt\u00e9si \u00fatmutat\u00f3 nem tal\u00e1lhat\u00f3, de ha k\u00e9rd\u00e9se van, vagy tov\u00e1bbi inform\u00e1ci\u00f3ra van sz\u00fcks\u00e9ge, forduljon bizalommal. Emelje fel laptopja megjelen\u00e9s\u00e9t ezzel az OEM Dell alkatr\u00e9szrel.<\/p>\n","protected":false},"excerpt":{"rendered":"<p>N\u00f6velje Dell Precision M2300 laptopja megjelen\u00e9s\u00e9t \u00e9s v\u00e9delm\u00e9t a JD104 AMZJX000900 OEM DELL LCD H\u00c1TS\u00d3 FED\u00c9VEL. Ez az eredeti OEM alkatr\u00e9sz t\u00f6k\u00e9letes illeszked\u00e9st \u00e9s min\u0151s\u00e9get biztos\u00edt. \u00c1ll\u00edtsa vissza vagy friss\u00edtse laptopja LCD h\u00e1tlapj\u00e1t, hogy az eleg\u00e1ns \u00e9s professzion\u00e1lis megjelen\u00e9st hozzon.<\/p>\n","protected":false},"featured_media":4472,"template":"","meta":[],"product_brand":[],"product_cat":[16],"product_tag":[17],"class_list":{"0":"post-4427","1":"product","2":"type-product","3":"status-publish","4":"has-post-thumbnail","6":"product_cat-laptop-housing","7":"product_tag-dell","9":"first","10":"instock","11":"taxable","12":"shipping-taxable","13":"purchasable","14":"product-type-simple"},"_links":{"self":[{"href":"https:\/\/boreait.com\/hu\/wp-json\/wp\/v2\/product\/4427","targetHints":{"allow":["GET"]}}],"collection":[{"href":"https:\/\/boreait.com\/hu\/wp-json\/wp\/v2\/product"}],"about":[{"href":"https:\/\/boreait.com\/hu\/wp-json\/wp\/v2\/types\/product"}],"wp:featuredmedia":[{"embeddable":true,"href":"https:\/\/boreait.com\/hu\/wp-json\/wp\/v2\/media\/4472"}],"wp:attachment":[{"href":"https:\/\/boreait.com\/hu\/wp-json\/wp\/v2\/media?parent=4427"}],"wp:term":[{"taxonomy":"product_brand","embeddable":true,"href":"https:\/\/boreait.com\/hu\/wp-json\/wp\/v2\/product_brand?post=4427"},{"taxonomy":"product_cat","embeddable":true,"href":"https:\/\/boreait.com\/hu\/wp-json\/wp\/v2\/product_cat?post=4427"},{"taxonomy":"product_tag","embeddable":true,"href":"https:\/\/boreait.com\/hu\/wp-json\/wp\/v2\/product_tag?post=4427"}],"curies":[{"name":"wp","href":"https:\/\/api.w.org\/{rel}","templated":true}]}}