{"id":4424,"date":"2025-09-17T10:57:51","date_gmt":"2025-09-17T08:57:51","guid":{"rendered":"https:\/\/boreait.com\/hu\/?post_type=product&#038;p=4424"},"modified":"2025-09-17T10:58:28","modified_gmt":"2025-09-17T08:58:28","slug":"eredeti-slo-billentyuzet-asus-1025c-1025e-hez-csuklotamasz-es-trackpad-13goa3f7ap041-20-mp-10b66gb-5288-04goa292kuk01-2","status":"publish","type":"product","link":"https:\/\/boreait.com\/hu\/termek\/eredeti-slo-billentyuzet-asus-1025c-1025e-hez-csuklotamasz-es-trackpad-13goa3f7ap041-20-mp-10b66gb-5288-04goa292kuk01-2\/","title":{"rendered":"Eredeti SLO billenty\u0171zet Asus 1025C 1025E-hez csukl\u00f3t\u00e1masz \u00e9s trackpad 13GOA3F7AP041-20 MP-10B66GB-5288 04GOA292KUK01-2"},"content":{"rendered":"<p>Fedezze fel a t\u00f6k\u00e9letes megold\u00e1st Asus 1025C\/1025E laptop billenty\u0171zet\u00e9nek eredeti f\u00e9ny\u00e9nek vissza\u00e1ll\u00edt\u00e1s\u00e1hoz. Eredeti SLO (szlov\u00e9n) billenty\u0171zet\u00fcnk csukl\u00f3t\u00e1maszsal \u00e9s g\u00f6rget\u0151paddal \u00e9rkezik, \u00edgy laptopja olyan j\u00f3l n\u00e9z ki, mint \u00fajkor\u00e1ban.<\/p>\n<p>F\u0151bb jellemz\u0151k:<\/p>\n<ul>\n<li>Eredeti SLO billenty\u0171zet Asus 1025C\/1025E-hez<\/li>\n<li>Tartalmazza a csukl\u00f3t\u00e1maszt \u00e9s a Trackpadot<\/li>\n<li>Pontos egyez\u00e9s a term\u00e9kk\u00f3dokkal: 13GOA3F7AP041-20, MP-10B66GB-5288, 04GOA292KUK01-2<\/li>\n<li>Egyszer\u0171 telep\u00edt\u00e9s<\/li>\n<\/ul>\n<p>Mi\u00e9rt v\u00e1lassza az eredeti SLO-billenty\u0171zet\u00fcnket? A billenty\u0171zet minden laptop kritikus alkot\u00f3eleme, \u00e9s ha nem m\u0171k\u00f6dik megfelel\u0151en vagy megs\u00e9r\u00fcl, g\u00e1tolhatja a termel\u00e9kenys\u00e9get. Ezt a cserebillenty\u0171zetet \u00fagy tervezt\u00e9k, hogy az eredetihez hasonl\u00f3an z\u00f6kken\u0151mentes g\u00e9pel\u00e9si \u00e9lm\u00e9nyt ny\u00fajtson. A csukl\u00f3t\u00e1masz \u00e9s a g\u00f6rget\u0151pad tov\u00e1bbi probl\u00e9mamentes telep\u00edt\u00e9st tesz lehet\u0151v\u00e9, \u00e9s nem kell k\u00fcl\u00f6n keresni ezeket az alkatr\u00e9szeket.<\/p>\n<p>Ak\u00e1r a jelenlegi billenty\u0171zete elhaszn\u00e1l\u00f3dott vagy s\u00e9r\u00fclt, ak\u00e1r csak egy Eredeti SLO-billenty\u0171zetre szeretne friss\u00edteni, ez a term\u00e9k a megfelel\u0151 v\u00e1laszt\u00e1s. A mell\u00e9kelt term\u00e9kk\u00f3dok &#8211; 13GOA3F7AP041-20, MP-10B66GB-5288 \u00e9s 04GOA292KUK01-2 &#8211; garant\u00e1lj\u00e1k, hogy t\u00f6k\u00e9letesen illeszkedjen Asus 1025C\/1025E laptopj\u00e1hoz.<\/p>\n<p>K\u00e9rj\u00fck, vegye figyelembe, hogy a term\u00e9kr\u0151l k\u00e9sz\u00fclt val\u00f3di fot\u00f3k szerepelnek a list\u00e1n. Ha b\u00e1rmilyen k\u00e9rd\u00e9se van, vagy tov\u00e1bbi seg\u00edts\u00e9gre van sz\u00fcks\u00e9ge, ne habozzon kapcsolatba l\u00e9pni. Friss\u00edtse laptopja billenty\u0171zet\u00e9t \u00e9s g\u00e9pel\u00e9si \u00e9lm\u00e9ny\u00e9t ezzel az Eredeti SLO billenty\u0171zettel, \u00e9s \u00e9lvezze \u00fajra egy vadonat\u00faj laptop \u00e9rz\u00e9s\u00e9t.<\/p>\n","protected":false},"excerpt":{"rendered":"<p>Fejlessze Asus 1025C\/1025E laptopj\u00e1t ezzel az Eredeti SLO billenty\u0171zettel, csukl\u00f3t\u00e1maszral \u00e9s trackpaddal. A z\u00f6kken\u0151mentes \u00e9s k\u00e9nyelmes g\u00e9pel\u00e9si \u00e9lm\u00e9nyt biztos\u00edt\u00f3 cserebillenty\u0171zet t\u00f6k\u00e9letesen illeszkedik laptopj\u00e1hoz. A 13GOA3F7AP041-20, MP-10B66GB-5288 \u00e9s 04GOA292KUK01-2 term\u00e9kk\u00f3ddal felszerelve pontos illeszked\u00e9st biztos\u00edt k\u00e9sz\u00fcl\u00e9k\u00e9hez. Cser\u00e9lje ki r\u00e9gi vagy s\u00e9r\u00fclt billenty\u0171zet\u00e9t erre az eredeti Asus 1025C\/1025E SLO billenty\u0171zetre.<\/p>\n","protected":false},"featured_media":4466,"template":"","meta":[],"product_brand":[],"product_cat":[16],"product_tag":[30],"class_list":{"0":"post-4424","1":"product","2":"type-product","3":"status-publish","4":"has-post-thumbnail","6":"product_cat-laptop-housing","7":"product_tag-asus","9":"first","10":"instock","11":"taxable","12":"shipping-taxable","13":"purchasable","14":"product-type-simple"},"_links":{"self":[{"href":"https:\/\/boreait.com\/hu\/wp-json\/wp\/v2\/product\/4424","targetHints":{"allow":["GET"]}}],"collection":[{"href":"https:\/\/boreait.com\/hu\/wp-json\/wp\/v2\/product"}],"about":[{"href":"https:\/\/boreait.com\/hu\/wp-json\/wp\/v2\/types\/product"}],"wp:featuredmedia":[{"embeddable":true,"href":"https:\/\/boreait.com\/hu\/wp-json\/wp\/v2\/media\/4466"}],"wp:attachment":[{"href":"https:\/\/boreait.com\/hu\/wp-json\/wp\/v2\/media?parent=4424"}],"wp:term":[{"taxonomy":"product_brand","embeddable":true,"href":"https:\/\/boreait.com\/hu\/wp-json\/wp\/v2\/product_brand?post=4424"},{"taxonomy":"product_cat","embeddable":true,"href":"https:\/\/boreait.com\/hu\/wp-json\/wp\/v2\/product_cat?post=4424"},{"taxonomy":"product_tag","embeddable":true,"href":"https:\/\/boreait.com\/hu\/wp-json\/wp\/v2\/product_tag?post=4424"}],"curies":[{"name":"wp","href":"https:\/\/api.w.org\/{rel}","templated":true}]}}