{"id":4404,"date":"2025-09-17T10:57:29","date_gmt":"2025-09-17T08:57:29","guid":{"rendered":"https:\/\/boreait.com\/hu\/?post_type=product&#038;p=4404"},"modified":"2026-01-12T10:25:42","modified_gmt":"2026-01-12T09:25:42","slug":"lenovo-s20-30-et33-hs-lnv-10-hutoborda-hatekony-hutesi-megoldas","status":"publish","type":"product","link":"https:\/\/boreait.com\/hu\/termek\/lenovo-s20-30-et33-hs-lnv-10-hutoborda-hatekony-hutesi-megoldas\/","title":{"rendered":"Lenovo S20-30 ET33 HS-LNV-10 h\u0171t\u0151borda \u2013 hat\u00e9kony h\u0171t\u00e9si megold\u00e1s"},"content":{"rendered":"<p>A Lenovo S20-30 ET33 HS-LNV-10 h\u0171t\u0151borda kulcsfontoss\u00e1g\u00fa eleme laptopja teljes\u00edtm\u00e9ny\u00e9nek \u00e9s hossz\u00fa \u00e9lettartam\u00e1nak meg\u0151rz\u00e9s\u00e9ben. Ha t\u00falmeleged\u00e9si probl\u00e9m\u00e1kat tapasztal, vagy egyszer\u0171en csak azt szeretn\u00e9, hogy laptopja optim\u00e1lis h\u0151m\u00e9rs\u00e9kleten m\u0171k\u00f6dj\u00f6n, ez a h\u0171t\u0151borda az ide\u00e1lis megold\u00e1s.<\/p>\n<p>F\u0151bb jellemz\u0151k:<\/p>\n<ul>\n<li>Lenovo S20-30 laptopokhoz tervezve<\/li>\n<li>Hat\u00e9kony h\u0151elvezet\u00e9s<\/li>\n<li>Seg\u00edt megel\u0151zni a t\u00falmeleged\u00e9st<\/li>\n<li>Jav\u00edtja a laptop teljes\u00edtm\u00e9ny\u00e9t<\/li>\n<\/ul>\n<p>Ezt a h\u0171t\u0151bord\u00e1t gondosan \u00fagy tervezt\u00e9k, hogy hat\u00e9konyan vezesse el a laptop CPU-ja \u00e1ltal termelt h\u0151t, \u00edgy biztos\u00edtva, hogy a megfelel\u0151 h\u0151m\u00e9rs\u00e9kleten maradjon m\u00e9g a meger\u0151ltet\u0151 feladatok sor\u00e1n is. Ennek a h\u0171t\u0151bord\u00e1nak a haszn\u00e1lat\u00e1val meghosszabb\u00edthatja laptopja \u00e9lettartam\u00e1t, \u00e9s megel\u0151zheti a t\u00falmeleged\u00e9s \u00e1ltal okozott esetleges k\u00e1rokat.<\/p>\n<p>Ak\u00e1r bark\u00e1csol\u00f3, ak\u00e1r professzion\u00e1lis technikus vagy, a laptop h\u0171t\u0151rendszer\u00e9nek friss\u00edt\u00e9se b\u00f6lcs befektet\u00e9s. A Lenovo S20-30 ET33 HS-LNV-10 h\u0171t\u0151borda beszerel\u00e9se egyszer\u0171 folyamat, \u00e9s nem mell\u00e9kel\u00fcnk telep\u00edt\u00e9si utas\u00edt\u00e1sokat. Ha azonban b\u00e1rmilyen k\u00e9rd\u00e9se van, vagy seg\u00edts\u00e9gre van sz\u00fcks\u00e9ge, forduljon hozz\u00e1nk bizalommal.<\/p>\n<p>K\u00e9rj\u00fck, vegye figyelembe, hogy a lista val\u00f3di f\u00e9nyk\u00e9peket tartalmaz a Lenovo S20-30 ET33 HS-LNV-10 h\u0171t\u0151bord\u00e1r\u00f3l. Fokozza laptopja h\u0171t\u0151rendszer\u00e9t, \u00e9s tartsa meg teljes\u00edtm\u00e9ny\u00e9t ezzel a kiv\u00e1l\u00f3 min\u0151s\u00e9g\u0171 Lenovo h\u0171t\u0151bord\u00e1val.<\/p>\n","protected":false},"excerpt":{"rendered":"<p>Friss\u00edtse Lenovo S20-30 laptopja h\u0171t\u0151rendszer\u00e9t a Lenovo S20-30 ET33 HS-LNV-10 h\u0171t\u0151bord\u00e1val. Ezt a h\u0171t\u0151bord\u00e1t a hat\u00e9kony h\u0151elvezet\u00e9sre tervezt\u00e9k, biztos\u00edtva, hogy laptopja optim\u00e1lis h\u0151m\u00e9rs\u00e9kleten m\u0171k\u00f6dj\u00f6n. N\u00f6velje laptopja \u00e9lettartam\u00e1t \u00e9s teljes\u00edtm\u00e9ny\u00e9t ezzel a kiv\u00e1l\u00f3 min\u0151s\u00e9g\u0171 h\u0171t\u0151bord\u00e1val.<\/p>\n","protected":false},"featured_media":4460,"template":"","meta":[],"product_brand":[],"product_cat":[33],"product_tag":[26],"class_list":{"0":"post-4404","1":"product","2":"type-product","3":"status-publish","4":"has-post-thumbnail","6":"product_cat-cpu-fans-heatsinks","7":"product_tag-lenovo","9":"first","10":"instock","11":"taxable","12":"shipping-taxable","13":"purchasable","14":"product-type-simple"},"_links":{"self":[{"href":"https:\/\/boreait.com\/hu\/wp-json\/wp\/v2\/product\/4404","targetHints":{"allow":["GET"]}}],"collection":[{"href":"https:\/\/boreait.com\/hu\/wp-json\/wp\/v2\/product"}],"about":[{"href":"https:\/\/boreait.com\/hu\/wp-json\/wp\/v2\/types\/product"}],"wp:featuredmedia":[{"embeddable":true,"href":"https:\/\/boreait.com\/hu\/wp-json\/wp\/v2\/media\/4460"}],"wp:attachment":[{"href":"https:\/\/boreait.com\/hu\/wp-json\/wp\/v2\/media?parent=4404"}],"wp:term":[{"taxonomy":"product_brand","embeddable":true,"href":"https:\/\/boreait.com\/hu\/wp-json\/wp\/v2\/product_brand?post=4404"},{"taxonomy":"product_cat","embeddable":true,"href":"https:\/\/boreait.com\/hu\/wp-json\/wp\/v2\/product_cat?post=4404"},{"taxonomy":"product_tag","embeddable":true,"href":"https:\/\/boreait.com\/hu\/wp-json\/wp\/v2\/product_tag?post=4404"}],"curies":[{"name":"wp","href":"https:\/\/api.w.org\/{rel}","templated":true}]}}