{"id":4402,"date":"2025-09-17T10:57:29","date_gmt":"2025-09-17T08:57:29","guid":{"rendered":"https:\/\/boreait.com\/hu\/?post_type=product&#038;p=4402"},"modified":"2025-09-17T10:58:13","modified_gmt":"2025-09-17T08:58:13","slug":"lenovo-s20-30-csuklotamasz-erintopaddal-es-uk-slo-billentyuzettel-eredeti-csere","status":"publish","type":"product","link":"https:\/\/boreait.com\/hu\/termek\/lenovo-s20-30-csuklotamasz-erintopaddal-es-uk-slo-billentyuzettel-eredeti-csere\/","title":{"rendered":"Lenovo S20-30 csukl\u00f3t\u00e1masz \u00e9rint\u0151paddal \u00e9s UK\/SLO billenty\u0171zettel \u2013 Eredeti csere"},"content":{"rendered":"<p>Ha csere csukl\u00f3t\u00e1maszra van sz\u00fcks\u00e9ge Lenovo S20-30 laptopj\u00e1hoz, ne keressen tov\u00e1bb. Ez a term\u00e9k egy eredeti alkatr\u00e9sz, amely tartalmazza a csukl\u00f3t\u00e1maszt, az \u00e9rint\u0151padot \u00e9s az Egyes\u00fclt Kir\u00e1lys\u00e1g billenty\u0171zet\u00e9t. \u00dagy tervezt\u00e9k, hogy vissza\u00e1ll\u00edtsa laptopja eredeti \u00e1llapot\u00e1t, biztos\u00edtva, hogy \u00fajszer\u0171 megjelen\u00e9st \u00e9s m\u0171k\u00f6d\u00e9st biztos\u00edtson.<\/p>\n<p>Billenty\u0171zetkioszt\u00e1s: Egyes\u00fclt Kir\u00e1lys\u00e1g szlov\u00e9n l\u00e9zergrav\u00edroz\u00e1ssal.<\/p>\n<p>F\u0151bb jellemz\u0151k:<\/p>\n<ul>\n<li>Eredeti Lenovo cserealkatr\u00e9sz<\/li>\n<li>Tartalmazza a csukl\u00f3t\u00e1maszt, az \u00e9rint\u0151padot \u00e9s a brit billenty\u0171zetet<\/li>\n<li>Lenovo S20-30 laptopokkal kompatibilis<\/li>\n<\/ul>\n<p>Ak\u00e1r a jelenlegi csukl\u00f3t\u00e1masz megs\u00e9r\u00fclt, ak\u00e1r fejleszteni szeretn\u00e9 laptopj\u00e1t, ez a cserealkatr\u00e9sz a t\u00f6k\u00e9letes megold\u00e1s. \u00dagy tervezt\u00e9k, hogy k\u00f6nnyen telep\u00edthet\u0151 legyen, \u00e9s probl\u00e9mamentes megold\u00e1st k\u00edn\u00e1l laptopja \u00fajj\u00e1\u00e9leszt\u00e9s\u00e9re.<\/p>\n<p>K\u00e9rj\u00fck, vegye figyelembe, hogy ez a lista val\u00f3di f\u00e9nyk\u00e9peket tartalmaz a Lenovo S20-30 csukl\u00f3t\u00e1maszr\u00f3l, \u00e9rint\u0151paddal \u00e9s brit billenty\u0171zettel. Telep\u00edt\u00e9si \u00fatmutat\u00f3 nem tal\u00e1lhat\u00f3, de ha b\u00e1rmilyen k\u00e9rd\u00e9se van, vagy tov\u00e1bbi seg\u00edts\u00e9gre van sz\u00fcks\u00e9ge, forduljon bizalommal. Friss\u00edtse Lenovo S20-30 laptopj\u00e1t ezzel az eredeti cserealkatr\u00e9szrel, \u00e9s \u00e9lvezze az \u00fajszer\u0171 sz\u00e1m\u00edt\u00e1stechnikai \u00e9lm\u00e9nyt.<\/p>\n","protected":false},"excerpt":{"rendered":"<p>Fejlessze Lenovo S20-30 laptopj\u00e1t ezzel az eredeti csere csukl\u00f3t\u00e1maszral, bele\u00e9rtve az \u00e9rint\u0151padot \u00e9s a brit billenty\u0171zetet. Ezzel a kiv\u00e1l\u00f3 min\u0151s\u00e9g\u0171 alkatr\u00e9szrel \u00e1ll\u00edtsa vissza laptopja megjelen\u00e9s\u00e9t \u00e9s funkcionalit\u00e1s\u00e1t.<\/p>\n","protected":false},"featured_media":4448,"template":"","meta":[],"product_brand":[],"product_cat":[16],"product_tag":[26],"class_list":{"0":"post-4402","1":"product","2":"type-product","3":"status-publish","4":"has-post-thumbnail","6":"product_cat-laptop-housing","7":"product_tag-lenovo","9":"first","10":"instock","11":"taxable","12":"shipping-taxable","13":"purchasable","14":"product-type-simple"},"_links":{"self":[{"href":"https:\/\/boreait.com\/hu\/wp-json\/wp\/v2\/product\/4402","targetHints":{"allow":["GET"]}}],"collection":[{"href":"https:\/\/boreait.com\/hu\/wp-json\/wp\/v2\/product"}],"about":[{"href":"https:\/\/boreait.com\/hu\/wp-json\/wp\/v2\/types\/product"}],"wp:featuredmedia":[{"embeddable":true,"href":"https:\/\/boreait.com\/hu\/wp-json\/wp\/v2\/media\/4448"}],"wp:attachment":[{"href":"https:\/\/boreait.com\/hu\/wp-json\/wp\/v2\/media?parent=4402"}],"wp:term":[{"taxonomy":"product_brand","embeddable":true,"href":"https:\/\/boreait.com\/hu\/wp-json\/wp\/v2\/product_brand?post=4402"},{"taxonomy":"product_cat","embeddable":true,"href":"https:\/\/boreait.com\/hu\/wp-json\/wp\/v2\/product_cat?post=4402"},{"taxonomy":"product_tag","embeddable":true,"href":"https:\/\/boreait.com\/hu\/wp-json\/wp\/v2\/product_tag?post=4402"}],"curies":[{"name":"wp","href":"https:\/\/api.w.org\/{rel}","templated":true}]}}