{"id":4397,"date":"2025-09-17T10:57:28","date_gmt":"2025-09-17T08:57:28","guid":{"rendered":"https:\/\/boreait.com\/hu\/?post_type=product&#038;p=4397"},"modified":"2026-01-14T13:34:43","modified_gmt":"2026-01-14T12:34:43","slug":"audio-usb-lan-alaplap-asus-1025c-hez-hasznalt-eredeti-cserealkatresz","status":"publish","type":"product","link":"https:\/\/boreait.com\/hu\/termek\/audio-usb-lan-alaplap-asus-1025c-hez-hasznalt-eredeti-cserealkatresz\/","title":{"rendered":"Audio, USB, LAN alaplap Asus 1025C-hez &#8211; Haszn\u00e1lt, eredeti cserealkatr\u00e9sz"},"content":{"rendered":"<p>Revitaliz\u00e1lja Asus 1025C laptopj\u00e1t ezzel az eredeti audio-, USB- \u00e9s LAN-k\u00e1rty\u00e1val. Ez a k\u00f6zvetlen cserealkatr\u00e9sznek tervezett k\u00e1rtya biztos\u00edtja laptopja audio-, USB- \u00e9s LAN-funkci\u00f3inak z\u00f6kken\u0151mentes m\u0171k\u00f6d\u00e9s\u00e9t.<\/p>\n<p>F\u0151bb jellemz\u0151k:<\/p>\n<ul>\n<li>Kompatibilit\u00e1s: Asus 1025C \u2013 Asus Eee PC 1025c-gry026s<\/li>\n<li>A mell\u00e9kelt alkatr\u00e9szek: audio, USB \u00e9s LAN-k\u00e1rtya<\/li>\n<li>\u00c1llapot: Haszn\u00e1lt (Eredeti Asus alkatr\u00e9sz)<\/li>\n<li>Vissza\u00e1ll\u00edt\u00e1s vagy friss\u00edt\u00e9s: Cser\u00e9lje le megl\u00e9v\u0151 k\u00e1rty\u00e1j\u00e1t a teljes\u00edtm\u00e9ny fenntart\u00e1sa vagy jav\u00edt\u00e1sa \u00e9rdek\u00e9ben<\/li>\n<li>Alkatr\u00e9szsz\u00e1mok: 11427732 1025c 69na3fb10d01-01 1142773207837 60-0a3f101000-d01<\/li>\n<\/ul>\n<p>Ak\u00e1r jelenlegi k\u00e1rty\u00e1ja hib\u00e1san m\u0171k\u00f6dik, ak\u00e1r laptopja m\u0171k\u00f6d\u00e9s\u00e9t szeretn\u00e9 jav\u00edtani, ez az eredeti cserek\u00e1rtya a megold\u00e1s, amire sz\u00fcks\u00e9ge van. K\u00f6lts\u00e9ghat\u00e9kony alternat\u00edv\u00e1ja egy vadonat\u00faj laptop v\u00e1s\u00e1rl\u00e1s\u00e1nak, amely lehet\u0151v\u00e9 teszi, hogy min\u0151s\u00e9gi hangz\u00e1st, USB- \u00e9s LAN-kapcsolatot \u00e9lvezzen an\u00e9lk\u00fcl, hogy a p\u00e9nzt megtenn\u00e9.<\/p>\n<p>K\u00e9rj\u00fck, vegye figyelembe, hogy ez a lista val\u00f3di f\u00e9nyk\u00e9peket tartalmaz az Asus 1025C audio-, USB- \u00e9s LAN-k\u00e1rty\u00e1j\u00e1r\u00f3l, \u00e9s nem tartalmaz telep\u00edt\u00e9si utas\u00edt\u00e1st. Ha b\u00e1rmilyen k\u00e9rd\u00e9se van, vagy tov\u00e1bbi inform\u00e1ci\u00f3ra van sz\u00fcks\u00e9ge, k\u00e9rj\u00fck, forduljon hozz\u00e1nk bizalommal. Ezzel az eredeti cserek\u00e1rty\u00e1val \u00e1ll\u00edtsa vissza Asus 1025C k\u00e9sz\u00fcl\u00e9k\u00e9nek teljes potenci\u00e1lj\u00e1t.<\/p>\n","protected":false},"excerpt":{"rendered":"<p>Fokozza Asus 1025C funkcionalit\u00e1s\u00e1t ezzel az eredeti audio-, USB- \u00e9s LAN-k\u00e1rty\u00e1val. Cser\u00e9lje ki vagy friss\u00edtse megl\u00e9v\u0151 k\u00e1rty\u00e1j\u00e1t erre az eredeti alkatr\u00e9szre, hogy helyre\u00e1ll\u00edtsa vagy jav\u00edtsa eszk\u00f6ze audio-, USB- \u00e9s LAN-kapcsolat\u00e1t. Ez a t\u00e1bla megb\u00edzhat\u00f3, k\u00f6lts\u00e9ghat\u00e9kony megold\u00e1s laptopja teljes\u00edtm\u00e9ny\u00e9nek meg\u0151rz\u00e9s\u00e9re.<\/p>\n","protected":false},"featured_media":4439,"template":"","meta":[],"product_brand":[],"product_cat":[27],"product_tag":[30],"class_list":{"0":"post-4397","1":"product","2":"type-product","3":"status-publish","4":"has-post-thumbnail","6":"product_cat-motherboards-board-parts","7":"product_tag-asus","9":"first","10":"instock","11":"taxable","12":"shipping-taxable","13":"purchasable","14":"product-type-simple"},"_links":{"self":[{"href":"https:\/\/boreait.com\/hu\/wp-json\/wp\/v2\/product\/4397","targetHints":{"allow":["GET"]}}],"collection":[{"href":"https:\/\/boreait.com\/hu\/wp-json\/wp\/v2\/product"}],"about":[{"href":"https:\/\/boreait.com\/hu\/wp-json\/wp\/v2\/types\/product"}],"wp:featuredmedia":[{"embeddable":true,"href":"https:\/\/boreait.com\/hu\/wp-json\/wp\/v2\/media\/4439"}],"wp:attachment":[{"href":"https:\/\/boreait.com\/hu\/wp-json\/wp\/v2\/media?parent=4397"}],"wp:term":[{"taxonomy":"product_brand","embeddable":true,"href":"https:\/\/boreait.com\/hu\/wp-json\/wp\/v2\/product_brand?post=4397"},{"taxonomy":"product_cat","embeddable":true,"href":"https:\/\/boreait.com\/hu\/wp-json\/wp\/v2\/product_cat?post=4397"},{"taxonomy":"product_tag","embeddable":true,"href":"https:\/\/boreait.com\/hu\/wp-json\/wp\/v2\/product_tag?post=4397"}],"curies":[{"name":"wp","href":"https:\/\/api.w.org\/{rel}","templated":true}]}}