{"id":4396,"date":"2025-09-17T10:57:28","date_gmt":"2025-09-17T08:57:28","guid":{"rendered":"https:\/\/boreait.com\/hu\/?post_type=product&#038;p=4396"},"modified":"2026-01-14T10:01:37","modified_gmt":"2026-01-14T09:01:37","slug":"asus-eee-pc-1025c-gry026s-seashell-also-burkolat-csere-laptop-alkatreszek","status":"publish","type":"product","link":"https:\/\/boreait.com\/hu\/termek\/asus-eee-pc-1025c-gry026s-seashell-also-burkolat-csere-laptop-alkatreszek\/","title":{"rendered":"Asus Eee PC 1025c-gry026s Seashell als\u00f3 burkolat csere &#8211; Laptop alkatr\u00e9szek"},"content":{"rendered":"<p>Cser\u00e9lni kell az Asus Eee PC 1025c-gry026s Seashell k\u00e9sz\u00fcl\u00e9k als\u00f3 burkolat\u00e1t? Ne keressen tov\u00e1bb! Eredeti Asus Eee PC Seashell Bottom Cover\u00fcnk itt van, hogy \u00faj \u00e9letet leheljen laptopj\u00e1ba.<\/p>\n<p>F\u0151bb jellemz\u0151k:<\/p>\n<ul>\n<li>Eredeti Asus als\u00f3 bor\u00edt\u00f3: Ez a cserealkatr\u00e9sz egy hiteles Asus term\u00e9k, amely t\u00f6k\u00e9letes illeszked\u00e9st \u00e9s kompatibilit\u00e1st biztos\u00edt Asus Eee PC Seashell laptopj\u00e1hoz.<\/li>\n<li>Egyszer\u0171 telep\u00edt\u00e9s: A probl\u00e9mamentes telep\u00edt\u00e9shez tervezt\u00e9k, nem kell m\u0171szaki szak\u00e9rt\u0151nek lennie ahhoz, hogy kicser\u00e9lje laptopja als\u00f3 bor\u00edt\u00e1s\u00e1t. Ez egy egyszer\u0171 bark\u00e1csol\u00e1si folyamat, amellyel id\u0151t \u00e9s p\u00e9nzt takar\u00edthat meg.<\/li>\n<li>V\u00e9delem \u00e9s eszt\u00e9tika: Az als\u00f3 burkolat nemcsak a laptop bels\u0151 alkatr\u00e9szeit v\u00e9di, hanem hozz\u00e1j\u00e1rul annak \u00e1ltal\u00e1nos megjelen\u00e9s\u00e9hez \u00e9s \u00e9rzet\u00e9hez is. Ezzel a cser\u00e9vel megtarthatja laptopja optim\u00e1lis m\u0171k\u00f6d\u00e9s\u00e9t, mik\u00f6zben meg\u0151rzi karcs\u00fa megjelen\u00e9s\u00e9t.<\/li>\n<li>Kompatibilit\u00e1s: Ez az als\u00f3 burkolat kompatibilis az Asus Eee PC Seashell laptopokkal, \u00edgy biztos\u00edtva, hogy megfelel\u0151en illeszkedjen az eszk\u00f6z\u00e9hez.<\/li>\n<\/ul>\n<p>Ha kop\u00e1st \u00e9szlel laptopja als\u00f3 bor\u00edt\u00e1s\u00e1n, vagy b\u00e1rmilyen okb\u00f3l ki kell cser\u00e9lnie, akkor ez az eredeti Asus Eee PC Seashell Bottom Cover a megold\u00e1s. Term\u00e9klist\u00e1nk val\u00f3di f\u00e9nyk\u00e9peket tartalmaz az als\u00f3 bor\u00edt\u00f3r\u00f3l, amelyet megkap.<\/p>\n<p>K\u00e9rj\u00fck, vegye figyelembe, hogy nem tartalmaz telep\u00edt\u00e9si utas\u00edt\u00e1st, de ha b\u00e1rmilyen k\u00e9rd\u00e9se van, vagy seg\u00edts\u00e9gre van sz\u00fcks\u00e9ge, forduljon hozz\u00e1nk bizalommal. Adjon \u00faj \u00e9letet Asus Eee PC Seashell-j\u00e9nek ezzel a n\u00e9lk\u00fcl\u00f6zhetetlen cserealkatr\u00e9szsel.<\/p>\n","protected":false},"excerpt":{"rendered":"<p>Keltse \u00fajra \u00e9letre Asus Eee PC Seashell-j\u00e9t ezzel az eredeti csere als\u00f3 bor\u00edt\u00e1ssal. Ez a z\u00f6kken\u0151mentesen illeszked\u0151 burkolat k\u00e9nyelmes \u00e9s v\u00e9d\u0151burkolatot biztos\u00edt laptopja l\u00e9tfontoss\u00e1g\u00fa alkatr\u00e9szeinek. Prec\u00edzen megalkotott \u00e9s probl\u00e9mamentes telep\u00edt\u00e9sre tervezt\u00e9k, elengedhetetlen a laptopja \u00e9ps\u00e9g\u00e9nek helyre\u00e1ll\u00edt\u00e1s\u00e1hoz.<\/p>\n","protected":false},"featured_media":4437,"template":"","meta":[],"product_brand":[],"product_cat":[16],"product_tag":[30],"class_list":{"0":"post-4396","1":"product","2":"type-product","3":"status-publish","4":"has-post-thumbnail","6":"product_cat-laptop-housing","7":"product_tag-asus","9":"first","10":"instock","11":"taxable","12":"shipping-taxable","13":"purchasable","14":"product-type-simple"},"_links":{"self":[{"href":"https:\/\/boreait.com\/hu\/wp-json\/wp\/v2\/product\/4396","targetHints":{"allow":["GET"]}}],"collection":[{"href":"https:\/\/boreait.com\/hu\/wp-json\/wp\/v2\/product"}],"about":[{"href":"https:\/\/boreait.com\/hu\/wp-json\/wp\/v2\/types\/product"}],"wp:featuredmedia":[{"embeddable":true,"href":"https:\/\/boreait.com\/hu\/wp-json\/wp\/v2\/media\/4437"}],"wp:attachment":[{"href":"https:\/\/boreait.com\/hu\/wp-json\/wp\/v2\/media?parent=4396"}],"wp:term":[{"taxonomy":"product_brand","embeddable":true,"href":"https:\/\/boreait.com\/hu\/wp-json\/wp\/v2\/product_brand?post=4396"},{"taxonomy":"product_cat","embeddable":true,"href":"https:\/\/boreait.com\/hu\/wp-json\/wp\/v2\/product_cat?post=4396"},{"taxonomy":"product_tag","embeddable":true,"href":"https:\/\/boreait.com\/hu\/wp-json\/wp\/v2\/product_tag?post=4396"}],"curies":[{"name":"wp","href":"https:\/\/api.w.org\/{rel}","templated":true}]}}