{"id":4376,"date":"2025-09-17T10:57:07","date_gmt":"2025-09-17T08:57:07","guid":{"rendered":"https:\/\/boreait.com\/hu\/?post_type=product&#038;p=4376"},"modified":"2026-01-14T10:00:38","modified_gmt":"2026-01-14T09:00:38","slug":"hutoventilator-toshiba-satellite-l730-m800-m305d-u400","status":"publish","type":"product","link":"https:\/\/boreait.com\/hu\/termek\/hutoventilator-toshiba-satellite-l730-m800-m305d-u400\/","title":{"rendered":"H\u0171t\u0151ventil\u00e1tor Toshiba Satellite L730 \/ M800 \/ M305D \/ U400 \/"},"content":{"rendered":"<p>Ha szeretn\u00e9 meg\u0151rizni laptopja optim\u00e1lis teljes\u00edtm\u00e9ny\u00e9t \u00e9s megel\u0151zni a t\u00falmeleged\u00e9st, a KSB0505HA DC05V 0,32A KEFE N\u00e9lk\u00fcl tesztelt h\u0171t\u0151ventil\u00e1tor a megold\u00e1s, amire sz\u00fcks\u00e9ge van.<\/p>\n<p>F\u0151bb jellemz\u0151k:<\/p>\n<ul>\n<li>Ventil\u00e1tor modell: KSB0505HA<\/li>\n<li>Fesz\u00fclts\u00e9g: DC 05V<\/li>\n<li>\u00c1ram: 0,32 A<\/li>\n<li>T\u00edpus: BRUSHLES<\/li>\n<li>Alkatr\u00e9szsz\u00e1mok: AVC3EBU2TA0100080805 \/ AVC3EBU2TA0I00080805<\/li>\n<li>Kompatibilis: Toshiba Satellite L730 \/ M800 \/ M305D \/ U400 \/<\/li>\n<\/ul>\n<p>Ez a h\u0171t\u0151ventil\u00e1tor nem egy egyszer\u0171 ventil\u00e1tor; pr\u00f3b\u00e1ra tett\u00e9k annak biztos\u00edt\u00e1s\u00e1ra, hogy egyenletes \u00e9s hat\u00e9kony h\u0171t\u00e9st biztos\u00edtson. B\u00edzhat benne, hogy kontroll alatt tartja laptopja h\u0151m\u00e9rs\u00e9klet\u00e9t, m\u00e9g a meger\u0151ltet\u0151 feladatok sor\u00e1n is.<\/p>\n<p>Ak\u00e1r j\u00e1t\u00e9kos, ak\u00e1r profi, ak\u00e1r h\u00e9tk\u00f6znapi felhaszn\u00e1l\u00f3, a megfelel\u0151 h\u0151m\u00e9rs\u00e9klet fenntart\u00e1sa elengedhetetlen laptopja \u00e9lettartam\u00e1nak meghosszabb\u00edt\u00e1s\u00e1hoz \u00e9s teljes\u00edtm\u00e9ny\u00e9nek optimaliz\u00e1l\u00e1s\u00e1hoz. A KSB0505HA h\u0171t\u0151ventil\u00e1tor a v\u00e1lasz.<\/p>\n<p>K\u00e9rj\u00fck, vegye figyelembe, hogy ez a lista a KSB0505HA DC05V 0,32A KEFE N\u00c9LK\u00dcLI, tesztelt h\u0171t\u0151ventil\u00e1tor t\u00e9nyleges fot\u00f3it tartalmazza, \u00e9s nem tartalmaz telep\u00edt\u00e9si utas\u00edt\u00e1st. Ha b\u00e1rmilyen k\u00e9rd\u00e9se van, vagy tov\u00e1bbi inform\u00e1ci\u00f3ra van sz\u00fcks\u00e9ge, ne habozzon kapcsolatba l\u00e9pni vel\u00fcnk. Ezzel a megb\u00edzhat\u00f3 \u00e9s tesztelt h\u0171t\u0151ventil\u00e1torral biztos\u00edthatja laptopj\u00e1nak a meg\u00e9rdemelt h\u0171t\u00e9st.<\/p>\n","protected":false},"excerpt":{"rendered":"<p>Fokozza laptopja h\u0171t\u00e9s\u00e9t a KSB0505HA DC05V 0,32A KEFE N\u00c9LK\u00dcLI, tesztelt h\u0171t\u0151ventil\u00e1torral. Ezt a ventil\u00e1tort szigor\u00faan tesztelt\u00e9k, \u00e9s bizony\u00edtottan megb\u00edzhat\u00f3 h\u0171t\u00e9si teljes\u00edtm\u00e9nyt ny\u00fajt. Laptopja z\u00f6kken\u0151mentesen \u00e9s hat\u00e9konyan m\u0171k\u00f6dj\u00f6n. Friss\u00edtse h\u0171t\u00e9si megold\u00e1s\u00e1t m\u00e9g ma!<\/p>\n","protected":false},"featured_media":4417,"template":"","meta":[],"product_brand":[],"product_cat":[33],"product_tag":[34],"class_list":{"0":"post-4376","1":"product","2":"type-product","3":"status-publish","4":"has-post-thumbnail","6":"product_cat-cpu-fans-heatsinks","7":"product_tag-toshiba","9":"first","10":"instock","11":"taxable","12":"shipping-taxable","13":"purchasable","14":"product-type-simple"},"_links":{"self":[{"href":"https:\/\/boreait.com\/hu\/wp-json\/wp\/v2\/product\/4376","targetHints":{"allow":["GET"]}}],"collection":[{"href":"https:\/\/boreait.com\/hu\/wp-json\/wp\/v2\/product"}],"about":[{"href":"https:\/\/boreait.com\/hu\/wp-json\/wp\/v2\/types\/product"}],"wp:featuredmedia":[{"embeddable":true,"href":"https:\/\/boreait.com\/hu\/wp-json\/wp\/v2\/media\/4417"}],"wp:attachment":[{"href":"https:\/\/boreait.com\/hu\/wp-json\/wp\/v2\/media?parent=4376"}],"wp:term":[{"taxonomy":"product_brand","embeddable":true,"href":"https:\/\/boreait.com\/hu\/wp-json\/wp\/v2\/product_brand?post=4376"},{"taxonomy":"product_cat","embeddable":true,"href":"https:\/\/boreait.com\/hu\/wp-json\/wp\/v2\/product_cat?post=4376"},{"taxonomy":"product_tag","embeddable":true,"href":"https:\/\/boreait.com\/hu\/wp-json\/wp\/v2\/product_tag?post=4376"}],"curies":[{"name":"wp","href":"https:\/\/api.w.org\/{rel}","templated":true}]}}