{"id":4372,"date":"2025-09-17T10:57:06","date_gmt":"2025-09-17T08:57:06","guid":{"rendered":"https:\/\/boreait.com\/hu\/?post_type=product&#038;p=4372"},"modified":"2026-01-14T09:59:35","modified_gmt":"2026-01-14T08:59:35","slug":"wifi-vezetek-nelkuli-dell-latitude-e5400-kartya-cn-0h006k-70223-313","status":"publish","type":"product","link":"https:\/\/boreait.com\/hu\/termek\/wifi-vezetek-nelkuli-dell-latitude-e5400-kartya-cn-0h006k-70223-313\/","title":{"rendered":"WiFi vezet\u00e9k n\u00e9lk\u00fcli Dell Latitude E5400 k\u00e1rtya (CN-0H006K-70223) (313)"},"content":{"rendered":"<p>B\u0151v\u00edtse Dell Latitude E5400 laptopja vezet\u00e9k n\u00e9lk\u00fcli funkci\u00f3it a WiFi vezet\u00e9k n\u00e9lk\u00fcli k\u00e1rty\u00e1val (CN-0H006K-70223). Ez az alkatr\u00e9sz egy eredeti Dell csere, amelyet arra terveztek, hogy helyre\u00e1ll\u00edtsa vagy jav\u00edtsa laptopja vezet\u00e9k n\u00e9lk\u00fcli k\u00e9pess\u00e9geit.<\/p>\n<p>F\u0151bb jellemz\u0151k:<\/p>\n<ul>\n<li>Kompatibilit\u00e1s: Dell Latitude E5400<\/li>\n<li>Alkatr\u00e9szsz\u00e1m: CN-0H006K-70223 (313)<\/li>\n<li>Megb\u00edzhat\u00f3 vezet\u00e9k n\u00e9lk\u00fcli kapcsolat<\/li>\n<\/ul>\n<p>Ak\u00e1r a jelenlegi vezet\u00e9k n\u00e9lk\u00fcli k\u00e1rty\u00e1ja hib\u00e1san m\u0171k\u00f6dik, ak\u00e1r egyszer\u0171en jobb vezet\u00e9k n\u00e9lk\u00fcli teljes\u00edtm\u00e9nyt szeretne \u00e9lvezni, ez a WiFi vezet\u00e9k n\u00e9lk\u00fcli k\u00e1rtya a megold\u00e1s. Ezzel a k\u00e1rty\u00e1val stabil \u00e9s megb\u00edzhat\u00f3 vezet\u00e9k n\u00e9lk\u00fcli kapcsolatot \u00e9lvezhet, ami biztos\u00edtja, hogy megszak\u00edt\u00e1s n\u00e9lk\u00fcl maradjon kapcsolatban.<\/p>\n<p>K\u00e9rj\u00fck, vegye figyelembe, hogy ez a lista val\u00f3di f\u00e9nyk\u00e9peket tartalmaz a Dell Latitude E5400 k\u00e9sz\u00fcl\u00e9khez k\u00e9sz\u00fclt WiFi vezet\u00e9k n\u00e9lk\u00fcli k\u00e1rty\u00e1r\u00f3l (CN-0H006K-70223). Telep\u00edt\u00e9si utas\u00edt\u00e1sokat nem adunk, de ha k\u00e9rd\u00e9se van, vagy seg\u00edts\u00e9gre van sz\u00fcks\u00e9ge, forduljon hozz\u00e1nk bizalommal.<\/p>\n<p>Friss\u00edtse laptopja vezet\u00e9k n\u00e9lk\u00fcli k\u00e9pess\u00e9geit ezzel az eredeti Dell-r\u00e9sszel, \u00e9s tapasztalja meg a vezet\u00e9k n\u00e9lk\u00fcli kapcsolat ny\u00fajtotta k\u00e9nyelmet.<\/p>\n","protected":false},"excerpt":{"rendered":"<p>Fokozza Dell Latitude E5400 laptopja vezet\u00e9k n\u00e9lk\u00fcli k\u00e9pess\u00e9geit ezzel a WiFi vezet\u00e9k n\u00e9lk\u00fcli k\u00e1rty\u00e1val (CN-0H006K-70223). Ez a cserek\u00e1rtya stabil \u00e9s megb\u00edzhat\u00f3 vezet\u00e9k n\u00e9lk\u00fcli kapcsolatot biztos\u00edt, lehet\u0151v\u00e9 t\u00e9ve a probl\u00e9mamentes kapcsolattart\u00e1st. Ezzel az eredeti Dell alkatr\u00e9szrel hozza vissza laptopja vezet\u00e9k n\u00e9lk\u00fcli kapcsolat\u00e1nak k\u00e9nyelm\u00e9t.<\/p>\n","protected":false},"featured_media":4413,"template":"","meta":[],"product_brand":[],"product_cat":[27],"product_tag":[17],"class_list":{"0":"post-4372","1":"product","2":"type-product","3":"status-publish","4":"has-post-thumbnail","6":"product_cat-motherboards-board-parts","7":"product_tag-dell","9":"first","10":"instock","11":"taxable","12":"shipping-taxable","13":"purchasable","14":"product-type-simple"},"_links":{"self":[{"href":"https:\/\/boreait.com\/hu\/wp-json\/wp\/v2\/product\/4372","targetHints":{"allow":["GET"]}}],"collection":[{"href":"https:\/\/boreait.com\/hu\/wp-json\/wp\/v2\/product"}],"about":[{"href":"https:\/\/boreait.com\/hu\/wp-json\/wp\/v2\/types\/product"}],"wp:featuredmedia":[{"embeddable":true,"href":"https:\/\/boreait.com\/hu\/wp-json\/wp\/v2\/media\/4413"}],"wp:attachment":[{"href":"https:\/\/boreait.com\/hu\/wp-json\/wp\/v2\/media?parent=4372"}],"wp:term":[{"taxonomy":"product_brand","embeddable":true,"href":"https:\/\/boreait.com\/hu\/wp-json\/wp\/v2\/product_brand?post=4372"},{"taxonomy":"product_cat","embeddable":true,"href":"https:\/\/boreait.com\/hu\/wp-json\/wp\/v2\/product_cat?post=4372"},{"taxonomy":"product_tag","embeddable":true,"href":"https:\/\/boreait.com\/hu\/wp-json\/wp\/v2\/product_tag?post=4372"}],"curies":[{"name":"wp","href":"https:\/\/api.w.org\/{rel}","templated":true}]}}