{"id":4371,"date":"2025-09-17T10:57:06","date_gmt":"2025-09-17T08:57:06","guid":{"rendered":"https:\/\/boreait.com\/hu\/?post_type=product&#038;p=4371"},"modified":"2026-01-14T09:59:15","modified_gmt":"2026-01-14T08:59:15","slug":"samsung-4gb-pc3l-12800-ddr3-1600mhz-204-tus-4gb-ram-laptop-memoriamodul","status":"publish","type":"product","link":"https:\/\/boreait.com\/hu\/termek\/samsung-4gb-pc3l-12800-ddr3-1600mhz-204-tus-4gb-ram-laptop-memoriamodul\/","title":{"rendered":"Samsung 4GB PC3L-12800 DDR3-1600MHz 204 t\u0171s 4GB RAM laptop mem\u00f3riamodul"},"content":{"rendered":"<div class=\"flex-1 overflow-hidden\">\n<div class=\"react-scroll-to-bottom--css-kihzf-79elbk h-full dark:bg-gray-800\">\n<div class=\"react-scroll-to-bottom--css-kihzf-1n7m0yu\">\n<div class=\"flex flex-col text-sm dark:bg-gray-800\">\n<div class=\"group final-completion w-full text-token-text-primary border-b border-black\/10 gizmo:border-0 dark:border-grey-900\/50 gizmo:dark:border-0 bg-gray-50 gizmo:bg-transparent dark:bg-[#]bgizmo-transparent dark:bg-[#4444:transparent\" data-testid=\"conversation-turn-13\">\n<div class=\"p-4 justify-center text-base md:gap-6 md:py-6 m-auto\">\n<div class=\"flex flex-1 gap-4 text-base mx-auto md:gap-6 gizmo:gap-3 gizmo:md:px-5 gizmo:lg:px-1 gizmo:xl:px-5 md:max-w-2xl lg:max-w-[38rem-d:] gizmo-w-m3 gizmo:lg:max-w-[40rem] gizmo:xl:max-w-[48rem] xl:max-w-3xl }\">\n<div class=\"relat\u00edv flex w-[calc(100%-50px)] flex-col gizmo:w-full lg:w-[calc(100%-115px)] agent-turn\">\n<div class=\"flex-col gap-1 md:gap-3\">\n<div class=\"flex flex-grow flex-col gap-3 max-w-full\">\n<div class=\"min-h-[20px] flex flex-col items-start gap-3 whitespace-pre-wrap break-words overflow-x-auto\">\n<div class=\"markdown prose w-full break-words dark:prose-invert dark\">\n<p>B\u0151v\u00edtse laptopja mem\u00f3ri\u00e1j\u00e1t a Samsung 4 GB PC3L-12800 DDR3-1600 MHz 204 t\u0171s RAM modullal. Ezt a megb\u00edzhat\u00f3 \u00e9s hat\u00e9kony mem\u00f3riamodult \u00fagy tervezt\u00e9k, hogy jelent\u0151s teljes\u00edtm\u00e9nyn\u00f6veked\u00e9st biztos\u00edtson laptopja sz\u00e1m\u00e1ra, lehet\u0151v\u00e9 t\u00e9ve sz\u00e1mos feladat \u00e9s alkalmaz\u00e1s egyszer\u0171 kezel\u00e9s\u00e9t.<\/p>\n<p>F\u0151bb jellemz\u0151k:<\/p>\n<ul>\n<li>T\u00edpus: DDR3 SODIMM<\/li>\n<li>Kapacit\u00e1s: 4 GB<\/li>\n<li>Sebess\u00e9g: 1600 MHz (PC3L-12800)<\/li>\n<li>T\u0171k: 204 t\u0171s<\/li>\n<li>Fesz\u00fclts\u00e9g: 1,35 V (alacsony fesz\u00fclts\u00e9g)<\/li>\n<li>Kompatibilit\u00e1s: Laptopokhoz \u00e9s notebookokhoz tervezve<\/li>\n<\/ul>\n<p>A 4 GB kapacit\u00e1s\u00fa RAM modul k\u00fcl\u00f6nf\u00e9le sz\u00e1m\u00edt\u00e1si feladatokra alkalmas, a mindennapi haszn\u00e1latt\u00f3l a k\u00f6nny\u0171 j\u00e1t\u00e9kig \u00e9s tartalomk\u00e9sz\u00edt\u00e9sig. T\u00f6k\u00e9letes a laptop mem\u00f3ri\u00e1j\u00e1nak b\u0151v\u00edt\u00e9s\u00e9re, hogy megfeleljen a modern szoftverek \u00e9s alkalmaz\u00e1sok ig\u00e9nyeinek.<\/p>\n<p>Mondjon b\u00facs\u00fat a lass\u00fa bet\u00f6lt\u00e9si id\u0151knek \u00e9s a rendszerk\u00e9s\u00e9snek. Ez a Samsung RAM modul gyors, 1600 MHz-en m\u0171k\u00f6dik, \u00edgy biztos\u00edtja a laptop z\u00f6kken\u0151mentes \u00e9s hat\u00e9kony m\u0171k\u00f6d\u00e9s\u00e9t. R\u00e1ad\u00e1sul alacsony fesz\u00fclts\u00e9g\u0171, 1,35 V-os kialak\u00edt\u00e1sa seg\u00edt megtakar\u00edtani az energi\u00e1t, \u00edgy k\u00f6rnyezetbar\u00e1tabb v\u00e1laszt\u00e1s.<\/p>\n<p>K\u00e9rj\u00fck, vegye figyelembe, hogy ez a lista val\u00f3s f\u00e9nyk\u00e9peket tartalmaz a Samsung 4 GB PC3L-12800 DDR3-1600 MHz 204 t\u0171s RAM modulr\u00f3l, \u00e9s nem tartalmaz telep\u00edt\u00e9si utas\u00edt\u00e1st. Ha b\u00e1rmilyen k\u00e9rd\u00e9se van, vagy tov\u00e1bbi inform\u00e1ci\u00f3ra van sz\u00fcks\u00e9ge, forduljon hozz\u00e1nk bizalommal. N\u00f6velje laptopja teljes\u00edtm\u00e9ny\u00e9t ezzel a Samsung RAM modullal, \u00e9s tapasztalja meg a jobb t\u00f6bbfeladatos munkav\u00e9gz\u00e9st \u00e9s a v\u00e1laszk\u00e9szs\u00e9get.<\/p>\n<\/div>\n<\/div>\n<\/div>\n<div class=\"flex justify-between empty:hidden gizmo:justify-start gizmo:gap-3 lg:block\">\n<div class=\"text-gray-400 flex self-end lg:self-center justify-center gizmo:lg:justify-start mt-2 gizmo:mt-0 l\u00e1that\u00f3 lg:gap-1 lg:absolute lg:top-0 lg:translate-x-full lg:right-0 lg:m-p-d\"\n\n\n\n&nbsp;\n\n\n\n<div class=\"flex gap-1 gizmo:gap-3\"><\/div>\n<\/div>\n<\/div>\n<\/div>\n<\/div>\n<\/div>\n<\/div>\n<\/div>\n<div class=\"h-32 md:h-48 flex-shrink-0\"><\/div>\n<p>&nbsp;<\/p>\n<\/div>\n<\/div>\n<\/div>\n<\/div>\n<div class=\"w-full pt-2 border-t md:border-t-0 dark:border-white\/20 md:border-transparent md:dark:border-transparent md:pl-2 md:w-[calc(100%-.5rem)] abszol\u00fat als\u00f3-0 bal-0 md-light-bwhite-tvert dark:bg-grey-800 md:!bg-transparent dark:md:bg-vert-dark-gradient\">\n<div class=\"relative flex h-full flex-1 items-stretch md:flex-col\">\n<div>\n<div class=\"h-full flex ml-1 md:w-full md:m-auto md:mb-4 gap-0 md:gap-2 justify-center\"><\/div>\n<\/div>\n<\/div>\n<\/div>\n","protected":false},"excerpt":{"rendered":"<p>N\u00f6velje laptopja teljes\u00edtm\u00e9ny\u00e9t a Samsung 4 GB PC3L-12800 DDR3-1600 MHz 204 t\u0171s RAM modullal. Ez a kiv\u00e1l\u00f3 min\u0151s\u00e9g\u0171 mem\u00f3riab\u0151v\u00edt\u00e9s c\u00e9lja, hogy n\u00f6velje laptopja sebess\u00e9g\u00e9t \u00e9s t\u00f6bbfeladatos k\u00e9pess\u00e9g\u00e9t. 4 GB-os kapacit\u00e1s\u00e1val b\u0151s\u00e9ges mem\u00f3ri\u00e1t biztos\u00edt az alkalmaz\u00e1sokhoz \u00e9s feladatokhoz, \u00edgy kiv\u00e1l\u00f3 v\u00e1laszt\u00e1s laptop friss\u00edt\u00e9sekhez. Tapasztalja meg a gyorsabb bet\u00f6lt\u00e9si id\u0151t \u00e9s a g\u00f6rd\u00fcl\u00e9kenyebb m\u0171k\u00f6d\u00e9st ezzel a Samsung RAM modullal.<\/p>\n","protected":false},"featured_media":4412,"template":"","meta":[],"product_brand":[],"product_cat":[37,36],"product_tag":[],"class_list":{"0":"post-4371","1":"product","2":"type-product","3":"status-publish","4":"has-post-thumbnail","6":"product_cat-ddr3-ddr3l","7":"product_cat-ram-memory","9":"first","10":"instock","11":"taxable","12":"shipping-taxable","13":"purchasable","14":"product-type-simple"},"_links":{"self":[{"href":"https:\/\/boreait.com\/hu\/wp-json\/wp\/v2\/product\/4371","targetHints":{"allow":["GET"]}}],"collection":[{"href":"https:\/\/boreait.com\/hu\/wp-json\/wp\/v2\/product"}],"about":[{"href":"https:\/\/boreait.com\/hu\/wp-json\/wp\/v2\/types\/product"}],"wp:featuredmedia":[{"embeddable":true,"href":"https:\/\/boreait.com\/hu\/wp-json\/wp\/v2\/media\/4412"}],"wp:attachment":[{"href":"https:\/\/boreait.com\/hu\/wp-json\/wp\/v2\/media?parent=4371"}],"wp:term":[{"taxonomy":"product_brand","embeddable":true,"href":"https:\/\/boreait.com\/hu\/wp-json\/wp\/v2\/product_brand?post=4371"},{"taxonomy":"product_cat","embeddable":true,"href":"https:\/\/boreait.com\/hu\/wp-json\/wp\/v2\/product_cat?post=4371"},{"taxonomy":"product_tag","embeddable":true,"href":"https:\/\/boreait.com\/hu\/wp-json\/wp\/v2\/product_tag?post=4371"}],"curies":[{"name":"wp","href":"https:\/\/api.w.org\/{rel}","templated":true}]}}