{"id":4370,"date":"2025-09-17T10:57:06","date_gmt":"2025-09-17T08:57:06","guid":{"rendered":"https:\/\/boreait.com\/hu\/?post_type=product&#038;p=4370"},"modified":"2025-09-17T10:57:38","modified_gmt":"2025-09-17T08:57:38","slug":"dell-wwan-umts-kartya-km266-0km266-mobil-szelessavu-kapcsolat-bovitese","status":"publish","type":"product","link":"https:\/\/boreait.com\/hu\/termek\/dell-wwan-umts-kartya-km266-0km266-mobil-szelessavu-kapcsolat-bovitese\/","title":{"rendered":"Dell WWAN UMTS k\u00e1rtya KM266 0KM266 \u2013 Mobil sz\u00e9less\u00e1v\u00fa kapcsolat b\u0151v\u00edt\u00e9se"},"content":{"rendered":"<p>A Dell WWAN UMTS KM266 0KM266 k\u00e1rtya t\u00f6k\u00e9letes megold\u00e1s azok sz\u00e1m\u00e1ra, akiknek mobil sz\u00e9less\u00e1v\u00fa kapcsolatra van sz\u00fcks\u00e9g\u00fck laptopjukon. Ezzel a k\u00e1rty\u00e1val akkor is kapcsolatban maradhat, ha nem \u00e1ll rendelkez\u00e9sre Wi-Fi, \u00edgy elengedhetetlen kieg\u00e9sz\u00edt\u0151je a szakemberek \u00e9s az utaz\u00f3k sz\u00e1m\u00e1ra.<\/p>\n<p>F\u0151bb jellemz\u0151k:<\/p>\n<ul>\n<li>Modell: KM266 (0KM266)<\/li>\n<li>WWAN (Wireless Wide Area Network) k\u00e1rtya<\/li>\n<li>UMTS (Universal Mobile Telecommunications System) kapcsolatot biztos\u00edt<\/li>\n<li>Gyors \u00e9s megb\u00edzhat\u00f3 mobil sz\u00e9less\u00e1v\u00fa hozz\u00e1f\u00e9r\u00e9s<\/li>\n<li>Egyes Dell laptopmodellekkel kompatibilis<\/li>\n<\/ul>\n<p>Ezzel a WWAN-k\u00e1rty\u00e1val \u00e9lvezheti a gyors adat\u00e1tviteli sebess\u00e9get \u00e9s megb\u00edzhat\u00f3 kapcsolatot k\u00edn\u00e1l\u00f3 UMTS technol\u00f3gia el\u0151nyeit. Ak\u00e1r \u00fatk\u00f6zben dolgozik, ak\u00e1r utazik, ak\u00e1r korl\u00e1tozott Wi-Fi-hozz\u00e1f\u00e9r\u00e9ssel rendelkez\u0151 ter\u00fcleten dolgozik, ez a k\u00e1rtya biztos\u00edtja, hogy mindig kapcsolatban maradjon.<\/p>\n<p>K\u00e9rj\u00fck, vegye figyelembe, hogy ez a lista val\u00f3di f\u00e9nyk\u00e9peket tartalmaz a Dell WWAN UMTS KM266 0KM266 k\u00e1rty\u00e1j\u00e1r\u00f3l, \u00e9s nem tartalmaz telep\u00edt\u00e9si utas\u00edt\u00e1st. Ha b\u00e1rmilyen k\u00e9rd\u00e9se van, vagy tov\u00e1bbi inform\u00e1ci\u00f3ra van sz\u00fcks\u00e9ge, forduljon hozz\u00e1nk bizalommal.<\/p>\n<p>Friss\u00edtse laptopja csatlakoztathat\u00f3s\u00e1g\u00e1t a Dell WWAN UMTS KM266 0KM266 k\u00e1rty\u00e1val, \u00e9s \u00e9lvezze a z\u00f6kken\u0151mentes internet-hozz\u00e1f\u00e9r\u00e9st, b\u00e1rhol is van. Maradjon kapcsolatban \u00e9s produkt\u00edv \u00fatk\u00f6zben ezzel az \u00e9rt\u00e9kes kieg\u00e9sz\u00edt\u0151vel laptopj\u00e1hoz.<\/p>\n","protected":false},"excerpt":{"rendered":"<p>Fokozza laptopja csatlakoztathat\u00f3s\u00e1g\u00e1t a Dell WWAN UMTS KM266 0KM266 k\u00e1rty\u00e1val. Ez a k\u00e1rtya mobil sz\u00e9less\u00e1v\u00fa hozz\u00e1f\u00e9r\u00e9st biztos\u00edt, biztos\u00edtva, hogy b\u00e1rhov\u00e1 is megy, kapcsolatban maradjon. B\u0151v\u00edtse laptopja k\u00e9pess\u00e9geit, \u00e9s \u00e9lvezze a gyors, megb\u00edzhat\u00f3 internet-hozz\u00e1f\u00e9r\u00e9st \u00fatk\u00f6zben.<\/p>\n","protected":false},"featured_media":4411,"template":"","meta":[],"product_brand":[],"product_cat":[27],"product_tag":[17],"class_list":{"0":"post-4370","1":"product","2":"type-product","3":"status-publish","4":"has-post-thumbnail","6":"product_cat-motherboards-board-parts","7":"product_tag-dell","9":"first","10":"instock","11":"taxable","12":"shipping-taxable","13":"purchasable","14":"product-type-simple"},"_links":{"self":[{"href":"https:\/\/boreait.com\/hu\/wp-json\/wp\/v2\/product\/4370","targetHints":{"allow":["GET"]}}],"collection":[{"href":"https:\/\/boreait.com\/hu\/wp-json\/wp\/v2\/product"}],"about":[{"href":"https:\/\/boreait.com\/hu\/wp-json\/wp\/v2\/types\/product"}],"wp:featuredmedia":[{"embeddable":true,"href":"https:\/\/boreait.com\/hu\/wp-json\/wp\/v2\/media\/4411"}],"wp:attachment":[{"href":"https:\/\/boreait.com\/hu\/wp-json\/wp\/v2\/media?parent=4370"}],"wp:term":[{"taxonomy":"product_brand","embeddable":true,"href":"https:\/\/boreait.com\/hu\/wp-json\/wp\/v2\/product_brand?post=4370"},{"taxonomy":"product_cat","embeddable":true,"href":"https:\/\/boreait.com\/hu\/wp-json\/wp\/v2\/product_cat?post=4370"},{"taxonomy":"product_tag","embeddable":true,"href":"https:\/\/boreait.com\/hu\/wp-json\/wp\/v2\/product_tag?post=4370"}],"curies":[{"name":"wp","href":"https:\/\/api.w.org\/{rel}","templated":true}]}}