{"id":4368,"date":"2025-09-17T10:57:06","date_gmt":"2025-09-17T08:57:06","guid":{"rendered":"https:\/\/boreait.com\/hu\/?post_type=product&#038;p=4368"},"modified":"2025-09-17T10:57:34","modified_gmt":"2025-09-17T08:57:34","slug":"eredeti-also-toshiba-satellite-a300-15a-tsa35bl5ba0ic0080525-05","status":"publish","type":"product","link":"https:\/\/boreait.com\/hu\/termek\/eredeti-also-toshiba-satellite-a300-15a-tsa35bl5ba0ic0080525-05\/","title":{"rendered":"Eredeti als\u00f3 Toshiba Satellite A300-15A TSA35BL5BA0IC0080525-05"},"content":{"rendered":"<p>A Toshiba Satellite A300-15A als\u00f3 burkolata kop\u00e1s \u00e9s elhaszn\u00e1l\u00f3d\u00e1s jeleit mutatja? Ha ki kell cser\u00e9lnie egy eredeti alkatr\u00e9szre, amely t\u00f6k\u00e9letes illeszked\u00e9st biztos\u00edt, mi gondoskodunk r\u00f3la. Ezt a term\u00e9ket kifejezetten a TSA35BL5BA0IC0080525-05 modellsz\u00e1m\u00fa Toshiba Satellite A300-15A laptophoz tervezt\u00e9k, z\u00f6kken\u0151mentesen helyettes\u00edtve a megl\u00e9v\u0151 als\u00f3 h\u00e1zat.<\/p>\n<p>F\u0151bb jellemz\u0151k:<\/p>\n<ul>\n<li>Eredeti Toshiba alkatr\u00e9sz<\/li>\n<li>Modellsz\u00e1m: TSA35BL5BA0IC0080525-05<\/li>\n<li>T\u00f6k\u00e9letesen illeszkedik a Toshiba Satellite A300-15A-hoz<\/li>\n<\/ul>\n<p>Ha laptopja als\u00f3 burkolat\u00e1t erre az eredeti Toshiba alkatr\u00e9szre cser\u00e9li, helyre\u00e1ll\u00edthatja laptopja h\u00e1z\u00e1nak \u00e9ps\u00e9g\u00e9t. Ak\u00e1r megs\u00e9r\u00fclt az eredeti als\u00f3 burkolat, ak\u00e1r egyszer\u0171en csak fel szeretn\u00e9 friss\u00edteni laptopja megjelen\u00e9s\u00e9t, ez a term\u00e9k kompatibilit\u00e1st \u00e9s biztons\u00e1gos illeszked\u00e9st biztos\u00edt.<\/p>\n<p>K\u00e9rj\u00fck, vegye figyelembe, hogy a lista val\u00f3di f\u00e9nyk\u00e9peket tartalmaz a Toshiba Satellite A300-15A eredeti als\u00f3 burkolat\u00e1r\u00f3l. Nincsenek telep\u00edt\u00e9si utas\u00edt\u00e1sok. Ha k\u00e9rd\u00e9se van, vagy tov\u00e1bbi inform\u00e1ci\u00f3ra van sz\u00fcks\u00e9ge, forduljon hozz\u00e1nk bizalommal. Adjon \u00faj \u00e9letet Toshiba Satellite A300-15A-j\u00e1nak ezzel az eredeti cserealkatr\u00e9szsel.<\/p>\n","protected":false},"excerpt":{"rendered":"<p>Cser\u00e9lje ki Toshiba Satellite A300-15A laptopja alj\u00e1t erre az eredeti alkatr\u00e9szre. T\u00edpussz\u00e1m: TSA35BL5BA0IC0080525-05. Biztos\u00edtsa a t\u00f6k\u00e9letes illeszked\u00e9st, \u00e9s \u00e1ll\u00edtsa vissza laptopja h\u00e1z\u00e1nak integrit\u00e1s\u00e1t.<\/p>\n","protected":false},"featured_media":4407,"template":"","meta":[],"product_brand":[],"product_cat":[16],"product_tag":[34],"class_list":{"0":"post-4368","1":"product","2":"type-product","3":"status-publish","4":"has-post-thumbnail","6":"product_cat-laptop-housing","7":"product_tag-toshiba","9":"first","10":"instock","11":"taxable","12":"shipping-taxable","13":"purchasable","14":"product-type-simple"},"_links":{"self":[{"href":"https:\/\/boreait.com\/hu\/wp-json\/wp\/v2\/product\/4368","targetHints":{"allow":["GET"]}}],"collection":[{"href":"https:\/\/boreait.com\/hu\/wp-json\/wp\/v2\/product"}],"about":[{"href":"https:\/\/boreait.com\/hu\/wp-json\/wp\/v2\/types\/product"}],"wp:featuredmedia":[{"embeddable":true,"href":"https:\/\/boreait.com\/hu\/wp-json\/wp\/v2\/media\/4407"}],"wp:attachment":[{"href":"https:\/\/boreait.com\/hu\/wp-json\/wp\/v2\/media?parent=4368"}],"wp:term":[{"taxonomy":"product_brand","embeddable":true,"href":"https:\/\/boreait.com\/hu\/wp-json\/wp\/v2\/product_brand?post=4368"},{"taxonomy":"product_cat","embeddable":true,"href":"https:\/\/boreait.com\/hu\/wp-json\/wp\/v2\/product_cat?post=4368"},{"taxonomy":"product_tag","embeddable":true,"href":"https:\/\/boreait.com\/hu\/wp-json\/wp\/v2\/product_tag?post=4368"}],"curies":[{"name":"wp","href":"https:\/\/api.w.org\/{rel}","templated":true}]}}