{"id":4366,"date":"2025-09-17T10:57:06","date_gmt":"2025-09-17T08:57:06","guid":{"rendered":"https:\/\/boreait.com\/hu\/?post_type=product&#038;p=4366"},"modified":"2025-09-17T10:57:30","modified_gmt":"2025-09-17T08:57:30","slug":"0800-0gj2b00-latitude-rugged-extreme-7404-oem-kabel-megbizhato-cserealkatresz","status":"publish","type":"product","link":"https:\/\/boreait.com\/hu\/termek\/0800-0gj2b00-latitude-rugged-extreme-7404-oem-kabel-megbizhato-cserealkatresz\/","title":{"rendered":"0800-0GJ2B00 Latitude Rugged Extreme 7404 OEM k\u00e1bel \u2013 Megb\u00edzhat\u00f3 cserealkatr\u00e9sz"},"content":{"rendered":"<p>A 0800-0GJ2B00 Latitude Rugged Extreme 7404 OEM k\u00e1bel elengedhetetlen cserealkatr\u00e9sz Latitude Rugged Extreme 7404 laptopj\u00e1hoz. Ha a megl\u00e9v\u0151 k\u00e1bele elkopott vagy megs\u00e9r\u00fclt, ez az OEM-k\u00e1bel t\u00f6k\u00e9letes megold\u00e1s laptopja teljes funkcionalit\u00e1s\u00e1nak vissza\u00e1ll\u00edt\u00e1s\u00e1ra.<\/p>\n<p>F\u0151bb jellemz\u0151k:<\/p>\n<ul>\n<li>A Latitude Rugged Extreme 7404-hez tervezett OEM-k\u00e1bel<\/li>\n<li>Megb\u00edzhat\u00f3 \u00e9s biztons\u00e1gos kapcsolat<\/li>\n<li>Gondoskodik a megfelel\u0151 adat\u00e1tvitelr\u0151l \u00e9s energiaell\u00e1t\u00e1sr\u00f3l<\/li>\n<li>Min\u0151s\u00e9gi konstrukci\u00f3 a tart\u00f3ss\u00e1g \u00e9rdek\u00e9ben<\/li>\n<\/ul>\n<p>A laptop k\u00e1bel\u00e9nek OEM alkatr\u00e9szre cser\u00e9je garant\u00e1lja a z\u00f6kken\u0151mentes illeszked\u00e9st \u00e9s teljes\u00edtm\u00e9nyt. Ezt a k\u00e1belt \u00fagy tervezt\u00e9k, hogy megfeleljen az eredetivel megegyez\u0151 magas min\u0151s\u00e9gi szabv\u00e1nyoknak, \u00edgy biztos\u00edtva az alkatr\u00e9szek k\u00f6z\u00f6tti megb\u00edzhat\u00f3 kapcsolatot. Legyen sz\u00f3 adat\u00e1tvitelr\u0151l, t\u00f6lt\u00e9sr\u0151l vagy b\u00e1rmilyen m\u00e1s funkci\u00f3r\u00f3l, ez a k\u00e1bel hat\u00e9konyan elv\u00e9gzi a feladatot.<\/p>\n<p>K\u00e9rj\u00fck, vegye figyelembe, hogy ez a lista val\u00f3s f\u00e9nyk\u00e9peket tartalmaz a 0800-0GJ2B00 Latitude Rugged Extreme 7404 OEM-k\u00e1belr\u0151l, \u00e9s nem tartalmaz telep\u00edt\u00e9si utas\u00edt\u00e1st. Ha b\u00e1rmilyen k\u00e9rd\u00e9se van, vagy tov\u00e1bbi inform\u00e1ci\u00f3ra van sz\u00fcks\u00e9ge, k\u00e9rj\u00fck, forduljon bizalommal. Friss\u00edtse \u00e9s \u00e1ll\u00edtsa vissza Latitude Rugged Extreme 7404 laptopj\u00e1t ezzel az eredeti OEM k\u00e1bellel.<\/p>\n","protected":false},"excerpt":{"rendered":"<p>Cser\u00e9lje ki a s\u00e9r\u00fclt vagy elhaszn\u00e1l\u00f3dott k\u00e1belt a 0800-0GJ2B00 Latitude Rugged Extreme 7404 OEM k\u00e1belre. Ezt a kiv\u00e1l\u00f3 min\u0151s\u00e9g\u0171 OEM-k\u00e1belt \u00fagy tervezt\u00e9k, hogy t\u00f6k\u00e9letesen illeszkedjen Latitude Rugged Extreme 7404 laptopj\u00e1hoz, biztos\u00edtva a z\u00f6kken\u0151mentes \u00e9s megb\u00edzhat\u00f3 kapcsolatot. \u00c1ll\u00edtsa vissza laptopj\u00e1t m\u0171k\u00f6d\u0151k\u00e9pes \u00e1llapotba ezzel az eredeti cserek\u00e1bellel.<\/p>\n","protected":false},"featured_media":4405,"template":"","meta":[],"product_brand":[],"product_cat":[20],"product_tag":[17],"class_list":{"0":"post-4366","1":"product","2":"type-product","3":"status-publish","4":"has-post-thumbnail","6":"product_cat-cables","7":"product_tag-dell","9":"first","10":"instock","11":"taxable","12":"shipping-taxable","13":"purchasable","14":"product-type-simple"},"_links":{"self":[{"href":"https:\/\/boreait.com\/hu\/wp-json\/wp\/v2\/product\/4366","targetHints":{"allow":["GET"]}}],"collection":[{"href":"https:\/\/boreait.com\/hu\/wp-json\/wp\/v2\/product"}],"about":[{"href":"https:\/\/boreait.com\/hu\/wp-json\/wp\/v2\/types\/product"}],"wp:featuredmedia":[{"embeddable":true,"href":"https:\/\/boreait.com\/hu\/wp-json\/wp\/v2\/media\/4405"}],"wp:attachment":[{"href":"https:\/\/boreait.com\/hu\/wp-json\/wp\/v2\/media?parent=4366"}],"wp:term":[{"taxonomy":"product_brand","embeddable":true,"href":"https:\/\/boreait.com\/hu\/wp-json\/wp\/v2\/product_brand?post=4366"},{"taxonomy":"product_cat","embeddable":true,"href":"https:\/\/boreait.com\/hu\/wp-json\/wp\/v2\/product_cat?post=4366"},{"taxonomy":"product_tag","embeddable":true,"href":"https:\/\/boreait.com\/hu\/wp-json\/wp\/v2\/product_tag?post=4366"}],"curies":[{"name":"wp","href":"https:\/\/api.w.org\/{rel}","templated":true}]}}