{"id":435,"date":"2025-09-17T09:26:57","date_gmt":"2025-09-17T07:26:57","guid":{"rendered":"https:\/\/boreait.com\/hu\/?post_type=product&#038;p=435"},"modified":"2025-09-17T09:27:27","modified_gmt":"2025-09-17T07:27:27","slug":"dell-inspiron-173-17-7746-eredeti-vezetek-nelkuli-wifi-kartya-7265ngw-k57gx","status":"publish","type":"product","link":"https:\/\/boreait.com\/hu\/termek\/dell-inspiron-173-17-7746-eredeti-vezetek-nelkuli-wifi-kartya-7265ngw-k57gx\/","title":{"rendered":"Dell Inspiron 17,3&#8243; 17 7746 eredeti vezet\u00e9k n\u00e9lk\u00fcli WiFi k\u00e1rtya 7265NGW K57GX"},"content":{"rendered":"<p>Ez a 7265NGW modellsz\u00e1mmal rendelkez\u0151 WiFi k\u00e1rtya megb\u00edzhat\u00f3 \u00e9s gyors vezet\u00e9k n\u00e9lk\u00fcli csatlakoz\u00e1si lehet\u0151s\u00e9geket k\u00edn\u00e1l a laptop sz\u00e1m\u00e1ra. A leg\u00fajabb vezet\u00e9k n\u00e9lk\u00fcli technol\u00f3gi\u00e1kat \u00e9s szabv\u00e1nyokat haszn\u00e1lja, z\u00f6kken\u0151mentes \u00e9s stabil kapcsolatot biztos\u00edtva a WiFi h\u00e1l\u00f3zatokhoz. Ez a k\u00e1rtya a 2,4 GHz-es \u00e9s az 5 GHz-es frekvencias\u00e1vot is t\u00e1mogatja, lehet\u0151v\u00e9 t\u00e9ve a sokoldal\u00fa \u00e9s rugalmas h\u00e1l\u00f3zati kompatibilit\u00e1st.<\/p>\n<p>A k\u00e1rtya kompakt kialak\u00edt\u00e1sa megk\u00f6nny\u00edti a telep\u00edt\u00e9st \u00e9s a laptop bels\u0151 rendszer\u00e9be val\u00f3 integr\u00e1l\u00e1s\u00e1t. K\u00f6zvetlen\u00fcl a laptop alaplapj\u00e1hoz csatlakozik, \u00edgy hat\u00e9kony \u00e9s k\u00f6zvetlen kommunik\u00e1ci\u00f3t tesz lehet\u0151v\u00e9 a WiFi k\u00e1rtya \u00e9s m\u00e1s alkatr\u00e9szek k\u00f6z\u00f6tt.<\/p>\n<p>A Dell Inspiron 17,3&#8243; 17 7746 eredeti vezet\u00e9k n\u00e9lk\u00fcli WiFi k\u00e1rtya 7265NGW K57GX n\u00e9lk\u00fcl\u00f6zhetetlen alkatr\u00e9sz azoknak a felhaszn\u00e1l\u00f3knak, akiknek vezet\u00e9k n\u00e9lk\u00fcli kapcsolatra van sz\u00fcks\u00e9g\u00fck Dell Inspiron laptopjukon. Sima \u00e9s megb\u00edzhat\u00f3 internet-hozz\u00e1f\u00e9r\u00e9st biztos\u00edt, lehet\u0151v\u00e9 t\u00e9ve a felhaszn\u00e1l\u00f3k sz\u00e1m\u00e1ra, hogy k\u00f6nnyed\u00e9n b\u00f6ng\u00e9szhessenek az interneten, streameljenek m\u00e9diaf\u00e1jlokat, t\u00f6ltsenek le f\u00e1jlokat \u00e9s csatlakozzanak k\u00fcl\u00f6nf\u00e9le online szolg\u00e1ltat\u00e1sokhoz.<\/p>\n<p>Megjegyz\u00e9s: Ne feledje, hogy a term\u00e9kek el\u00e9rhet\u0151s\u00e9ge \u00e9s specifik\u00e1ci\u00f3i id\u0151vel v\u00e1ltozhatnak. Mindig a legjobb, ha felkeresi a hivatalos Dell webhelyet, vagy felveszi a kapcsolatot a Dell \u00fcgyf\u00e9lszolg\u00e1lat\u00e1val az egyes term\u00e9kmodellekkel kapcsolatos legpontosabb \u00e9s legfrissebb inform\u00e1ci\u00f3k\u00e9rt.<\/p>\n","protected":false},"excerpt":{"rendered":"<p>A Dell Inspiron 17,3&#8243; 17 7746 eredeti vezet\u00e9k n\u00e9lk\u00fcli WiFi k\u00e1rtya 7265NGW K57GX egy kiv\u00e1l\u00f3 min\u0151s\u00e9g\u0171 vezet\u00e9k n\u00e9lk\u00fcli h\u00e1l\u00f3zati \u00f6sszetev\u0151, amelyet kifejezetten a Dell Inspiron 17,3&#8243; 17 7746 laptopmodellhez terveztek. Ez egy hiteles \u00e9s eredeti vezet\u00e9k n\u00e9lk\u00fcli WiFi k\u00e1rtya, amelyet a Dell gy\u00e1rt.<\/p>\n","protected":false},"featured_media":500,"template":"","meta":[],"product_brand":[],"product_cat":[27],"product_tag":[17],"class_list":{"0":"post-435","1":"product","2":"type-product","3":"status-publish","4":"has-post-thumbnail","6":"product_cat-motherboards-board-parts","7":"product_tag-dell","9":"first","10":"instock","11":"taxable","12":"shipping-taxable","13":"purchasable","14":"product-type-simple"},"_links":{"self":[{"href":"https:\/\/boreait.com\/hu\/wp-json\/wp\/v2\/product\/435","targetHints":{"allow":["GET"]}}],"collection":[{"href":"https:\/\/boreait.com\/hu\/wp-json\/wp\/v2\/product"}],"about":[{"href":"https:\/\/boreait.com\/hu\/wp-json\/wp\/v2\/types\/product"}],"wp:featuredmedia":[{"embeddable":true,"href":"https:\/\/boreait.com\/hu\/wp-json\/wp\/v2\/media\/500"}],"wp:attachment":[{"href":"https:\/\/boreait.com\/hu\/wp-json\/wp\/v2\/media?parent=435"}],"wp:term":[{"taxonomy":"product_brand","embeddable":true,"href":"https:\/\/boreait.com\/hu\/wp-json\/wp\/v2\/product_brand?post=435"},{"taxonomy":"product_cat","embeddable":true,"href":"https:\/\/boreait.com\/hu\/wp-json\/wp\/v2\/product_cat?post=435"},{"taxonomy":"product_tag","embeddable":true,"href":"https:\/\/boreait.com\/hu\/wp-json\/wp\/v2\/product_tag?post=435"}],"curies":[{"name":"wp","href":"https:\/\/api.w.org\/{rel}","templated":true}]}}