{"id":4348,"date":"2025-09-17T10:56:44","date_gmt":"2025-09-17T08:56:44","guid":{"rendered":"https:\/\/boreait.com\/hu\/?post_type=product&#038;p=4348"},"modified":"2025-09-17T10:57:25","modified_gmt":"2025-09-17T08:57:25","slug":"04w3769-62205ansff-centrino-advanced-n-x1-carbon-vezetek-nelkuli-kartya-megbizhato-csatlakozas","status":"publish","type":"product","link":"https:\/\/boreait.com\/hu\/termek\/04w3769-62205ansff-centrino-advanced-n-x1-carbon-vezetek-nelkuli-kartya-megbizhato-csatlakozas\/","title":{"rendered":"04W3769 62205ANSFF Centrino Advanced N X1 Carbon vezet\u00e9k n\u00e9lk\u00fcli k\u00e1rtya \u2013 Megb\u00edzhat\u00f3 csatlakoz\u00e1s"},"content":{"rendered":"<p>Fokozza laptopja vezet\u00e9k n\u00e9lk\u00fcli kapcsolat\u00e1t a 04W3769 62205ANSFF Centrino Advanced N X1 Carbon vezet\u00e9k n\u00e9lk\u00fcli k\u00e1rty\u00e1val. Ez a vezet\u00e9k n\u00e9lk\u00fcli k\u00e1rtya megb\u00edzhat\u00f3 \u00e9s nagy sebess\u00e9g\u0171 kapcsolatot k\u00edn\u00e1l, \u00edgy kiv\u00e1l\u00f3 v\u00e1laszt\u00e1s a laptop megl\u00e9v\u0151 k\u00e1rtya friss\u00edt\u00e9s\u00e9hez vagy cser\u00e9j\u00e9hez.<\/p>\n<p>F\u0151bb jellemz\u0151k:<\/p>\n<ul>\n<li>T\u00edpus: 04W3769 62205ANSFF<\/li>\n<li>Kompatibilit\u00e1s: X1 Carbonhoz tervezt\u00e9k, \u00e9s kompatibilis k\u00fcl\u00f6nf\u00e9le laptopmodellekkel<\/li>\n<li>Gyors \u00e9s stabil kapcsolat: \u00c9lvezze a z\u00f6kken\u0151mentes online \u00e9lm\u00e9nyt a webb\u00f6ng\u00e9sz\u00e9st\u0151l a videostreamingig<\/li>\n<li>Egyszer\u0171 telep\u00edt\u00e9s: K\u00f6nnyen cser\u00e9lje ki r\u00e9gi k\u00e1rty\u00e1j\u00e1t, telep\u00edt\u00e9si utas\u00edt\u00e1sok n\u00e9lk\u00fcl<\/li>\n<li>N\u00f6velje vezet\u00e9k n\u00e9lk\u00fcli teljes\u00edtm\u00e9ny\u00e9t: Mondjon b\u00facs\u00fat a lass\u00fa vagy megb\u00edzhatatlan kapcsolatoknak<\/li>\n<\/ul>\n<p>Ak\u00e1r vezet\u00e9k n\u00e9lk\u00fcli csatlakoz\u00e1si probl\u00e9m\u00e1kkal k\u00fczd, ak\u00e1r egyszer\u0171en csak szeretn\u00e9 friss\u00edteni laptopja vezet\u00e9k n\u00e9lk\u00fcli k\u00e9pess\u00e9geit, ez a vezet\u00e9k n\u00e9lk\u00fcli k\u00e1rtya megb\u00edzhat\u00f3 v\u00e1laszt\u00e1s. K\u00e9rj\u00fck, vegye figyelembe, hogy ez a lista val\u00f3di f\u00e9nyk\u00e9peket tartalmaz a 04W3769 62205ANSFF Centrino Advanced N X1 Carbon Wireless Card-r\u00f3l, \u00e9s nem tartalmaz telep\u00edt\u00e9si utas\u00edt\u00e1st. Ha b\u00e1rmilyen k\u00e9rd\u00e9se van, vagy tov\u00e1bbi seg\u00edts\u00e9gre van sz\u00fcks\u00e9ge, forduljon hozz\u00e1nk bizalommal.<\/p>\n<p>N\u00f6velje laptopja vezet\u00e9k n\u00e9lk\u00fcli teljes\u00edtm\u00e9ny\u00e9t a 04W3769 62205ANSFF Centrino Advanced N X1 Carbon Wireless Card k\u00e1rty\u00e1val, \u00e9s \u00e9lvezze a sim\u00e1bb online \u00e9lm\u00e9nyt m\u00e9g ma.<\/p>\n","protected":false},"excerpt":{"rendered":"<p>B\u0151v\u00edtse laptopja vezet\u00e9k n\u00e9lk\u00fcli k\u00e9pess\u00e9geit a 04W3769 62205ANSFF Centrino Advanced N X1 Carbon vezet\u00e9k n\u00e9lk\u00fcli k\u00e1rty\u00e1val. Ezt a megb\u00edzhat\u00f3 vezet\u00e9k n\u00e9lk\u00fcli k\u00e1rty\u00e1t \u00fagy tervezt\u00e9k, hogy gyors \u00e9s stabil kapcsolatot biztos\u00edtson laptopja sz\u00e1m\u00e1ra, biztos\u00edtva a z\u00f6kken\u0151mentes online \u00e9lm\u00e9nyt. A k\u00fcl\u00f6nf\u00e9le laptopmodellekkel kompatibilis vezet\u00e9k n\u00e9lk\u00fcli k\u00e1rtya nagyszer\u0171 v\u00e1laszt\u00e1s azok sz\u00e1m\u00e1ra, akik megb\u00edzhat\u00f3 vezet\u00e9k n\u00e9lk\u00fcli kapcsolatot keresnek.<\/p>\n","protected":false},"featured_media":4393,"template":"","meta":[],"product_brand":[],"product_cat":[27],"product_tag":[],"class_list":{"0":"post-4348","1":"product","2":"type-product","3":"status-publish","4":"has-post-thumbnail","6":"product_cat-motherboards-board-parts","8":"first","9":"instock","10":"taxable","11":"shipping-taxable","12":"purchasable","13":"product-type-simple"},"_links":{"self":[{"href":"https:\/\/boreait.com\/hu\/wp-json\/wp\/v2\/product\/4348","targetHints":{"allow":["GET"]}}],"collection":[{"href":"https:\/\/boreait.com\/hu\/wp-json\/wp\/v2\/product"}],"about":[{"href":"https:\/\/boreait.com\/hu\/wp-json\/wp\/v2\/types\/product"}],"wp:featuredmedia":[{"embeddable":true,"href":"https:\/\/boreait.com\/hu\/wp-json\/wp\/v2\/media\/4393"}],"wp:attachment":[{"href":"https:\/\/boreait.com\/hu\/wp-json\/wp\/v2\/media?parent=4348"}],"wp:term":[{"taxonomy":"product_brand","embeddable":true,"href":"https:\/\/boreait.com\/hu\/wp-json\/wp\/v2\/product_brand?post=4348"},{"taxonomy":"product_cat","embeddable":true,"href":"https:\/\/boreait.com\/hu\/wp-json\/wp\/v2\/product_cat?post=4348"},{"taxonomy":"product_tag","embeddable":true,"href":"https:\/\/boreait.com\/hu\/wp-json\/wp\/v2\/product_tag?post=4348"}],"curies":[{"name":"wp","href":"https:\/\/api.w.org\/{rel}","templated":true}]}}