{"id":4347,"date":"2025-09-17T10:56:44","date_gmt":"2025-09-17T08:56:44","guid":{"rendered":"https:\/\/boreait.com\/hu\/?post_type=product&#038;p=4347"},"modified":"2026-01-12T10:25:24","modified_gmt":"2026-01-12T09:25:24","slug":"hdd-merevlemez-kabel-csatlakozo-dd0zauhd011-acer-apsire-a315-55-2355g-a515-44-laptophoz","status":"publish","type":"product","link":"https:\/\/boreait.com\/hu\/termek\/hdd-merevlemez-kabel-csatlakozo-dd0zauhd011-acer-apsire-a315-55-2355g-a515-44-laptophoz\/","title":{"rendered":"HDD merevlemez-k\u00e1bel csatlakoz\u00f3 DD0ZAUHD011 Acer Apsire A315-55-2355G A515-44 laptophoz"},"content":{"rendered":"<p>B\u0151v\u00edtse laptopja t\u00e1rhely\u00e9t a DD0ZAUHD011 A315-55-2355G A515-44 laptopokhoz tervezett HDD merevlemez-k\u00e1bel csatlakoz\u00f3val. Ez a k\u00e1belcsatlakoz\u00f3 t\u00f6k\u00e9letes megold\u00e1s mindenkinek, aki professzion\u00e1lis telep\u00edt\u00e9s n\u00e9lk\u00fcl szeretn\u00e9 n\u00f6velni laptopja t\u00e1rol\u00f3kapacit\u00e1s\u00e1t.<\/p>\n<p>F\u0151bb jellemz\u0151k:<\/p>\n<ul>\n<li>Kompatibilit\u00e1s: DD0ZAUHD011 A315-55-2355G A515-44 laptopokhoz tervezve<\/li>\n<li>Egyszer\u0171 telep\u00edt\u00e9s: Ez a k\u00e1belcsatlakoz\u00f3 leegyszer\u0171s\u00edti az \u00faj merevlemez laptopj\u00e1hoz val\u00f3 hozz\u00e1ad\u00e1s\u00e1nak folyamat\u00e1t. Szakszer\u0171 telep\u00edt\u00e9s nem sz\u00fcks\u00e9ges.<\/li>\n<li>T\u00e1rhely b\u0151v\u00edt\u00e9se: N\u00f6velje laptopja t\u00e1rhely\u00e9t, hogy t\u00f6bb f\u00e1jl, alkalmaz\u00e1s \u00e9s adat elf\u00e9rjen benne.<\/li>\n<\/ul>\n<p>Ezzel a merevlemez-meghajt\u00f3k\u00e1bel-csatlakoz\u00f3val z\u00f6kken\u0151mentesen csatlakoztathat \u00faj merevlemezt laptopj\u00e1hoz, \u00edgy rugalmasan t\u00e1rolhat t\u00f6bbet an\u00e9lk\u00fcl, hogy a teljes laptopot ki kellene cser\u00e9lnie.<\/p>\n<p>K\u00e9rj\u00fck, vegye figyelembe, hogy a lista val\u00f3di term\u00e9kfot\u00f3kat tartalmaz, \u00e9s a merevlemez-meghajt\u00f3 cser\u00e9j\u00e9re vonatkoz\u00f3 utas\u00edt\u00e1sok nem tal\u00e1lhat\u00f3k. Ha b\u00e1rmilyen k\u00e9rd\u00e9se van, vagy tov\u00e1bbi inform\u00e1ci\u00f3ra van sz\u00fcks\u00e9ge, k\u00e9rj\u00fck, forduljon hozz\u00e1nk bizalommal. Ezzel a kiv\u00e1l\u00f3 min\u0151s\u00e9g\u0171 k\u00e1belcsatlakoz\u00f3val k\u00f6nnyed\u00e9n b\u0151v\u00edtheti laptopja t\u00e1rol\u00e1si k\u00e9pess\u00e9geit.<\/p>\n","protected":false},"excerpt":{"rendered":"<p>N\u00f6velje laptopja t\u00e1rol\u00e1si k\u00e9pess\u00e9geit ezzel a DD0ZAUHD011 A315-55-2355G A515-44 laptopokhoz tervezett HDD merevlemez-k\u00e1bel csatlakoz\u00f3val. Ezzel a kiv\u00e1l\u00f3 min\u0151s\u00e9g\u0171 k\u00e1belcsatlakoz\u00f3val egyszer\u0171en csatlakoztathat \u00e9s telep\u00edthet \u00faj merevlemezt. B\u0151v\u00edtse laptopja t\u00e1rol\u00f3kapacit\u00e1s\u00e1t, \u00e9s \u00e9lvezze a t\u00f6bb helyet f\u00e1jljai, alkalmaz\u00e1sai \u00e9s adatai sz\u00e1m\u00e1ra.<\/p>\n","protected":false},"featured_media":4392,"template":"","meta":[],"product_brand":[],"product_cat":[20],"product_tag":[],"class_list":{"0":"post-4347","1":"product","2":"type-product","3":"status-publish","4":"has-post-thumbnail","6":"product_cat-cables","8":"first","9":"instock","10":"taxable","11":"shipping-taxable","12":"purchasable","13":"product-type-simple"},"_links":{"self":[{"href":"https:\/\/boreait.com\/hu\/wp-json\/wp\/v2\/product\/4347","targetHints":{"allow":["GET"]}}],"collection":[{"href":"https:\/\/boreait.com\/hu\/wp-json\/wp\/v2\/product"}],"about":[{"href":"https:\/\/boreait.com\/hu\/wp-json\/wp\/v2\/types\/product"}],"wp:featuredmedia":[{"embeddable":true,"href":"https:\/\/boreait.com\/hu\/wp-json\/wp\/v2\/media\/4392"}],"wp:attachment":[{"href":"https:\/\/boreait.com\/hu\/wp-json\/wp\/v2\/media?parent=4347"}],"wp:term":[{"taxonomy":"product_brand","embeddable":true,"href":"https:\/\/boreait.com\/hu\/wp-json\/wp\/v2\/product_brand?post=4347"},{"taxonomy":"product_cat","embeddable":true,"href":"https:\/\/boreait.com\/hu\/wp-json\/wp\/v2\/product_cat?post=4347"},{"taxonomy":"product_tag","embeddable":true,"href":"https:\/\/boreait.com\/hu\/wp-json\/wp\/v2\/product_tag?post=4347"}],"curies":[{"name":"wp","href":"https:\/\/api.w.org\/{rel}","templated":true}]}}