{"id":4346,"date":"2025-09-17T10:56:44","date_gmt":"2025-09-17T08:56:44","guid":{"rendered":"https:\/\/boreait.com\/hu\/?post_type=product&#038;p=4346"},"modified":"2025-09-17T10:57:24","modified_gmt":"2025-09-17T08:57:24","slug":"eredeti-toshiba-bluetooth-kartya-eytfxcs-pa3608u-1btm-eredeti-csere","status":"publish","type":"product","link":"https:\/\/boreait.com\/hu\/termek\/eredeti-toshiba-bluetooth-kartya-eytfxcs-pa3608u-1btm-eredeti-csere\/","title":{"rendered":"Eredeti Toshiba BLUETOOTH K\u00c1RTYA EYTFXCS PA3608U-1BTM \u2013 Eredeti csere"},"content":{"rendered":"<p>Az eredeti Toshiba BLUETOOTH K\u00c1RTYA EYTFXCS PA3608U-1BTM egy eredeti cserek\u00e1rtya, amelyet arra terveztek, hogy n\u00f6velje laptopja csatlakoz\u00e1si k\u00e9pess\u00e9geit. Ak\u00e1r hib\u00e1san m\u0171k\u00f6d\u0151 Bluetooth-k\u00e1rty\u00e1t cser\u00e9l, ak\u00e1r laptopj\u00e1t szeretn\u00e9 friss\u00edteni, ez a Toshiba-k\u00e1rtya a t\u00f6k\u00e9letes v\u00e1laszt\u00e1s.<\/p>\n<p>F\u0151bb jellemz\u0151k:<\/p>\n<ul>\n<li>Eredeti Toshiba csere<\/li>\n<li>Megb\u00edzhat\u00f3 Bluetooth-kapcsolat<\/li>\n<li>Modell: EYTFXCS PA3608U-1BTM<\/li>\n<\/ul>\n<p>Ez a Bluetooth-k\u00e1rtya z\u00f6kken\u0151mentes vezet\u00e9k n\u00e9lk\u00fcli kapcsolatokat biztos\u00edt, megk\u00f6nny\u00edtve a laptop \u00e9s a k\u00fcl\u00f6nb\u00f6z\u0151 Bluetooth-kompatibilis eszk\u00f6z\u00f6k p\u00e1ros\u00edt\u00e1s\u00e1t. A fejhallgat\u00f3t\u00f3l \u00e9s a hangsz\u00f3r\u00f3t\u00f3l az okostelefonokig \u00e9s perif\u00e9ri\u00e1kig probl\u00e9mamentes, vezet\u00e9k n\u00e9lk\u00fcli \u00e9lm\u00e9nyben lesz r\u00e9sze.<\/p>\n<p>K\u00e9rj\u00fck, vegye figyelembe, hogy ez a lista t\u00e9nyleges term\u00e9kfot\u00f3kat tartalmaz, \u00e9s nem tartalmaz telep\u00edt\u00e9si utas\u00edt\u00e1st. Ha b\u00e1rmilyen k\u00e9rd\u00e9se van, vagy tov\u00e1bbi inform\u00e1ci\u00f3ra van sz\u00fcks\u00e9ge, k\u00e9rj\u00fck, forduljon bizalommal. B\u0151v\u00edtse laptopja csatlakoztathat\u00f3s\u00e1g\u00e1t az eredeti Toshiba BLUETOOTH CARD EYTFXCS PA3608U-1BTM seg\u00edts\u00e9g\u00e9vel, \u00e9s \u00e9lvezze a megb\u00edzhat\u00f3 Bluetooth technol\u00f3gia el\u0151nyeit.<\/p>\n","protected":false},"excerpt":{"rendered":"<p>Friss\u00edtse laptopj\u00e1t az eredeti Toshiba BLUETOOTH K\u00c1RTY\u00c1VAL, EYTFXCS PA3608U-1BTM. Ez az eredeti cserek\u00e1rtya c\u00e9lja, hogy jav\u00edtsa laptopja csatlakoztathat\u00f3s\u00e1g\u00e1t. Legyen sz\u00f3 hib\u00e1s Bluetooth-k\u00e1rtya cser\u00e9j\u00e9r\u0151l vagy rendszer\u00e9nek friss\u00edt\u00e9s\u00e9r\u0151l, ez a Toshiba-k\u00e1rtya a t\u00f6k\u00e9letes megold\u00e1s. \u00c9lvezze a z\u00f6kken\u0151mentes vezet\u00e9k n\u00e9lk\u00fcli kapcsolatokat ezzel a kiv\u00e1l\u00f3 min\u0151s\u00e9g\u0171 komponenssel.<\/p>\n","protected":false},"featured_media":4391,"template":"","meta":[],"product_brand":[],"product_cat":[27],"product_tag":[],"class_list":{"0":"post-4346","1":"product","2":"type-product","3":"status-publish","4":"has-post-thumbnail","6":"product_cat-motherboards-board-parts","8":"first","9":"instock","10":"taxable","11":"shipping-taxable","12":"purchasable","13":"product-type-simple"},"_links":{"self":[{"href":"https:\/\/boreait.com\/hu\/wp-json\/wp\/v2\/product\/4346","targetHints":{"allow":["GET"]}}],"collection":[{"href":"https:\/\/boreait.com\/hu\/wp-json\/wp\/v2\/product"}],"about":[{"href":"https:\/\/boreait.com\/hu\/wp-json\/wp\/v2\/types\/product"}],"wp:featuredmedia":[{"embeddable":true,"href":"https:\/\/boreait.com\/hu\/wp-json\/wp\/v2\/media\/4391"}],"wp:attachment":[{"href":"https:\/\/boreait.com\/hu\/wp-json\/wp\/v2\/media?parent=4346"}],"wp:term":[{"taxonomy":"product_brand","embeddable":true,"href":"https:\/\/boreait.com\/hu\/wp-json\/wp\/v2\/product_brand?post=4346"},{"taxonomy":"product_cat","embeddable":true,"href":"https:\/\/boreait.com\/hu\/wp-json\/wp\/v2\/product_cat?post=4346"},{"taxonomy":"product_tag","embeddable":true,"href":"https:\/\/boreait.com\/hu\/wp-json\/wp\/v2\/product_tag?post=4346"}],"curies":[{"name":"wp","href":"https:\/\/api.w.org\/{rel}","templated":true}]}}