{"id":4345,"date":"2025-09-17T10:56:44","date_gmt":"2025-09-17T08:56:44","guid":{"rendered":"https:\/\/boreait.com\/hu\/?post_type=product&#038;p=4345"},"modified":"2025-09-17T10:57:22","modified_gmt":"2025-09-17T08:57:22","slug":"eredeti-dell-latitude-e6540-precision-m2800-lcd-elolap-pn-ap0v1000b10-dell-pn-0t0g05","status":"publish","type":"product","link":"https:\/\/boreait.com\/hu\/termek\/eredeti-dell-latitude-e6540-precision-m2800-lcd-elolap-pn-ap0v1000b10-dell-pn-0t0g05\/","title":{"rendered":"Eredeti Dell Latitude E6540 Precision M2800 LCD el\u0151lap PN-AP0V1000B10 Dell PN-0T0G05"},"content":{"rendered":"<p>Adjon friss \u00e9s f\u00e9nyes megjelen\u00e9st Dell Latitude E6540 vagy Precision M2800 laptopj\u00e1nak a Dell Latitude E6540 Precision M2800 LCD el\u0151lappal, cikksz\u00e1m: P\/N-AP0V1000B10 Dell P\/N-0T0G05. A prec\u00edzen megalkotott \u00e9s a Dell szigor\u00fa szabv\u00e1nyai szerint gy\u00e1rtott LCD-el\u0151lap val\u00f3di csere, t\u00f6k\u00e9letes illeszked\u00e9st \u00e9s kidolgoz\u00e1st garant\u00e1lva.<\/p>\n<p>F\u0151bb jellemz\u0151k:<\/p>\n<ul>\n<li>Kompatibilit\u00e1s: Dell Latitude E6540 \u00e9s Precision M2800 laptopokhoz tervezve.<\/li>\n<li>Hiteless\u00e9g: Eredeti Dell alkatr\u00e9sz.<\/li>\n<li>Tov\u00e1bbfejlesztett eszt\u00e9tika: \u00dajra\u00e9lesztheti laptopja megjelen\u00e9s\u00e9t egy \u00faj el\u0151lappal.<\/li>\n<\/ul>\n<p>Ak\u00e1r megs\u00e9r\u00fclt a laptop el\u0151lapja, ak\u00e1r a kop\u00e1s jelei l\u00e1that\u00f3k rajta, ez a csereel\u0151lap visszaadja eredeti, eleg\u00e1ns megjelen\u00e9s\u00e9t. Jav\u00edtsa laptopja eszt\u00e9tikai megjelen\u00e9s\u00e9t, \u00e9s v\u00e9dje meg a k\u00e9perny\u0151j\u00e9t ezzel a kiv\u00e1l\u00f3 min\u0151s\u00e9g\u0171 Dell alkatr\u00e9szsel.<\/p>\n<p>K\u00e9rj\u00fck, vegye figyelembe, hogy a lista val\u00f3s f\u00e9nyk\u00e9peket tartalmaz a Dell Latitude E6540 Precision M2800 LCD el\u0151lapr\u00f3l, \u00e9s nem j\u00e1r hozz\u00e1 telep\u00edt\u00e9si utas\u00edt\u00e1s. Ha b\u00e1rmilyen k\u00e9rd\u00e9se van, vagy seg\u00edts\u00e9gre van sz\u00fcks\u00e9ge, ne habozzon kapcsolatba l\u00e9pni vel\u00fcnk. Tegye \u00e1talak\u00edt\u00e1sba laptopj\u00e1t ezzel az eredeti Dell LCD el\u0151lappal.<\/p>\n","protected":false},"excerpt":{"rendered":"<p>Fokozza Dell Latitude E6540 vagy Precision M2800 laptopja megjelen\u00e9s\u00e9t ezzel az eredeti Dell LCD el\u0151lappal. A pontoss\u00e1g \u00e9s a min\u0151s\u00e9g szem el\u0151tt tart\u00e1s\u00e1val tervezett el\u0151lap hiteles helyettes\u00edt\u0151je a laptopnak, t\u00f6k\u00e9letes illeszked\u00e9st \u00e9s megjelen\u00e9st biztos\u00edtva. A Dell Latitude E6540 Precision M2800 LCD el\u0151lappal \u00fajra \u00fagy n\u00e9zhet ki laptopja, mint az \u00faj.<\/p>\n","protected":false},"featured_media":4388,"template":"","meta":[],"product_brand":[],"product_cat":[16],"product_tag":[17],"class_list":{"0":"post-4345","1":"product","2":"type-product","3":"status-publish","4":"has-post-thumbnail","6":"product_cat-laptop-housing","7":"product_tag-dell","9":"first","10":"instock","11":"taxable","12":"shipping-taxable","13":"purchasable","14":"product-type-simple"},"_links":{"self":[{"href":"https:\/\/boreait.com\/hu\/wp-json\/wp\/v2\/product\/4345","targetHints":{"allow":["GET"]}}],"collection":[{"href":"https:\/\/boreait.com\/hu\/wp-json\/wp\/v2\/product"}],"about":[{"href":"https:\/\/boreait.com\/hu\/wp-json\/wp\/v2\/types\/product"}],"wp:featuredmedia":[{"embeddable":true,"href":"https:\/\/boreait.com\/hu\/wp-json\/wp\/v2\/media\/4388"}],"wp:attachment":[{"href":"https:\/\/boreait.com\/hu\/wp-json\/wp\/v2\/media?parent=4345"}],"wp:term":[{"taxonomy":"product_brand","embeddable":true,"href":"https:\/\/boreait.com\/hu\/wp-json\/wp\/v2\/product_brand?post=4345"},{"taxonomy":"product_cat","embeddable":true,"href":"https:\/\/boreait.com\/hu\/wp-json\/wp\/v2\/product_cat?post=4345"},{"taxonomy":"product_tag","embeddable":true,"href":"https:\/\/boreait.com\/hu\/wp-json\/wp\/v2\/product_tag?post=4345"}],"curies":[{"name":"wp","href":"https:\/\/api.w.org\/{rel}","templated":true}]}}