{"id":4340,"date":"2025-09-17T10:56:43","date_gmt":"2025-09-17T08:56:43","guid":{"rendered":"https:\/\/boreait.com\/hu\/?post_type=product&#038;p=4340"},"modified":"2025-09-17T10:57:09","modified_gmt":"2025-09-17T08:57:09","slug":"manhattan-pi2009865x2a-soros-2-portos-pci-kartya-ip-n45-5120-00-00012-2","status":"publish","type":"product","link":"https:\/\/boreait.com\/hu\/termek\/manhattan-pi2009865x2a-soros-2-portos-pci-kartya-ip-n45-5120-00-00012-2\/","title":{"rendered":"MANHATTAN PI2009865X2A soros 2 portos PCI k\u00e1rtya IP-N45-5120-00-00012"},"content":{"rendered":"<p>A MANHATTAN PI2009865X2A soros 2 portos PCI-k\u00e1rtya IP-N45-5120-00-00012 az a megold\u00e1s, amelyre sz\u00fcks\u00e9ge van a rendszer csatlakoztathat\u00f3s\u00e1g\u00e1nak b\u0151v\u00edt\u00e9s\u00e9hez. K\u00e9t tov\u00e1bbi soros porttal ez a PCI-k\u00e1rtya lehet\u0151v\u00e9 teszi sz\u00e1mos eszk\u00f6z csatlakoztat\u00e1s\u00e1t, a soros nyomtat\u00f3kt\u00f3l a modemekig stb.<\/p>\n<p>F\u0151bb jellemz\u0151k:<\/p>\n<ul>\n<li>Soros port b\u0151v\u00edt\u00e9s: k\u00e9t soros portot ad a rendszerhez.<\/li>\n<li>Kompatibilit\u00e1s: Sz\u00e1mos eszk\u00f6zzel \u00e9s alkalmaz\u00e1ssal m\u0171k\u00f6dik.<\/li>\n<li>Egyszer\u0171 telep\u00edt\u00e9s: Ez a PCI-k\u00e1rtya egyszer\u0171en telep\u00edthet\u0151 a rendszer\u00e9be.<\/li>\n<li>MANHATTAN min\u0151s\u00e9g: B\u00edzzon a MANHATTAN term\u00e9kek min\u0151s\u00e9g\u00e9ben \u00e9s megb\u00edzhat\u00f3s\u00e1g\u00e1ban.<\/li>\n<\/ul>\n<p>Ak\u00e1r r\u00e9gebbi eszk\u00f6z\u00f6ket kell csatlakoztatnia, t\u00f6bb soros kapcsolatot kell kezelnie, vagy b\u0151v\u00edtenie kell rendszere k\u00e9pess\u00e9geit, ez a PCI-k\u00e1rtya biztos\u00edtja a sz\u00fcks\u00e9ges sokoldal\u00fas\u00e1got.<\/p>\n<p>K\u00e9rj\u00fck, vegye figyelembe, hogy ez a lista val\u00f3di f\u00e9nyk\u00e9peket tartalmaz a MANHATTAN PI2009865X2A soros 2 portos PCI-k\u00e1rtya IP-N45-5120-00-00012-r\u0151l, \u00e9s nem tartalmazza a telep\u00edt\u00e9si utas\u00edt\u00e1sokat. Ha b\u00e1rmilyen k\u00e9rd\u00e9se van, vagy tov\u00e1bbi inform\u00e1ci\u00f3ra van sz\u00fcks\u00e9ge, k\u00e9rj\u00fck, forduljon hozz\u00e1nk bizalommal. B\u0151v\u00edtse rendszer\u00e9nek csatlakoztathat\u00f3s\u00e1g\u00e1t a MANHATTAN Serial 2 Port PCI k\u00e1rty\u00e1val, \u00e9s \u00e9lvezze a z\u00f6kken\u0151mentes csatlakoz\u00e1sokat eszk\u00f6zei \u00e9s alkalmaz\u00e1sai sz\u00e1m\u00e1ra.<\/p>\n","protected":false},"excerpt":{"rendered":"<p>N\u00f6velje rendszere k\u00e9pess\u00e9geit a MANHATTAN PI2009865X2A soros 2 portos PCI-k\u00e1rty\u00e1val, IP-N45-5120-00-00012. Ezt a PCI-k\u00e1rty\u00e1t \u00fagy tervezt\u00e9k, hogy k\u00e9t tov\u00e1bbi soros portot biztos\u00edtson a z\u00f6kken\u0151mentes csatlakoz\u00e1s \u00e9rdek\u00e9ben. Ez a k\u00fcl\u00f6nf\u00e9le alkalmaz\u00e1sokhoz ide\u00e1lis k\u00e1rtya megb\u00edzhat\u00f3 teljes\u00edtm\u00e9nyt \u00e9s kompatibilit\u00e1st k\u00edn\u00e1l a rendszerrel.<\/p>\n","protected":false},"featured_media":4380,"template":"","meta":[],"product_brand":[],"product_cat":[27],"product_tag":[],"class_list":{"0":"post-4340","1":"product","2":"type-product","3":"status-publish","4":"has-post-thumbnail","6":"product_cat-motherboards-board-parts","8":"first","9":"instock","10":"taxable","11":"shipping-taxable","12":"purchasable","13":"product-type-simple"},"_links":{"self":[{"href":"https:\/\/boreait.com\/hu\/wp-json\/wp\/v2\/product\/4340","targetHints":{"allow":["GET"]}}],"collection":[{"href":"https:\/\/boreait.com\/hu\/wp-json\/wp\/v2\/product"}],"about":[{"href":"https:\/\/boreait.com\/hu\/wp-json\/wp\/v2\/types\/product"}],"wp:featuredmedia":[{"embeddable":true,"href":"https:\/\/boreait.com\/hu\/wp-json\/wp\/v2\/media\/4380"}],"wp:attachment":[{"href":"https:\/\/boreait.com\/hu\/wp-json\/wp\/v2\/media?parent=4340"}],"wp:term":[{"taxonomy":"product_brand","embeddable":true,"href":"https:\/\/boreait.com\/hu\/wp-json\/wp\/v2\/product_brand?post=4340"},{"taxonomy":"product_cat","embeddable":true,"href":"https:\/\/boreait.com\/hu\/wp-json\/wp\/v2\/product_cat?post=4340"},{"taxonomy":"product_tag","embeddable":true,"href":"https:\/\/boreait.com\/hu\/wp-json\/wp\/v2\/product_tag?post=4340"}],"curies":[{"name":"wp","href":"https:\/\/api.w.org\/{rel}","templated":true}]}}