{"id":433,"date":"2025-09-17T09:26:57","date_gmt":"2025-09-17T07:26:57","guid":{"rendered":"https:\/\/boreait.com\/hu\/?post_type=product&#038;p=433"},"modified":"2026-01-14T08:32:59","modified_gmt":"2026-01-14T07:32:59","slug":"intel-ultimate-n-6300-mini-pci-e-wifi-vezetek-nelkuli-halozati-kartya-633anhmw","status":"publish","type":"product","link":"https:\/\/boreait.com\/hu\/termek\/intel-ultimate-n-6300-mini-pci-e-wifi-vezetek-nelkuli-halozati-kartya-633anhmw\/","title":{"rendered":"Intel Ultimate-n 6300 Mini Pci-e WiFi vezet\u00e9k n\u00e9lk\u00fcli h\u00e1l\u00f3zati k\u00e1rtya 633anhmw"},"content":{"rendered":"<div class=\"group w-full text-gray-800 dark:text-gray-100 border-b border-black\/10 dark:border-gray-900\/50 bg-gray-50 dark:bg-[#444654]\">\n<div class=\"flex p-4 gap-4 text-base md:gap-6 md:max-w-2xl lg:max-w-[38rem] xl:max-w-3xl md:py-6 lg:px-0 m-auto\">\n<div class=\"relat\u00edv flex w-[calc(100%-50px)] flex-col gap-1 md:gap-3 lg:w-[calc(100%-115px)]\">\n<div class=\"flex flex-grow flex-col gap-3\">\n<div class=\"min-h-[20px] flex flex-col items-start gap-4 whitespace-pre-wrap break-words\">\n<div class=\"markdown prose w-full break-words dark:prose-invert light\">\n<p>A 633ANHMW k\u00e1rtya a PCI Express Mini Card form\u00e1tumot haszn\u00e1lja, amely egy kompakt kialak\u00edt\u00e1s, amelyet \u00e1ltal\u00e1ban laptopokban haszn\u00e1lnak vezet\u00e9k n\u00e9lk\u00fcli csatlakoz\u00e1shoz. Kompatibilis az IEEE 802.11a\/b\/g\/n szabv\u00e1nnyal, megb\u00edzhat\u00f3 vezet\u00e9k n\u00e9lk\u00fcli kapcsolatot k\u00edn\u00e1l, \u00e9s visszafel\u00e9 kompatibilis a r\u00e9gebbi Wi-Fi szabv\u00e1nyokkal.<\/p>\n<p>Az Intel Ultimate-N 6300 k\u00e1rtya h\u00e1rom t\u00e9rbeli adatfolyamot t\u00e1mogat, \u00e9s a 2,4 GHz-es \u00e9s az 5 GHz-es frekvencias\u00e1von is m\u0171k\u00f6dik, \u00edgy nagyobb adat\u00e1tviteli sebess\u00e9get \u00e9s jobb jelmin\u0151s\u00e9get biztos\u00edt. Multi-input multiple-output (MIMO) technol\u00f3gi\u00e1j\u00e1val gyorsabb \u00e9s megb\u00edzhat\u00f3bb vezet\u00e9k n\u00e9lk\u00fcli kapcsolatot k\u00edn\u00e1l, cs\u00f6kkentve a jelinterferencia \u00e9s a csomagveszt\u00e9s val\u00f3sz\u00edn\u0171s\u00e9g\u00e9t.<\/p>\n<p>Az Intel fejlett vezet\u00e9k n\u00e9lk\u00fcli technol\u00f3gi\u00e1j\u00e1val rendelkez\u0151 Ultimate-N 6300 k\u00e1rtya ak\u00e1r 450 Mb\/s vezet\u00e9k n\u00e9lk\u00fcli sebess\u00e9get is t\u00e1mogat, lehet\u0151v\u00e9 t\u00e9ve a z\u00f6kken\u0151mentes streamel\u00e9st, online j\u00e1t\u00e9kot \u00e9s adatig\u00e9nyes feladatokat. Ezenk\u00edv\u00fcl sz\u00e1mos biztons\u00e1gi funkci\u00f3t t\u00e1mogat, bele\u00e9rtve a WPA \u00e9s WPA2 titkos\u00edt\u00e1st, \u00edgy biztos\u00edtva a biztons\u00e1gos vezet\u00e9k n\u00e9lk\u00fcli kommunik\u00e1ci\u00f3t.<\/p>\n<p>A 633ANHMW k\u00e1rtya robusztus teljes\u00edtm\u00e9ny\u00e9r\u0151l \u00e9s stabilit\u00e1s\u00e1r\u00f3l ismert, \u00edgy alkalmas olyan ig\u00e9nyes alkalmaz\u00e1sokhoz \u00e9s helyzetekhez, ahol a megb\u00edzhat\u00f3 vezet\u00e9k n\u00e9lk\u00fcli kapcsolat kulcsfontoss\u00e1g\u00fa. N\u00e9pszer\u0171 v\u00e1laszt\u00e1s azoknak a felhaszn\u00e1l\u00f3knak, akik nagy sebess\u00e9g\u0171 \u00e9s megb\u00edzhat\u00f3 vezet\u00e9k n\u00e9lk\u00fcli kapcsolatot ig\u00e9nyelnek laptopjukhoz vagy kism\u00e9ret\u0171 eszk\u00f6zeikhez.<\/p>\n<p>\u00d6sszess\u00e9g\u00e9ben az Intel Ultimate-N 6300 Mini PCI-E WiFi vezet\u00e9k n\u00e9lk\u00fcli h\u00e1l\u00f3zati k\u00e1rtya (633ANHMW) kiv\u00e1l\u00f3 vezet\u00e9k n\u00e9lk\u00fcli teljes\u00edtm\u00e9nyt, fejlett funkci\u00f3kat \u00e9s megb\u00edzhat\u00f3 csatlakoz\u00e1st k\u00edn\u00e1l, \u00edgy ide\u00e1lis v\u00e1laszt\u00e1s azok sz\u00e1m\u00e1ra, akik megl\u00e9v\u0151 vezet\u00e9k n\u00e9lk\u00fcli h\u00e1l\u00f3zati k\u00e1rty\u00e1juk friss\u00edt\u00e9s\u00e9t vagy cser\u00e9j\u00e9t keresik.<\/p>\n<\/div>\n<\/div>\n<\/div>\n<\/div>\n<\/div>\n<\/div>\n","protected":false},"excerpt":{"rendered":"<p>Az Intel Ultimate-N 6300 Mini PCI-E WiFi vezet\u00e9k n\u00e9lk\u00fcli h\u00e1l\u00f3zati k\u00e1rtya (633ANHMW) egy nagy teljes\u00edtm\u00e9ny\u0171 vezet\u00e9k n\u00e9lk\u00fcli h\u00e1l\u00f3zati k\u00e1rtya, amelyet laptopokban \u00e9s kism\u00e9ret\u0171 eszk\u00f6z\u00f6kben val\u00f3 haszn\u00e1latra terveztek. A kiv\u00e1l\u00f3 min\u0151s\u00e9g\u0171 sz\u00e1m\u00edt\u00f3g\u00e9p-alkatr\u00e9szeir\u0151l ismert neves technol\u00f3giai v\u00e1llalat, az Intel gy\u00e1rtja.<\/p>\n","protected":false},"featured_media":498,"template":"","meta":[],"product_brand":[],"product_cat":[27],"product_tag":[],"class_list":{"0":"post-433","1":"product","2":"type-product","3":"status-publish","4":"has-post-thumbnail","6":"product_cat-motherboards-board-parts","8":"first","9":"instock","10":"taxable","11":"shipping-taxable","12":"purchasable","13":"product-type-simple"},"_links":{"self":[{"href":"https:\/\/boreait.com\/hu\/wp-json\/wp\/v2\/product\/433","targetHints":{"allow":["GET"]}}],"collection":[{"href":"https:\/\/boreait.com\/hu\/wp-json\/wp\/v2\/product"}],"about":[{"href":"https:\/\/boreait.com\/hu\/wp-json\/wp\/v2\/types\/product"}],"wp:featuredmedia":[{"embeddable":true,"href":"https:\/\/boreait.com\/hu\/wp-json\/wp\/v2\/media\/498"}],"wp:attachment":[{"href":"https:\/\/boreait.com\/hu\/wp-json\/wp\/v2\/media?parent=433"}],"wp:term":[{"taxonomy":"product_brand","embeddable":true,"href":"https:\/\/boreait.com\/hu\/wp-json\/wp\/v2\/product_brand?post=433"},{"taxonomy":"product_cat","embeddable":true,"href":"https:\/\/boreait.com\/hu\/wp-json\/wp\/v2\/product_cat?post=433"},{"taxonomy":"product_tag","embeddable":true,"href":"https:\/\/boreait.com\/hu\/wp-json\/wp\/v2\/product_tag?post=433"}],"curies":[{"name":"wp","href":"https:\/\/api.w.org\/{rel}","templated":true}]}}