{"id":432,"date":"2025-09-17T09:26:57","date_gmt":"2025-09-17T07:26:57","guid":{"rendered":"https:\/\/boreait.com\/hu\/?post_type=product&#038;p=432"},"modified":"2026-01-14T08:32:42","modified_gmt":"2026-01-14T07:32:42","slug":"eredeti-dell-latitude-e5250-e5550-wifi-vezetek-nelkuli-wi-fi-alapkartya-0k57gx","status":"publish","type":"product","link":"https:\/\/boreait.com\/hu\/termek\/eredeti-dell-latitude-e5250-e5550-wifi-vezetek-nelkuli-wi-fi-alapkartya-0k57gx\/","title":{"rendered":"Eredeti Dell Latitude E5250 E5550 Wifi vezet\u00e9k n\u00e9lk\u00fcli Wi-Fi alapk\u00e1rtya 0K57GX"},"content":{"rendered":"<p>OMHK36 NT*<\/p>\n<p>WLANA F\u0150 AUX Intel\u00ae Dual Band WirelesSHOW modell: 1 CCAH14LP0290TO K\u00edn\u00e1ban gy\u00e1rtott FCC azonos\u00edt\u00f3: PD97265NGU<\/p>\n<p>CN-0K57GX-36214-5BG-OMCO-A00 D P\/N:0K57GX REV A00 WFM: 185E0FC7E3A4 BDM: 185E0FC7E3A8 TA: H59954-003<\/p>\n<p>Az eredeti Dell Latitude E5250 E5550 Wifi vezet\u00e9k n\u00e9lk\u00fcli Wi-Fi k\u00e1rtya 0K57GX a Dell Latitude E5250 \u00e9s E5550 laptopok alapvet\u0151 \u00f6sszetev\u0151je, amelyet megb\u00edzhat\u00f3 \u00e9s gyors Wi-Fi kapcsolat biztos\u00edt\u00e1s\u00e1ra terveztek. Ez az eredeti Dell vezet\u00e9k n\u00e9lk\u00fcli h\u00e1l\u00f3zati k\u00e1rtya z\u00f6kken\u0151mentes vezet\u00e9k n\u00e9lk\u00fcli h\u00e1l\u00f3zati lehet\u0151s\u00e9geket biztos\u00edt, lehet\u0151v\u00e9 t\u00e9ve, hogy kapcsolatban maradjon a Wi-Fi h\u00e1l\u00f3zatokkal k\u00fcl\u00f6nf\u00e9le online tev\u00e9kenys\u00e9gekhez.<\/p>\n<p>Az eredeti Dell Latitude E5250 E5550 Wifi Wi-Fi k\u00e1rtya 0K57GX seg\u00edts\u00e9g\u00e9vel nagy sebess\u00e9g\u0171 vezet\u00e9k n\u00e9lk\u00fcli internet-hozz\u00e1f\u00e9r\u00e9st \u00e9lvezhet, b\u00f6ng\u00e9szhet az interneten, streamelhet m\u00e9di\u00e1t, let\u00f6lthet f\u00e1jlokat, \u00e9s k\u00f6nnyed\u00e9n csatlakozhat online szolg\u00e1ltat\u00e1sokhoz. A k\u00e1rtya kompatibilis a szabv\u00e1nyos Wi-Fi protokollokkal, \u00e9s megb\u00edzhat\u00f3 teljes\u00edtm\u00e9nyt k\u00edn\u00e1l, biztos\u00edtva a stabil \u00e9s konzisztens kapcsolatokat.<\/p>\n<p>Az eredeti Dell Latitude E5250 E5550 Wifi vezet\u00e9k n\u00e9lk\u00fcli Wi-Fi k\u00e1rtya 0K57GX telep\u00edt\u00e9se egyszer\u0171 \u00e9s probl\u00e9mamentes. Egyszer\u0171en cser\u00e9lje ki megl\u00e9v\u0151 Wi-Fi-k\u00e1rty\u00e1j\u00e1t erre az eredeti Dell-alkatr\u00e9szre, k\u00f6vesse a mell\u00e9kelt utas\u00edt\u00e1sokat, vagy k\u00e9rjen szak\u00e9rt\u0151i seg\u00edts\u00e9get, ha sz\u00fcks\u00e9ges. A telep\u00edt\u00e9st k\u00f6vet\u0151en tov\u00e1bbfejlesztett vezet\u00e9k n\u00e9lk\u00fcli csatlakoz\u00e1st tapasztalhat meg Dell Latitude E5250 vagy E5550 laptopj\u00e1n.<\/p>\n<p>Eredeti Dell term\u00e9kk\u00e9nt az Eredeti Dell Latitude E5250 E5550 Wifi vezet\u00e9k n\u00e9lk\u00fcli Wi-Fi k\u00e1rtya 0K57GX garant\u00e1lja a kompatibilit\u00e1st \u00e9s a megb\u00edzhat\u00f3s\u00e1got. Szigor\u00fa min\u0151s\u00e9g-ellen\u0151rz\u00e9si int\u00e9zked\u00e9seken megy kereszt\u00fcl az optim\u00e1lis teljes\u00edtm\u00e9ny \u00e9s tart\u00f3ss\u00e1g biztos\u00edt\u00e1sa \u00e9rdek\u00e9ben. Ha ezt az eredeti Dell vezet\u00e9k n\u00e9lk\u00fcli h\u00e1l\u00f3zati k\u00e1rty\u00e1t v\u00e1lasztja, b\u00edzhat abban, hogy a gy\u00e1rt\u00f3 szabv\u00e1nyainak megfelel\u0151, kiv\u00e1l\u00f3 min\u0151s\u00e9g\u0171 alkatr\u00e9szbe fektet be.<\/p>\n<p>Friss\u00edtse Dell Latitude laptopj\u00e1t az Eredeti Dell Latitude E5250 E5550 Wifi vezet\u00e9k n\u00e9lk\u00fcli Wi-Fi Board Card 0K57GX k\u00e1rty\u00e1val, \u00e9s \u00e9lvezze a gyors, megb\u00edzhat\u00f3 \u00e9s z\u00f6kken\u0151mentes Wi-Fi-kapcsolatot. Maradjon kapcsolatban a vezet\u00e9k n\u00e9lk\u00fcli h\u00e1l\u00f3zatokkal, b\u00f6ng\u00e9sszen az interneten, \u00e9s megszak\u00edt\u00e1s n\u00e9lk\u00fcl \u00e9rje el az online szolg\u00e1ltat\u00e1sokat, mindezt \u00fagy, hogy egy eredeti Dell vezet\u00e9k n\u00e9lk\u00fcli h\u00e1l\u00f3zati k\u00e1rty\u00e1t haszn\u00e1l.<\/p>\n","protected":false},"excerpt":{"rendered":"<p>Az eredeti Dell Latitude E5250 E5550 Wifi vezet\u00e9k n\u00e9lk\u00fcli Wi-Fi k\u00e1rtya 0K57GX egy kiv\u00e1l\u00f3 min\u0151s\u00e9g\u0171 vezet\u00e9k n\u00e9lk\u00fcli h\u00e1l\u00f3zati k\u00e1rtya, amelyet kifejezetten a Dell Latitude E5250 \u00e9s E5550 laptopokhoz terveztek. Ez az eredeti Dell alkatr\u00e9sz megb\u00edzhat\u00f3 \u00e9s gyors Wi-Fi-kapcsolatot biztos\u00edt, lehet\u0151v\u00e9 t\u00e9ve, hogy kapcsolatban maradjon a vezet\u00e9k n\u00e9lk\u00fcli h\u00e1l\u00f3zatokkal az internetb\u00f6ng\u00e9sz\u00e9s, az online szolg\u00e1ltat\u00e1sok el\u00e9r\u00e9se \u00e9s m\u00e9g sok m\u00e1s \u00e9rdek\u00e9ben. Friss\u00edtse Dell Latitude laptopj\u00e1t az Eredeti Dell Latitude E5250 E5550 Wifi vezet\u00e9k n\u00e9lk\u00fcli Wi-Fi k\u00e1rtya 0K57GX k\u00e1rty\u00e1val a z\u00f6kken\u0151mentes vezet\u00e9k n\u00e9lk\u00fcli h\u00e1l\u00f3zati \u00e9lm\u00e9ny \u00e9rdek\u00e9ben.<\/p>\n","protected":false},"featured_media":497,"template":"","meta":[],"product_brand":[],"product_cat":[27],"product_tag":[17],"class_list":{"0":"post-432","1":"product","2":"type-product","3":"status-publish","4":"has-post-thumbnail","6":"product_cat-motherboards-board-parts","7":"product_tag-dell","9":"first","10":"instock","11":"taxable","12":"shipping-taxable","13":"purchasable","14":"product-type-simple"},"_links":{"self":[{"href":"https:\/\/boreait.com\/hu\/wp-json\/wp\/v2\/product\/432","targetHints":{"allow":["GET"]}}],"collection":[{"href":"https:\/\/boreait.com\/hu\/wp-json\/wp\/v2\/product"}],"about":[{"href":"https:\/\/boreait.com\/hu\/wp-json\/wp\/v2\/types\/product"}],"wp:featuredmedia":[{"embeddable":true,"href":"https:\/\/boreait.com\/hu\/wp-json\/wp\/v2\/media\/497"}],"wp:attachment":[{"href":"https:\/\/boreait.com\/hu\/wp-json\/wp\/v2\/media?parent=432"}],"wp:term":[{"taxonomy":"product_brand","embeddable":true,"href":"https:\/\/boreait.com\/hu\/wp-json\/wp\/v2\/product_brand?post=432"},{"taxonomy":"product_cat","embeddable":true,"href":"https:\/\/boreait.com\/hu\/wp-json\/wp\/v2\/product_cat?post=432"},{"taxonomy":"product_tag","embeddable":true,"href":"https:\/\/boreait.com\/hu\/wp-json\/wp\/v2\/product_tag?post=432"}],"curies":[{"name":"wp","href":"https:\/\/api.w.org\/{rel}","templated":true}]}}