{"id":4304,"date":"2025-09-17T10:55:53","date_gmt":"2025-09-17T08:55:53","guid":{"rendered":"https:\/\/boreait.com\/hu\/?post_type=product&#038;p=4304"},"modified":"2025-09-17T10:56:48","modified_gmt":"2025-09-17T08:56:48","slug":"eredeti-lenovo-thinkcentre-m700-m800-56-tus-haz-homerseklet-erzekelo-kabel-04x2767","status":"publish","type":"product","link":"https:\/\/boreait.com\/hu\/termek\/eredeti-lenovo-thinkcentre-m700-m800-56-tus-haz-homerseklet-erzekelo-kabel-04x2767\/","title":{"rendered":"Eredeti Lenovo ThinkCentre M700 M800 56 t\u0171s h\u00e1z h\u0151m\u00e9rs\u00e9klet-\u00e9rz\u00e9kel\u0151 k\u00e1bel 04X2767"},"content":{"rendered":"<p>Tapasztalja meg az eredeti Lenovo ThinkCentre M700 M800 56 t\u0171s h\u00e1zh\u0151m\u00e9rs\u00e9klet-\u00e9rz\u00e9kel\u0151 k\u00e1bel (cikksz\u00e1m: 04X2767) nyugalm\u00e1t \u00e9s megn\u00f6velt teljes\u00edtm\u00e9ny\u00e9t. Ezt az alapvet\u0151 k\u00e1belt \u00fagy tervezt\u00e9k, hogy z\u00f6kken\u0151mentesen m\u0171k\u00f6dj\u00f6n egy\u00fctt Lenovo ThinkCentre M800 asztali sz\u00e1m\u00edt\u00f3g\u00e9p\u00e9vel, biztos\u00edtva, hogy a megfelel\u0151 h\u0151m\u00e9rs\u00e9kleten \u00e9s tov\u00e1bbra is hib\u00e1tlanul m\u0171k\u00f6dj\u00f6n.<\/p>\n<p>F\u0151bb jellemz\u0151k:<\/p>\n<ul>\n<li>Alkatr\u00e9szsz\u00e1m: 04X2767<\/li>\n<li>Kompatibilit\u00e1s: Lenovo ThinkCentre M700 &amp; M800<\/li>\n<li>56 t\u0171s k\u00e1bel a pontos h\u0151m\u00e9rs\u00e9klet-figyel\u00e9shez<\/li>\n<li>Megakad\u00e1lyozza a t\u00falmeleged\u00e9st \u00e9s biztos\u00edtja az asztali sz\u00e1m\u00edt\u00f3g\u00e9p megb\u00edzhat\u00f3s\u00e1g\u00e1t<\/li>\n<\/ul>\n<p>Ez a h\u0151m\u00e9rs\u00e9klet-\u00e9rz\u00e9kel\u0151 k\u00e1bel egy eredeti Lenovo-alkatr\u00e9sz, amelyet a legmagasabb szabv\u00e1nyok szerint gy\u00e1rtottak, \u00e9s garant\u00e1lja, hogy az asztali sz\u00e1m\u00edt\u00f3g\u00e9p h\u0171v\u00f6s marad nagy munkaterhel\u00e9s vagy hosszabb haszn\u00e1lat mellett. Ez kulcsfontoss\u00e1g\u00fa r\u00e9sze az optim\u00e1lis teljes\u00edtm\u00e9ny fenntart\u00e1s\u00e1nak \u00e9s az asztali sz\u00e1m\u00edt\u00f3g\u00e9p hossz\u00fa \u00e9lettartam\u00e1nak.<\/p>\n<p>K\u00e9rj\u00fck, vegye figyelembe, hogy ez a lista val\u00f3di f\u00e9nyk\u00e9peket tartalmaz az Eredeti Lenovo ThinkCentre M700 M800 56 t\u0171s h\u00e1z h\u0151m\u00e9rs\u00e9klet-\u00e9rz\u00e9kel\u0151 k\u00e1bel\u00e9r\u0151l (cikksz\u00e1m: 04X2767). Telep\u00edt\u00e9si \u00fatmutat\u00f3 nem tal\u00e1lhat\u00f3, de ha b\u00e1rmilyen k\u00e9rd\u00e9se van, vagy seg\u00edts\u00e9gre van sz\u00fcks\u00e9ge, forduljon bizalommal. Fektessen be ebbe az eredeti Lenovo k\u00e1belbe, \u00e9s biztos\u00edtsa, hogy ThinkCentre M800 a lehet\u0151 legjobban m\u0171k\u00f6dj\u00f6n.<\/p>\n","protected":false},"excerpt":{"rendered":"<p>T\u00f6k\u00e9letes\u00edtse Lenovo ThinkCentre M700 &amp; Az M800 teljes\u00edtm\u00e9nye \u00e9s megb\u00edzhat\u00f3s\u00e1ga ezzel az eredeti Lenovo Case h\u0151m\u00e9rs\u00e9klet-\u00e9rz\u00e9kel\u0151 k\u00e1bellel (cikksz\u00e1m: 04X2767). Ez az alapvet\u0151 komponens biztos\u00edtja, hogy asztala megfelel\u0151 h\u0151m\u00e9rs\u00e9kleten maradjon, megel\u0151zve a t\u00falmeleged\u00e9st \u00e9s fenntartva az optim\u00e1lis teljes\u00edtm\u00e9nyt.<\/p>\n","protected":false},"featured_media":4351,"template":"","meta":[],"product_brand":[],"product_cat":[20],"product_tag":[26],"class_list":{"0":"post-4304","1":"product","2":"type-product","3":"status-publish","4":"has-post-thumbnail","6":"product_cat-cables","7":"product_tag-lenovo","9":"first","10":"instock","11":"taxable","12":"shipping-taxable","13":"purchasable","14":"product-type-simple"},"_links":{"self":[{"href":"https:\/\/boreait.com\/hu\/wp-json\/wp\/v2\/product\/4304","targetHints":{"allow":["GET"]}}],"collection":[{"href":"https:\/\/boreait.com\/hu\/wp-json\/wp\/v2\/product"}],"about":[{"href":"https:\/\/boreait.com\/hu\/wp-json\/wp\/v2\/types\/product"}],"wp:featuredmedia":[{"embeddable":true,"href":"https:\/\/boreait.com\/hu\/wp-json\/wp\/v2\/media\/4351"}],"wp:attachment":[{"href":"https:\/\/boreait.com\/hu\/wp-json\/wp\/v2\/media?parent=4304"}],"wp:term":[{"taxonomy":"product_brand","embeddable":true,"href":"https:\/\/boreait.com\/hu\/wp-json\/wp\/v2\/product_brand?post=4304"},{"taxonomy":"product_cat","embeddable":true,"href":"https:\/\/boreait.com\/hu\/wp-json\/wp\/v2\/product_cat?post=4304"},{"taxonomy":"product_tag","embeddable":true,"href":"https:\/\/boreait.com\/hu\/wp-json\/wp\/v2\/product_tag?post=4304"}],"curies":[{"name":"wp","href":"https:\/\/api.w.org\/{rel}","templated":true}]}}